{"id":30582,"date":"2024-04-09T22:50:19","date_gmt":"2024-04-09T22:50:19","guid":{"rendered":"https:\/\/cheveuxluxe.com\/index.php\/product\/schwarzkopf-silhouette-super-spray-300ml\/"},"modified":"2024-04-13T14:05:02","modified_gmt":"2024-04-13T14:05:02","slug":"schwarzkopf-silhouette-super-spray-300ml","status":"publish","type":"product","link":"https:\/\/cheveuxluxe.com\/index.php\/product\/schwarzkopf-silhouette-super-spray-300ml\/","title":{"rendered":"Schwarzkopf Silhouette Super Spray 300ml"},"content":{"rendered":"<div class=\"product-content_bottom\">\n<div class=\"pdp-info\">\n<div class=\"pdp-delivery_information\"><span class=\"pdp-delivery_label\">Information importante :<\/span> L&#8217;emballage ext\u00e9rieur peut varier<\/div>\n<div class=\"pdp-tabs tab-container\">\n<div class=\"tab js-tab\">\n<h3 class=\"tab-title pdp-tabs_title js-tab-mobile-title open\"><span>Points cl\u00e9s<\/span><\/h3>\n<div class=\"tab-description pdp-tabs_description js-tab-description open\" itemprop=\"description\">\n<ul>\n<li> Fixation extra forte<\/li>\n<li> Tenue longue dur\u00e9e<\/li>\n<li>Brillance intense<\/li>\n<li>S\u2019\u00e9limine facilement<\/li>\n<li>Ne colle pas <\/li>\n<\/ul>\n<\/div>\n<\/div>\n<div class=\"tab js-tab\">\n<h3 class=\"tab-title pdp-tabs_title js-tab-mobile-title\"><span>Description<\/span><\/h3>\n<div class=\"tab-description pdp-tabs_description js-tab-description\" itemprop=\"description\">Gr\u00e2ce au spray Silhouette Super Hold de Schwarzkopf, votre cr\u00e9ativit\u00e9 ne connait plus de limites. Les agents de fixation longue tenue que le produit renferme vous permettent de modeler sans difficult\u00e9 les coupes dont r\u00eavent vos clientes, et \u00e0 les faire tenir dans le temps. Elles n\u2019auront plus peur de l\u2019humidit\u00e9 ou du vent et resteront bien peign\u00e9es en toute circonstance.Le spray contient des polym\u00e8res filmog\u00e8nes micronis\u00e9s, qui fixent la coiffure et lui apportent une brillance suppl\u00e9mentaire. Sa texture a\u00e9rienne maintient la chevelure en place sans l\u2019alourdir. Elle garde ainsi son mouvement et sa vitalit\u00e9. Dites adieu au toucher cartonn\u00e9 peu naturel de certains produits de finition.Le spray s\u00e8che tr\u00e8s rapidement et le soir, il s\u2019enl\u00e8ve en un coup de brosse, sans qu\u2019il soit n\u00e9cessaire de se laver les cheveux.<\/div>\n<\/div>\n<div class=\"tab js-tab\">\n<h3 class=\"tab-title pdp-tabs_title js-tab-mobile-title\"><span>Mode d&#8217;emploi<\/span><\/h3>\n<div class=\"tab-description pdp-tabs_description js-tab-description\">Vaporisez sur la chevelure en tenant le spray \u00e0 quelques centim\u00e8tres de la t\u00eate et proc\u00e9dez au coiffage.<\/div>\n<\/div>\n<div class=\"tab js-tab\">\n<h3 class=\"tab-title pdp-tabs_title js-tab-mobile-title\"><span>Ingr\u00e9dients<\/span><\/h3>\n<div class=\"tab-description pdp-tabs_description js-tab-description\">Aqua, Parfum, Dimethyl Ether, Octylacrylamide, Acrylates, Butylaminoethyl Methacrylate Copolymer, Aminomethyl Propanol, Alcohol denat., Benzyl Alcohol<\/div>\n<\/div>\n<div class=\"tab js-tab\">\n<h3 class=\"tab-title pdp-tabs_title js-tab-mobile-title\"><span>Livraison et stock<\/span><\/h3>\n<div class=\"tab-description pdp-tabs_description js-tab-description\">\n<div class=\"pdp-delivery_info\">\n<div class=\"content-asset\">Livraison et d\u00e9laisRetours et remboursements<\/div>\n<\/div>\n<\/div>\n<\/div>\n<\/div>\n<\/div>\n<\/div>\n","protected":false},"excerpt":{"rendered":"<p>Information importante : L&#8217;emballage ext\u00e9rieur peut varier Points cl\u00e9s Fixation extra forte Tenue longue dur\u00e9e&hellip;<\/p>\n","protected":false},"featured_media":30581,"comment_status":"open","ping_status":"closed","template":"","meta":[],"pwb-brand":[646],"product_cat":[596],"product_tag":[128,319,127],"class_list":{"0":"post-30582","1":"product","2":"type-product","3":"status-publish","4":"has-post-thumbnail","6":"pwb-brand-schwarzkopf-professional","7":"product_cat-produit-coiffant-et-fixant","8":"product_tag-produit-coiffant-et-fixant","9":"product_tag-schwarzkopf-professional","10":"product_tag-shampooing-et-coiffure","12":"first","13":"instock","14":"taxable","15":"shipping-taxable","16":"purchasable","17":"product-type-simple","18":"layout-style-3","19":"col-md-4 col-sm-4 col-xs-6","20":"col-lg-3","21":"product-style-default"},"aioseo_notices":[],"brands":[{"id":646,"name":"Schwarzkopf Professional","slug":"schwarzkopf-professional"}],"_links":{"self":[{"href":"https:\/\/cheveuxluxe.com\/index.php\/wp-json\/wp\/v2\/product\/30582","targetHints":{"allow":["GET"]}}],"collection":[{"href":"https:\/\/cheveuxluxe.com\/index.php\/wp-json\/wp\/v2\/product"}],"about":[{"href":"https:\/\/cheveuxluxe.com\/index.php\/wp-json\/wp\/v2\/types\/product"}],"replies":[{"embeddable":true,"href":"https:\/\/cheveuxluxe.com\/index.php\/wp-json\/wp\/v2\/comments?post=30582"}],"version-history":[{"count":0,"href":"https:\/\/cheveuxluxe.com\/index.php\/wp-json\/wp\/v2\/product\/30582\/revisions"}],"wp:featuredmedia":[{"embeddable":true,"href":"https:\/\/cheveuxluxe.com\/index.php\/wp-json\/wp\/v2\/media\/30581"}],"wp:attachment":[{"href":"https:\/\/cheveuxluxe.com\/index.php\/wp-json\/wp\/v2\/media?parent=30582"}],"wp:term":[{"taxonomy":"pwb-brand","embeddable":true,"href":"https:\/\/cheveuxluxe.com\/index.php\/wp-json\/wp\/v2\/pwb-brand?post=30582"},{"taxonomy":"product_cat","embeddable":true,"href":"https:\/\/cheveuxluxe.com\/index.php\/wp-json\/wp\/v2\/product_cat?post=30582"},{"taxonomy":"product_tag","embeddable":true,"href":"https:\/\/cheveuxluxe.com\/index.php\/wp-json\/wp\/v2\/product_tag?post=30582"}],"curies":[{"name":"wp","href":"https:\/\/api.w.org\/{rel}","templated":true}]}}