{"id":30607,"date":"2024-04-09T22:51:40","date_gmt":"2024-04-09T22:51:40","guid":{"rendered":"https:\/\/cheveuxluxe.com\/index.php\/product\/schwarzkopf-osis-refresh-dust-300ml\/"},"modified":"2024-04-13T14:05:07","modified_gmt":"2024-04-13T14:05:07","slug":"schwarzkopf-osis-refresh-dust-300ml","status":"publish","type":"product","link":"https:\/\/cheveuxluxe.com\/index.php\/product\/schwarzkopf-osis-refresh-dust-300ml\/","title":{"rendered":"Schwarzkopf Osis+ Refresh Dust 300ml"},"content":{"rendered":"<div class=\"product-content_bottom\">\n<div class=\"pdp-info\">\n<div class=\"pdp-tabs tab-container\">\n<div class=\"tab js-tab\">\n<h3 class=\"tab-title pdp-tabs_title js-tab-mobile-title open\"><span>Points cl\u00e9s<\/span><\/h3>\n<div class=\"tab-description pdp-tabs_description js-tab-description open\" itemprop=\"description\">\n<ul>\n<li>Shampooing sec bodifiant<\/li>\n<\/ul>\n<\/div>\n<\/div>\n<div class=\"tab js-tab\">\n<h3 class=\"tab-title pdp-tabs_title js-tab-mobile-title\"><span>Description<\/span><\/h3>\n<div class=\"tab-description pdp-tabs_description js-tab-description\" itemprop=\"description\">Laissant les cheveux avec un fini mat et poudr\u00e9, OSiS Refresh Dust est un shampooing sec bodifiant qui combat de mani\u00e8re fiable la graisse tout en apportant un volume instantan\u00e9 et une bonne tenue des cheveux.<\/div>\n<\/div>\n<div class=\"tab js-tab\">\n<h3 class=\"tab-title pdp-tabs_title js-tab-mobile-title\"><span>Ingr\u00e9dients<\/span><\/h3>\n<div class=\"tab-description pdp-tabs_description js-tab-description\">Butane,Propane,Alcohol denat.,Oryza Sativa (Rice) Starch,Isobutane,Parfum (Fragrance),Aqua (Water, Eau),Cetrimonium Chloride,Linalool,Benzoic Acid,Methyl Benzoate<\/div>\n<\/div>\n<div class=\"tab js-tab\">\n<h3 class=\"tab-title pdp-tabs_title js-tab-mobile-title\"><span>Livraison et stock<\/span><\/h3>\n<div class=\"tab-description pdp-tabs_description js-tab-description\">\n<div class=\"pdp-delivery_info\">\n<div class=\"content-asset\">Livraison et d\u00e9laisRetours et remboursements<\/div>\n<\/div>\n<\/div>\n<\/div>\n<\/div>\n<\/div>\n<\/div>\n","protected":false},"excerpt":{"rendered":"<p>Points cl\u00e9s Shampooing sec bodifiant Description Laissant les cheveux avec un fini mat et poudr\u00e9,&hellip;<\/p>\n","protected":false},"featured_media":30604,"comment_status":"open","ping_status":"closed","template":"","meta":[],"pwb-brand":[646],"product_cat":[596],"product_tag":[128,319,127],"class_list":{"0":"post-30607","1":"product","2":"type-product","3":"status-publish","4":"has-post-thumbnail","6":"pwb-brand-schwarzkopf-professional","7":"product_cat-produit-coiffant-et-fixant","8":"product_tag-produit-coiffant-et-fixant","9":"product_tag-schwarzkopf-professional","10":"product_tag-shampooing-et-coiffure","12":"first","13":"instock","14":"taxable","15":"shipping-taxable","16":"purchasable","17":"product-type-simple","18":"layout-style-3","19":"col-md-4 col-sm-4 col-xs-6","20":"col-lg-3","21":"product-has-gallery","22":"product-style-default"},"aioseo_notices":[],"brands":[{"id":646,"name":"Schwarzkopf Professional","slug":"schwarzkopf-professional"}],"_links":{"self":[{"href":"https:\/\/cheveuxluxe.com\/index.php\/wp-json\/wp\/v2\/product\/30607","targetHints":{"allow":["GET"]}}],"collection":[{"href":"https:\/\/cheveuxluxe.com\/index.php\/wp-json\/wp\/v2\/product"}],"about":[{"href":"https:\/\/cheveuxluxe.com\/index.php\/wp-json\/wp\/v2\/types\/product"}],"replies":[{"embeddable":true,"href":"https:\/\/cheveuxluxe.com\/index.php\/wp-json\/wp\/v2\/comments?post=30607"}],"version-history":[{"count":0,"href":"https:\/\/cheveuxluxe.com\/index.php\/wp-json\/wp\/v2\/product\/30607\/revisions"}],"wp:featuredmedia":[{"embeddable":true,"href":"https:\/\/cheveuxluxe.com\/index.php\/wp-json\/wp\/v2\/media\/30604"}],"wp:attachment":[{"href":"https:\/\/cheveuxluxe.com\/index.php\/wp-json\/wp\/v2\/media?parent=30607"}],"wp:term":[{"taxonomy":"pwb-brand","embeddable":true,"href":"https:\/\/cheveuxluxe.com\/index.php\/wp-json\/wp\/v2\/pwb-brand?post=30607"},{"taxonomy":"product_cat","embeddable":true,"href":"https:\/\/cheveuxluxe.com\/index.php\/wp-json\/wp\/v2\/product_cat?post=30607"},{"taxonomy":"product_tag","embeddable":true,"href":"https:\/\/cheveuxluxe.com\/index.php\/wp-json\/wp\/v2\/product_tag?post=30607"}],"curies":[{"name":"wp","href":"https:\/\/api.w.org\/{rel}","templated":true}]}}