{"id":30614,"date":"2024-04-09T22:52:06","date_gmt":"2024-04-09T22:52:06","guid":{"rendered":"https:\/\/cheveuxluxe.com\/index.php\/product\/schwarzkopf-osis-air-whip-mousse-200ml\/"},"modified":"2024-04-13T14:05:09","modified_gmt":"2024-04-13T14:05:09","slug":"schwarzkopf-osis-air-whip-mousse-200ml","status":"publish","type":"product","link":"https:\/\/cheveuxluxe.com\/index.php\/product\/schwarzkopf-osis-air-whip-mousse-200ml\/","title":{"rendered":"Schwarzkopf Osis+ Air Whip Mousse 200ml"},"content":{"rendered":"<div class=\"product-content_bottom\">\n<div class=\"pdp-info\">\n<div class=\"pdp-tabs tab-container\">\n<div class=\"tab js-tab\">\n<h3 class=\"tab-title pdp-tabs_title js-tab-mobile-title open\"><span>Points cl\u00e9s<\/span><\/h3>\n<div class=\"tab-description pdp-tabs_description js-tab-description open\" itemprop=\"description\">\n<ul>\n<li>Mousse capillaire flexible<\/li>\n<\/ul>\n<\/div>\n<\/div>\n<div class=\"tab js-tab\">\n<h3 class=\"tab-title pdp-tabs_title js-tab-mobile-title\"><span>Description<\/span><\/h3>\n<div class=\"tab-description pdp-tabs_description js-tab-description\" itemprop=\"description\">Am\u00e9liorant la maniabilit\u00e9 des cheveux pendant le s\u00e9chage, tout en les prot\u00e9geant des dommages caus\u00e9s par la chaleur, OSiS Air Whip est une mousse flexible \u00e0 tenue l\u00e9g\u00e8re qui peut \u00eatre superpos\u00e9e pour augmenter la tenue sans coller ni croustiller.<\/div>\n<\/div>\n<div class=\"tab js-tab\">\n<h3 class=\"tab-title pdp-tabs_title js-tab-mobile-title\"><span>Mode d&#8217;emploi<\/span><\/h3>\n<div class=\"tab-description pdp-tabs_description js-tab-description\">Bien agiter le produit avant utilisation. Tenir le produit \u00e0 l&rsquo;envers pendant la distribution. Appliquer sur cheveux humides, puis s\u00e9cher au s\u00e8che-cheveux. Pour les cheveux ondul\u00e9s, s\u00e9chez-les \u00e0 l&rsquo;air libre pour une meilleure d\u00e9finition. Superposer le produit pour augmenter la tenue.<\/div>\n<\/div>\n<div class=\"tab js-tab\">\n<h3 class=\"tab-title pdp-tabs_title js-tab-mobile-title\"><span>Ingr\u00e9dients<\/span><\/h3>\n<div class=\"tab-description pdp-tabs_description js-tab-description\">Aqua (Water, Eau),Butane,Propane,VP\/VA Copolymer,Propylene Glycol,Sodium Benzoate,Cetrimonium Chloride,PEG-40 Hydrogenated Castor Oil,Cellulose,Polyquaternium-11,Panthenol,Parfum (Fragrance),Lactic Acid,Linalool,Soy Amino Acids,Wheat Amino Acids,Limonene,Phenoxyethanol,Serine,Threonine,Arginine HCl,Geraniol,Benzyl Alcohol,Potassium Sorbate,Methyl Benzoate<\/div>\n<\/div>\n<div class=\"tab js-tab\">\n<h3 class=\"tab-title pdp-tabs_title js-tab-mobile-title\"><span>Livraison et stock<\/span><\/h3>\n<div class=\"tab-description pdp-tabs_description js-tab-description\">\n<div class=\"pdp-delivery_info\">\n<div class=\"content-asset\">Livraison et d\u00e9laisRetours et remboursements<\/div>\n<\/div>\n<\/div>\n<\/div>\n<div class=\"tab js-tab\">\n<h3 class=\"tab-title pdp-tabs_title js-tab-mobile-title\"><span>Pr\u00e9cautions d&#8217;emploi<\/span><\/h3>\n<div class=\"tab-description pdp-tabs_description js-tab-description\">Danger. Mousse extr\u00eamement inflammable. Contenu sous pression. Ne pas placer dans de l&rsquo;eau chaude ou \u00e0 proximit\u00e9 de radiateurs, de po\u00eales ou d&rsquo;autres sources de chaleur. Ne pas percer ou incin\u00e9rer le r\u00e9cipient ou le stocker \u00e0 des temp\u00e9ratures sup\u00e9rieures \u00e0 50\u00b0C\/122\u00b0F. Ne pas utiliser en pr\u00e9sence d&rsquo;une flamme nue ou d&rsquo;une \u00e9tincelle (ou d&rsquo;autres sources d&rsquo;inflammation). Ne pas fumer. Ne pas percer, br\u00fbler ou incin\u00e9rer le r\u00e9cipient, m\u00eame apr\u00e8s usage. Ne pas stocker \u00e0 la lumi\u00e8re directe du soleil. Peut \u00e9clater s&rsquo;il est chauff\u00e9. \u00c9viter tout contact avec les yeux. Utiliser uniquement selon les instructions. Ne pas inhaler intentionnellement. Une mauvaise utilisation intentionnelle par concentration et inhalation du contenu peut \u00eatre nocive ou fatale. Utiliser dans des endroits bien ventil\u00e9s. Tenir hors de port\u00e9e des enfants. Ne recycler que lorsque l&rsquo;appareil est enti\u00e8rement vid\u00e9.<\/div>\n<\/div>\n<\/div>\n<\/div>\n<\/div>\n","protected":false},"excerpt":{"rendered":"<p>Points cl\u00e9s Mousse capillaire flexible Description Am\u00e9liorant la maniabilit\u00e9 des cheveux pendant le s\u00e9chage, tout&hellip;<\/p>\n","protected":false},"featured_media":30612,"comment_status":"open","ping_status":"closed","template":"","meta":[],"pwb-brand":[646],"product_cat":[596],"product_tag":[128,319,127],"class_list":{"0":"post-30614","1":"product","2":"type-product","3":"status-publish","4":"has-post-thumbnail","6":"pwb-brand-schwarzkopf-professional","7":"product_cat-produit-coiffant-et-fixant","8":"product_tag-produit-coiffant-et-fixant","9":"product_tag-schwarzkopf-professional","10":"product_tag-shampooing-et-coiffure","12":"first","13":"instock","14":"taxable","15":"shipping-taxable","16":"purchasable","17":"product-type-simple","18":"layout-style-3","19":"col-md-4 col-sm-4 col-xs-6","20":"col-lg-3","21":"product-has-gallery","22":"product-style-default"},"aioseo_notices":[],"brands":[{"id":646,"name":"Schwarzkopf Professional","slug":"schwarzkopf-professional"}],"_links":{"self":[{"href":"https:\/\/cheveuxluxe.com\/index.php\/wp-json\/wp\/v2\/product\/30614","targetHints":{"allow":["GET"]}}],"collection":[{"href":"https:\/\/cheveuxluxe.com\/index.php\/wp-json\/wp\/v2\/product"}],"about":[{"href":"https:\/\/cheveuxluxe.com\/index.php\/wp-json\/wp\/v2\/types\/product"}],"replies":[{"embeddable":true,"href":"https:\/\/cheveuxluxe.com\/index.php\/wp-json\/wp\/v2\/comments?post=30614"}],"version-history":[{"count":0,"href":"https:\/\/cheveuxluxe.com\/index.php\/wp-json\/wp\/v2\/product\/30614\/revisions"}],"wp:featuredmedia":[{"embeddable":true,"href":"https:\/\/cheveuxluxe.com\/index.php\/wp-json\/wp\/v2\/media\/30612"}],"wp:attachment":[{"href":"https:\/\/cheveuxluxe.com\/index.php\/wp-json\/wp\/v2\/media?parent=30614"}],"wp:term":[{"taxonomy":"pwb-brand","embeddable":true,"href":"https:\/\/cheveuxluxe.com\/index.php\/wp-json\/wp\/v2\/pwb-brand?post=30614"},{"taxonomy":"product_cat","embeddable":true,"href":"https:\/\/cheveuxluxe.com\/index.php\/wp-json\/wp\/v2\/product_cat?post=30614"},{"taxonomy":"product_tag","embeddable":true,"href":"https:\/\/cheveuxluxe.com\/index.php\/wp-json\/wp\/v2\/product_tag?post=30614"}],"curies":[{"name":"wp","href":"https:\/\/api.w.org\/{rel}","templated":true}]}}