{"id":30662,"date":"2024-04-09T22:54:47","date_gmt":"2024-04-09T22:54:47","guid":{"rendered":"https:\/\/cheveuxluxe.com\/index.php\/product\/redken-matte-clay-75ml\/"},"modified":"2024-04-13T14:05:20","modified_gmt":"2024-04-13T14:05:20","slug":"redken-matte-clay-75ml","status":"publish","type":"product","link":"https:\/\/cheveuxluxe.com\/index.php\/product\/redken-matte-clay-75ml\/","title":{"rendered":"Redken Matte Clay 75ml"},"content":{"rendered":"<div class=\"product-content_bottom\">\n<div class=\"pdp-info\">\n<div class=\"pdp-tabs tab-container\">\n<div class=\"tab js-tab\">\n<h3 class=\"tab-title pdp-tabs_title js-tab-mobile-title open\"><span>Points cl\u00e9s<\/span><\/h3>\n<div class=\"tab-description pdp-tabs_description js-tab-description open\" itemprop=\"description\">\n<ul>\n<li>Contr\u00f4le toute la journ\u00e9e-<\/li>\n<li>R\u00e9sistance \u00e0 l&rsquo;humidit\u00e9<\/li>\n<li>Sans \u00e9cailles<\/li>\n<li>Non gras<\/li>\n<li>Contr\u00f4le moyen<\/li>\n<\/ul>\n<\/div>\n<\/div>\n<div class=\"tab js-tab\">\n<h3 class=\"tab-title pdp-tabs_title js-tab-mobile-title\"><span>Description<\/span><\/h3>\n<div class=\"tab-description pdp-tabs_description js-tab-description\" itemprop=\"description\">M\u00eame formule iconique, nouveau look! Le Matte Clay remplace le 20 Rough Clay. Matte Clay est une argile texturisante \u00e0 tenue forte qui offre un contr\u00f4le longue dur\u00e9e et une r\u00e9sistance \u00e0 l&rsquo;humidit\u00e9 pour donner de la texture \u00e0 tous les styles.<\/div>\n<\/div>\n<div class=\"tab js-tab\">\n<h3 class=\"tab-title pdp-tabs_title js-tab-mobile-title\"><span>Mode d&#8217;emploi<\/span><\/h3>\n<div class=\"tab-description pdp-tabs_description js-tab-description\">Appliquer une petite quantit\u00e9 sur les mains et r\u00e9partissez sur les cheveux secs.<\/div>\n<\/div>\n<div class=\"tab js-tab\">\n<h3 class=\"tab-title pdp-tabs_title js-tab-mobile-title\"><span>Ingr\u00e9dients<\/span><\/h3>\n<div class=\"tab-description pdp-tabs_description js-tab-description\">watercera alba (beeswax)va\/crotonates\/vinyl neodecanoate copolymerbis-diglyceryl polyacyladipate-2tribehenincetearyl alcoholliquid paraffin (mineral oil)ceteareth-33propylene glycolpeg-40 hydrogenated castor oilaminomethyl propanolkaolincaprylic\/capric triglyceridesphenoxyethanolcaprylic glycolsorbic acidisoceteth-20perfumesodium benzoatetalcsodium cocoamphopropionateethylhexyl salicylatelinoleamidopropyl pg-dimonium chloride phosphateBis-PEG-12 DIMETHICONE BEESWAXci 14700 (red 4)ci 15510 (orange 4)ci 19140 (yellow 5)CI 61570 \/ GREEN 5benzyl salicylatecoumarinlinaloollimeci 42090 (blue 1)eugenolbenzyl alcoholacid violet 2 (ci 60730)cinnamaltocopheryl acetate<\/div>\n<\/div>\n<div class=\"tab js-tab\">\n<h3 class=\"tab-title pdp-tabs_title js-tab-mobile-title\"><span>Livraison et stock<\/span><\/h3>\n<div class=\"tab-description pdp-tabs_description js-tab-description\">\n<div class=\"pdp-delivery_info\">\n<div class=\"content-asset\">Livraison et d\u00e9laisRetours et remboursements<\/div>\n<\/div>\n<\/div>\n<\/div>\n<\/div>\n<\/div>\n<\/div>\n","protected":false},"excerpt":{"rendered":"<p>Points cl\u00e9s Contr\u00f4le toute la journ\u00e9e- R\u00e9sistance \u00e0 l&rsquo;humidit\u00e9 Sans \u00e9cailles Non gras Contr\u00f4le moyen&hellip;<\/p>\n","protected":false},"featured_media":30657,"comment_status":"open","ping_status":"closed","template":"","meta":[],"pwb-brand":[647],"product_cat":[596],"product_tag":[128,321,127],"class_list":{"0":"post-30662","1":"product","2":"type-product","3":"status-publish","4":"has-post-thumbnail","6":"pwb-brand-redken","7":"product_cat-produit-coiffant-et-fixant","8":"product_tag-produit-coiffant-et-fixant","9":"product_tag-redken","10":"product_tag-shampooing-et-coiffure","12":"first","13":"instock","14":"taxable","15":"shipping-taxable","16":"purchasable","17":"product-type-simple","18":"layout-style-3","19":"col-md-4 col-sm-4 col-xs-6","20":"col-lg-3","21":"product-has-gallery","22":"product-style-default"},"aioseo_notices":[],"brands":[{"id":647,"name":"Redken","slug":"redken"}],"_links":{"self":[{"href":"https:\/\/cheveuxluxe.com\/index.php\/wp-json\/wp\/v2\/product\/30662","targetHints":{"allow":["GET"]}}],"collection":[{"href":"https:\/\/cheveuxluxe.com\/index.php\/wp-json\/wp\/v2\/product"}],"about":[{"href":"https:\/\/cheveuxluxe.com\/index.php\/wp-json\/wp\/v2\/types\/product"}],"replies":[{"embeddable":true,"href":"https:\/\/cheveuxluxe.com\/index.php\/wp-json\/wp\/v2\/comments?post=30662"}],"version-history":[{"count":0,"href":"https:\/\/cheveuxluxe.com\/index.php\/wp-json\/wp\/v2\/product\/30662\/revisions"}],"wp:featuredmedia":[{"embeddable":true,"href":"https:\/\/cheveuxluxe.com\/index.php\/wp-json\/wp\/v2\/media\/30657"}],"wp:attachment":[{"href":"https:\/\/cheveuxluxe.com\/index.php\/wp-json\/wp\/v2\/media?parent=30662"}],"wp:term":[{"taxonomy":"pwb-brand","embeddable":true,"href":"https:\/\/cheveuxluxe.com\/index.php\/wp-json\/wp\/v2\/pwb-brand?post=30662"},{"taxonomy":"product_cat","embeddable":true,"href":"https:\/\/cheveuxluxe.com\/index.php\/wp-json\/wp\/v2\/product_cat?post=30662"},{"taxonomy":"product_tag","embeddable":true,"href":"https:\/\/cheveuxluxe.com\/index.php\/wp-json\/wp\/v2\/product_tag?post=30662"}],"curies":[{"name":"wp","href":"https:\/\/api.w.org\/{rel}","templated":true}]}}