{"id":30670,"date":"2024-04-09T22:55:07","date_gmt":"2024-04-09T22:55:07","guid":{"rendered":"https:\/\/cheveuxluxe.com\/index.php\/product\/redken-acidic-color-glossing-soin-thermo-protecteur-200ml\/"},"modified":"2024-04-13T14:05:22","modified_gmt":"2024-04-13T14:05:22","slug":"redken-acidic-color-glossing-soin-thermo-protecteur-200ml","status":"publish","type":"product","link":"https:\/\/cheveuxluxe.com\/index.php\/product\/redken-acidic-color-glossing-soin-thermo-protecteur-200ml\/","title":{"rendered":"Redken Acidic Color Glossing Soin Thermo-Protecteur 200ml"},"content":{"rendered":"<div class=\"product-content_bottom\">\n<div class=\"pdp-info\">\n<div class=\"pdp-tabs tab-container\">\n<div class=\"tab js-tab\">\n<h3 class=\"tab-title pdp-tabs_title js-tab-mobile-title open\"><span>Points cl\u00e9s<\/span><\/h3>\n<div class=\"tab-description pdp-tabs_description js-tab-description open\" itemprop=\"description\">\n<ul>\n<li>Brillance ultime pendant 3 jours* *Test consommateur, Acidic Color Gloss Activated Glass Gloss Treatment<\/li>\n<li>Brillance ultime, en profondeur\u00a0<\/li>\n<li>+76 % de cheveux plus brillants** **Acidic Color Gloss Shampoo + Glass Gloss Treatment vs cheveux color\u00e9s non lav\u00e9s<\/li>\n<li>Formule au pH \u00e9quilibr\u00e9<\/li>\n<\/ul>\n<\/div>\n<\/div>\n<div class=\"tab js-tab\">\n<h3 class=\"tab-title pdp-tabs_title js-tab-mobile-title\"><span>Description<\/span><\/h3>\n<div class=\"tab-description pdp-tabs_description js-tab-description\" itemprop=\"description\">\n<p>Redken Acidic Color Gloss Activated Glass Gloss Treatment est un soin brillance r\u00e9volutionnaire pour un soin et une brillance intenses dignes du salon de coiffure. Adapt\u00e9 aux cheveux color\u00e9s et naturels, le soin Gloss professionnel assure une brillance et une tenue de la coloration maximales. Le Glass Gloss Treatment est le premier soin brillance inspir\u00e9 des salons de coiffure de Redken pour la maison. Que vous soyez \u00e0 la recherche d&rsquo;une brillance \u00e9clatante ou que vous souhaitiez conserver l&rsquo;\u00e9clat de votre couleur plus longtemps apr\u00e8s une visite au salon, le Glass Gloss Treatment transformera vos cheveux. La couleur de vos cheveux peut devenir plus terne et moins \u00e9clatante avec le temps \u00e0 cause de l&rsquo;eau dure et de la chaleur.<\/p>\n<p>La formule au pH acide, le peroxyde d&rsquo;hydrog\u00e8ne et l&rsquo;huile d&rsquo;abricot contenus dans ce soin prot\u00e8gent votre couleur et donnent \u00e0 vos cheveux une brillance intense. Les ingr\u00e9dients aident \u00e0 sceller les cuticules des cheveux et \u00e0 conserver la brillance en profondeur dans les cheveux. Ce soin ne donne pas seulement un coup d&rsquo;\u00e9clat instantan\u00e9, mais sa formule \u00e9quilibre \u00e9galement le niveau de pH des cheveux, les hydrate et les revitalise de l&rsquo;int\u00e9rieur. Le r\u00e9sultat est une brillance \u00e9clatante et vos cheveux semblent revitalis\u00e9s.<\/p>\n<p>Vous utilisez le Activated Glass Gloss Treatment une fois par semaine dans votre routine apr\u00e8s le shampooing. Appliquer sur les cheveux lav\u00e9s et essor\u00e9s, laisser pauser pendant 5 \u00e0 10 minutes. Appliquer ensuite le conditionneur sur le Gloss Treatment, puis rincer l\u2019ensemble. Il est recommand\u00e9 de porter des gants jetables lors de l&rsquo;application du Gloss Treatment. Vous pouvez utiliser le Gloss Treatment avec n&rsquo;importe quel shampooing et conditionneur, mais pour obtenir les meilleurs r\u00e9sultats en termes de brillance, nous vous recommandons de l&rsquo;utiliser avec les autres produits de la gamme Acidic Color Gloss.<\/p>\n<\/div>\n<\/div>\n<div class=\"tab js-tab\">\n<h3 class=\"tab-title pdp-tabs_title js-tab-mobile-title\"><span>Ingr\u00e9dients<\/span><\/h3>\n<div class=\"tab-description pdp-tabs_description js-tab-description\">\u00ab\u00a0INGREDIENTS: AQUA \/ WATER \/ EAU \u2022 PROPYLENE GLYCOL \u2022 HYDROGEN PEROXIDE \u2022 OLEYL ALCOHOL \u2022 PPG-2 BUTYL ETHER \u2022 LAURETH-2 \u2022 SODIUM C14-16 OLEFIN SULFONATE \u2022 PEG\/PPG-4\/12 DIMETHICONE \u2022 COCAMIDE MIPA \u2022 AMODIMETHICONE \u2022 GLYCERIN \u2022 PRUNUS ARMENIACA KERNEL OIL \/ APRICOT KERNEL OIL \u2022 PARFUM \/ FRAGRANCE \u2022 DIMETHICONE \u2022 CITRIC ACID \u2022 CARBOMER \u2022 ETHANOLAMINE \u2022 LAURYL ALCOHOL \u2022 PPG-5-CETETH-10 PHOSPHATE \u2022 SODIUM SULFITE \u2022 TAURINE \u2022 COCO-BETAINE \u2022 GUAR HYDROXYPROPYLTRIMONIUM CHLORIDE \u2022 MYRISTYL ALCOHOL \u2022 LIMONENE \u2022 TRIDECETH-10 \u2022 TRIDECETH-6 \u2022 TETRASODIUM ETIDRONATE \u2022 SODIUM CHLORIDE \u2022 TETRASODIUM PYROPHOSPHATE \u2022 LINALOOL \u2022 SODIUM SALICYLATE \u2022 TETRASODIUM GLUTAMATE DIACETATE \u2022 CETYL ALCOHOL \u2022 SODIUM CITRATE \u2022 BENZYL SALICYLATE \u2022 PEG-100 STEARATE \u2022 STEARETH-6 \u2022 CETRIMONIUM CHLORIDE \u2022 BENZOIC ACID \u2022 BENZYL ALCOHOL \u2022 ALPHA-ISOMETHYL IONONE \u2022 TRIDECETH-3 \u2022 GLYCINE SOJA OIL \/ SOYBEAN OIL \u2022 ARGININE \u2022 SERINE \u2022 TOCOPHEROL \u2022 GLUTAMIC ACID \u2022 PHENOXYETHANOL \u2022 TETRASODIUM EDTA \u2022 ACETIC ACID \u2022 PENTAERYTHRITYL TETRA-DI-T-BUTYL HYDROXYHYDROCINNAMATE (F.I.L. T70029903\/1).\u00a0\u00bb<\/div>\n<\/div>\n<div class=\"tab js-tab\">\n<h3 class=\"tab-title pdp-tabs_title js-tab-mobile-title\"><span>Livraison et stock<\/span><\/h3>\n<div class=\"tab-description pdp-tabs_description js-tab-description\">\n<div class=\"pdp-delivery_info\">\n<div class=\"content-asset\">Livraison et d\u00e9laisRetours et remboursements<\/div>\n<\/div>\n<\/div>\n<\/div>\n<\/div>\n<\/div>\n<\/div>\n","protected":false},"excerpt":{"rendered":"<p>Points cl\u00e9s Brillance ultime pendant 3 jours* *Test consommateur, Acidic Color Gloss Activated Glass Gloss&hellip;<\/p>\n","protected":false},"featured_media":30664,"comment_status":"open","ping_status":"closed","template":"","meta":[],"pwb-brand":[647],"product_cat":[596],"product_tag":[128,321,127],"class_list":{"0":"post-30670","1":"product","2":"type-product","3":"status-publish","4":"has-post-thumbnail","6":"pwb-brand-redken","7":"product_cat-produit-coiffant-et-fixant","8":"product_tag-produit-coiffant-et-fixant","9":"product_tag-redken","10":"product_tag-shampooing-et-coiffure","12":"first","13":"instock","14":"taxable","15":"shipping-taxable","16":"purchasable","17":"product-type-simple","18":"layout-style-3","19":"col-md-4 col-sm-4 col-xs-6","20":"col-lg-3","21":"product-has-gallery","22":"product-style-default"},"aioseo_notices":[],"brands":[{"id":647,"name":"Redken","slug":"redken"}],"_links":{"self":[{"href":"https:\/\/cheveuxluxe.com\/index.php\/wp-json\/wp\/v2\/product\/30670","targetHints":{"allow":["GET"]}}],"collection":[{"href":"https:\/\/cheveuxluxe.com\/index.php\/wp-json\/wp\/v2\/product"}],"about":[{"href":"https:\/\/cheveuxluxe.com\/index.php\/wp-json\/wp\/v2\/types\/product"}],"replies":[{"embeddable":true,"href":"https:\/\/cheveuxluxe.com\/index.php\/wp-json\/wp\/v2\/comments?post=30670"}],"version-history":[{"count":0,"href":"https:\/\/cheveuxluxe.com\/index.php\/wp-json\/wp\/v2\/product\/30670\/revisions"}],"wp:featuredmedia":[{"embeddable":true,"href":"https:\/\/cheveuxluxe.com\/index.php\/wp-json\/wp\/v2\/media\/30664"}],"wp:attachment":[{"href":"https:\/\/cheveuxluxe.com\/index.php\/wp-json\/wp\/v2\/media?parent=30670"}],"wp:term":[{"taxonomy":"pwb-brand","embeddable":true,"href":"https:\/\/cheveuxluxe.com\/index.php\/wp-json\/wp\/v2\/pwb-brand?post=30670"},{"taxonomy":"product_cat","embeddable":true,"href":"https:\/\/cheveuxluxe.com\/index.php\/wp-json\/wp\/v2\/product_cat?post=30670"},{"taxonomy":"product_tag","embeddable":true,"href":"https:\/\/cheveuxluxe.com\/index.php\/wp-json\/wp\/v2\/product_tag?post=30670"}],"curies":[{"name":"wp","href":"https:\/\/api.w.org\/{rel}","templated":true}]}}