{"id":30672,"date":"2024-04-09T22:55:08","date_gmt":"2024-04-09T22:55:08","guid":{"rendered":"https:\/\/cheveuxluxe.com\/index.php\/product\/paul-mitchell-liquide-coiffant-hair-sculpting-lotion-250ml\/"},"modified":"2024-04-13T14:26:55","modified_gmt":"2024-04-13T14:26:55","slug":"paul-mitchell-liquide-coiffant-hair-sculpting-lotion-250ml","status":"publish","type":"product","link":"https:\/\/cheveuxluxe.com\/index.php\/product\/paul-mitchell-liquide-coiffant-hair-sculpting-lotion-250ml\/","title":{"rendered":"Paul Mitchell Liquide coiffant Hair Sculpting Lotion 250ml"},"content":{"rendered":"<div class=\"product-content_bottom\">\n<div class=\"pdp-info\">\n<div class=\"pdp-tabs tab-container\">\n<div class=\"tab js-tab\">\n<h3 class=\"tab-title pdp-tabs_title js-tab-mobile-title open\"><span>Points cl\u00e9s<\/span><\/h3>\n<div class=\"tab-description pdp-tabs_description js-tab-description open\" itemprop=\"description\">\n<ul>\n<li>Lotion de coiffage<\/li>\n<li>Offre une tenue moyenne et durable<\/li>\n<li>Ajoute de la souplesse et de la tenue, contr\u00f4le l&rsquo;\u00e9lectricit\u00e9 statique et lisse la surface des cheveux<\/li>\n<li>Aide \u00e0 \u00e9liminer l&rsquo;\u00e9lectricit\u00e9 statique<\/li>\n<li>Se R\u00e9active \u00e0 la chaleur ou \u00e0 l&rsquo;eau pour un recoiffage rapide et facile<\/li>\n<\/ul>\n<\/div>\n<\/div>\n<div class=\"tab js-tab\">\n<h3 class=\"tab-title pdp-tabs_title js-tab-mobile-title\"><span>Description<\/span><\/h3>\n<div class=\"tab-description pdp-tabs_description js-tab-description\" itemprop=\"description\">Ce qu&rsquo;il fait\u00a0:<br \/>Offre une tenue moyenne et longue dur\u00e9e et se r\u00e9active \u00e0 la chaleur ou \u00e0 l&rsquo;eau pour un recoiffage rapide et facile.<br \/>Comment \u00e7a marche\u00a0:<br \/>Des agents coiffants, associ\u00e9s au panth\u00e9nol, ajoutent brillance et tenue. Les ingr\u00e9dients d\u00e9riv\u00e9s du bl\u00e9 contr\u00f4lent l&rsquo;\u00e9lectricit\u00e9 statique.<br \/>Bonus\u00a0:<br \/>Lisse la surface des cheveux et minimise les cheveux rebelles.<\/div>\n<\/div>\n<div class=\"tab js-tab\">\n<h3 class=\"tab-title pdp-tabs_title js-tab-mobile-title\"><span>Mode d&#8217;emploi<\/span><\/h3>\n<div class=\"tab-description pdp-tabs_description js-tab-description\">Appliquez une petite quantit\u00e9 sur des cheveux propres et humides.<br \/>Coiffez comme souhait\u00e9.<br \/>Prot\u00e9gez les v\u00eatements avant l\u2019application.<\/div>\n<\/div>\n<div class=\"tab js-tab\">\n<h3 class=\"tab-title pdp-tabs_title js-tab-mobile-title\"><span>Ingr\u00e9dients<\/span><\/h3>\n<div class=\"tab-description pdp-tabs_description js-tab-description\">Aqua (Water, Eau), Polyquaternium-11, Polysorbate 20, Panthenol, Aloe Barbadensis Extract, Anthemis Nobilis (Chamomile) Flower Extract, Hedychium Coronarium (White Ginger) Root Extract, Simmondsia Chinensis (Jojoba) Seed Oil, Rosmarinus Officinalis (Rosemary) Leaf, Algae Extract, Tocopherol, Bisamino PEG\/PPG-41\/3 Aminoethyl PG-Propyl Dimethicone, Butylene Glycol, Cocamidopropyl Betaine, Ethylhexylglycerin, Glycerin, PEG-12 Dimethicone, Propylene Glycol, DMDM Hydantoin, Iodopropynyl Butylcarbamate, Phenoxyethanol, Parfum (Fragrance), Hexyl Cinnamal, Hydroxycitronellal, Limonene, Linalool.<\/div>\n<\/div>\n<div class=\"tab js-tab\">\n<h3 class=\"tab-title pdp-tabs_title js-tab-mobile-title\"><span>Livraison et stock<\/span><\/h3>\n<div class=\"tab-description pdp-tabs_description js-tab-description\">\n<div class=\"pdp-delivery_info\">\n<div class=\"content-asset\">Livraison et d\u00e9laisRetours et remboursements<\/div>\n<\/div>\n<\/div>\n<\/div>\n<\/div>\n<\/div>\n<\/div>\n","protected":false},"excerpt":{"rendered":"<p>Points cl\u00e9s Lotion de coiffage Offre une tenue moyenne et durable Ajoute de la souplesse&hellip;<\/p>\n","protected":false},"featured_media":20374,"comment_status":"open","ping_status":"closed","template":"","meta":[],"pwb-brand":[660],"product_cat":[617],"product_tag":[274,373,273],"class_list":{"0":"post-30672","1":"product","2":"type-product","3":"status-publish","4":"has-post-thumbnail","6":"pwb-brand-paul-mitchell","7":"product_cat-coiffure","8":"product_tag-coiffure","9":"product_tag-paul-mitchell","10":"product_tag-vegan","12":"first","13":"instock","14":"taxable","15":"shipping-taxable","16":"purchasable","17":"product-type-simple","18":"layout-style-3","19":"col-md-4 col-sm-4 col-xs-6","20":"col-lg-3","21":"product-style-default"},"aioseo_notices":[],"brands":[{"id":660,"name":"Paul Mitchell","slug":"paul-mitchell"}],"_links":{"self":[{"href":"https:\/\/cheveuxluxe.com\/index.php\/wp-json\/wp\/v2\/product\/30672","targetHints":{"allow":["GET"]}}],"collection":[{"href":"https:\/\/cheveuxluxe.com\/index.php\/wp-json\/wp\/v2\/product"}],"about":[{"href":"https:\/\/cheveuxluxe.com\/index.php\/wp-json\/wp\/v2\/types\/product"}],"replies":[{"embeddable":true,"href":"https:\/\/cheveuxluxe.com\/index.php\/wp-json\/wp\/v2\/comments?post=30672"}],"version-history":[{"count":0,"href":"https:\/\/cheveuxluxe.com\/index.php\/wp-json\/wp\/v2\/product\/30672\/revisions"}],"wp:featuredmedia":[{"embeddable":true,"href":"https:\/\/cheveuxluxe.com\/index.php\/wp-json\/wp\/v2\/media\/20374"}],"wp:attachment":[{"href":"https:\/\/cheveuxluxe.com\/index.php\/wp-json\/wp\/v2\/media?parent=30672"}],"wp:term":[{"taxonomy":"pwb-brand","embeddable":true,"href":"https:\/\/cheveuxluxe.com\/index.php\/wp-json\/wp\/v2\/pwb-brand?post=30672"},{"taxonomy":"product_cat","embeddable":true,"href":"https:\/\/cheveuxluxe.com\/index.php\/wp-json\/wp\/v2\/product_cat?post=30672"},{"taxonomy":"product_tag","embeddable":true,"href":"https:\/\/cheveuxluxe.com\/index.php\/wp-json\/wp\/v2\/product_tag?post=30672"}],"curies":[{"name":"wp","href":"https:\/\/api.w.org\/{rel}","templated":true}]}}