{"id":30676,"date":"2024-04-09T22:55:12","date_gmt":"2024-04-09T22:55:12","guid":{"rendered":"https:\/\/cheveuxluxe.com\/index.php\/product\/paul-mitchell-neuro-heatctrl-volume-foam-200ml\/"},"modified":"2024-04-13T14:05:25","modified_gmt":"2024-04-13T14:05:25","slug":"paul-mitchell-neuro-heatctrl-volume-foam-200ml","status":"publish","type":"product","link":"https:\/\/cheveuxluxe.com\/index.php\/product\/paul-mitchell-neuro-heatctrl-volume-foam-200ml\/","title":{"rendered":"Paul Mitchell Neuro HeatCTRL Volume Foam 200ml"},"content":{"rendered":"<div class=\"product-content_bottom\">\n<div class=\"pdp-info\">\n<div class=\"pdp-tabs tab-container\">\n<div class=\"tab js-tab\">\n<h3 class=\"tab-title pdp-tabs_title js-tab-mobile-title open\"><span>Points cl\u00e9s<\/span><\/h3>\n<div class=\"tab-description pdp-tabs_description js-tab-description open\" itemprop=\"description\">\n<ul>\n<li>Mousse l\u00e9g\u00e8re \u00e0 fixation moyenne.<\/li>\n<li>Protection thermique avanc\u00e9e<\/li>\n<li>Prot\u00e9ge contre les dommages caus\u00e9s par la chaleur.<\/li>\n<li>Aide \u00e0 donner plus de volume pendant le brushing<\/li>\n<li>R\u00e9partit la chaleur des racines aux pointes.<\/li>\n<li>D\u00e9finit \u00e9galement les boucles et les vagues.<\/li>\n<\/ul>\n<\/div>\n<\/div>\n<div class=\"tab js-tab\">\n<h3 class=\"tab-title pdp-tabs_title js-tab-mobile-title\"><span>Description<\/span><\/h3>\n<div class=\"tab-description pdp-tabs_description js-tab-description\" itemprop=\"description\">Cette mousse l\u00e9g\u00e8re offre une tenue moyenne. La protection thermique avanc\u00e9e aide \u00e0 prot\u00e9ger contre les dommages caus\u00e9s par la chaleur.<\/p>\n<p>Ca formule aide \u00e0 donner plus de volume pendant le brushing. La technologie exclusive HeatCTRL\u00ae r\u00e9partit la chaleur des racines aux pointes.<br \/>D\u00e9finit \u00e9galement les boucles et les vagues.<\/div>\n<\/div>\n<div class=\"tab js-tab\">\n<h3 class=\"tab-title pdp-tabs_title js-tab-mobile-title\"><span>Ingr\u00e9dients<\/span><\/h3>\n<div class=\"tab-description pdp-tabs_description js-tab-description\">Aqua (Water, Eau), Isobutane, VP\/VA Copolymer, Bambusa Arundinacea Leaf Extract, Panthenol, Hydrolyzed Vegetable Protein PG-Propyl Silanetriol, Hydrolyzed Wheat Protein PG-Propyl Silanetriol, Trametes Versicolor Extract, Hydrolyzed Corn Protein, Hydrolyzed Soy Protein, Hydrolyzed Wheat Protein, Leuconostoc\/Radish Root Ferment Filtrate, Tapioca Starch, PEG-40 Hydrogenated Castor Oil, Propane, Polyurethane-14, Glycerin, Laureth-4, AMP-Acrylates Copolymer, Cetrimonium Chloride, Polysorbate 20, Disodium EDTA, Aminomethyl Propanol, Ethylhexylglycerin, Polymethylsilsesquioxane, Tetrasodium Glutamate Diacetate, Citric Acid, Laurtrimonium Chloride, Phenoxyethanol, Potassium Sorbate, CI 42090 (Acid Blue 9), Parfum (Fragrance), Linalool, Limonene, Benzyl Salicylate, Citronellol, Alpha-Isomethyl Ionone.<\/div>\n<\/div>\n<div class=\"tab js-tab\">\n<h3 class=\"tab-title pdp-tabs_title js-tab-mobile-title\"><span>Livraison et stock<\/span><\/h3>\n<div class=\"tab-description pdp-tabs_description js-tab-description\">\n<div class=\"pdp-delivery_info\">\n<div class=\"content-asset\">Livraison et d\u00e9laisRetours et remboursements<\/div>\n<\/div>\n<\/div>\n<\/div>\n<\/div>\n<\/div>\n<\/div>\n","protected":false},"excerpt":{"rendered":"<p>Points cl\u00e9s Mousse l\u00e9g\u00e8re \u00e0 fixation moyenne. Protection thermique avanc\u00e9e Prot\u00e9ge contre les dommages caus\u00e9s&hellip;<\/p>\n","protected":false},"featured_media":15432,"comment_status":"open","ping_status":"closed","template":"","meta":[],"pwb-brand":[660],"product_cat":[596],"product_tag":[373,128,127],"class_list":{"0":"post-30676","1":"product","2":"type-product","3":"status-publish","4":"has-post-thumbnail","6":"pwb-brand-paul-mitchell","7":"product_cat-produit-coiffant-et-fixant","8":"product_tag-paul-mitchell","9":"product_tag-produit-coiffant-et-fixant","10":"product_tag-shampooing-et-coiffure","12":"first","13":"instock","14":"taxable","15":"shipping-taxable","16":"purchasable","17":"product-type-simple","18":"layout-style-3","19":"col-md-4 col-sm-4 col-xs-6","20":"col-lg-3","21":"product-style-default"},"aioseo_notices":[],"brands":[{"id":660,"name":"Paul Mitchell","slug":"paul-mitchell"}],"_links":{"self":[{"href":"https:\/\/cheveuxluxe.com\/index.php\/wp-json\/wp\/v2\/product\/30676","targetHints":{"allow":["GET"]}}],"collection":[{"href":"https:\/\/cheveuxluxe.com\/index.php\/wp-json\/wp\/v2\/product"}],"about":[{"href":"https:\/\/cheveuxluxe.com\/index.php\/wp-json\/wp\/v2\/types\/product"}],"replies":[{"embeddable":true,"href":"https:\/\/cheveuxluxe.com\/index.php\/wp-json\/wp\/v2\/comments?post=30676"}],"version-history":[{"count":0,"href":"https:\/\/cheveuxluxe.com\/index.php\/wp-json\/wp\/v2\/product\/30676\/revisions"}],"wp:featuredmedia":[{"embeddable":true,"href":"https:\/\/cheveuxluxe.com\/index.php\/wp-json\/wp\/v2\/media\/15432"}],"wp:attachment":[{"href":"https:\/\/cheveuxluxe.com\/index.php\/wp-json\/wp\/v2\/media?parent=30676"}],"wp:term":[{"taxonomy":"pwb-brand","embeddable":true,"href":"https:\/\/cheveuxluxe.com\/index.php\/wp-json\/wp\/v2\/pwb-brand?post=30676"},{"taxonomy":"product_cat","embeddable":true,"href":"https:\/\/cheveuxluxe.com\/index.php\/wp-json\/wp\/v2\/product_cat?post=30676"},{"taxonomy":"product_tag","embeddable":true,"href":"https:\/\/cheveuxluxe.com\/index.php\/wp-json\/wp\/v2\/product_tag?post=30676"}],"curies":[{"name":"wp","href":"https:\/\/api.w.org\/{rel}","templated":true}]}}