{"id":30677,"date":"2024-04-09T22:55:12","date_gmt":"2024-04-09T22:55:12","guid":{"rendered":"https:\/\/cheveuxluxe.com\/index.php\/product\/paul-mitchell-spray-wax-125ml\/"},"modified":"2024-04-13T14:05:26","modified_gmt":"2024-04-13T14:05:26","slug":"paul-mitchell-spray-wax-125ml","status":"publish","type":"product","link":"https:\/\/cheveuxluxe.com\/index.php\/product\/paul-mitchell-spray-wax-125ml\/","title":{"rendered":"Paul Mitchell Spray Wax 125ml"},"content":{"rendered":"<div class=\"product-content_bottom\">\n<div class=\"pdp-info\">\n<div class=\"pdp-tabs tab-container\">\n<div class=\"tab js-tab\">\n<h3 class=\"tab-title pdp-tabs_title js-tab-mobile-title open\"><span>Points cl\u00e9s<\/span><\/h3>\n<div class=\"tab-description pdp-tabs_description js-tab-description open\" itemprop=\"description\">\n<ul>\n<li> Finition<\/li>\n<li>Fixant<\/li>\n<li>Brillance<\/li>\n<li>Hydratant<\/li>\n<li>Cire <\/li>\n<\/ul>\n<\/div>\n<\/div>\n<div class=\"tab js-tab\">\n<h3 class=\"tab-title pdp-tabs_title js-tab-mobile-title\"><span>Description<\/span><\/h3>\n<div class=\"tab-description pdp-tabs_description js-tab-description\" itemprop=\"description\">Cette Cire non grasse aux extraits de graines de tournesol et de cire d\u2019abeille poss\u00e8de une texture mal\u00e9able. Son Syst\u00e8me de vaporisation unique, micro diffus\u00e9, permet une r\u00e9partition uniforme et pr\u00e9cise facile \u00e0 appliquer, sur tous les types de cheveux, courts ou longs.<br \/>La cire d\u2019abeille naturelle procure un effet lustr\u00e9 et satin\u00e9 pour une finition naturelle matte, tr\u00e8s discr\u00e8te pour un maintien souple.<\/p>\n<p>Vous trouverez toute la gamme de produits de styling de Paul Mitchell dans notre boutique en ligne Pro-Duo, ils sont estampill\u00e9s \u00abcruelty-free\u00bb. Paul Mitchell a \u00e9t\u00e9 parmi l\u2019une des premi\u00e8res soci\u00e9t\u00e9s fabriquant les pr\u00e9parations de soins pour cheveux \u00e0 s&rsquo;opposer publiquement aux tests des produits de beaut\u00e9 effectu\u00e9s sur les animaux.<\/p><\/div>\n<\/div>\n<div class=\"tab js-tab\">\n<h3 class=\"tab-title pdp-tabs_title js-tab-mobile-title\"><span>Mode d&#8217;emploi<\/span><\/h3>\n<div class=\"tab-description pdp-tabs_description js-tab-description\">Sur cheveux propres et secs, vaporiser sur les zones \u00e0 fixer puis \u00e9bouriffer selon vos envies<\/div>\n<\/div>\n<div class=\"tab js-tab\">\n<h3 class=\"tab-title pdp-tabs_title js-tab-mobile-title\"><span>Ingr\u00e9dients<\/span><\/h3>\n<div class=\"tab-description pdp-tabs_description js-tab-description\">Isobutane, Isododecane, Hydrofluorocarbon 152a, Microcristallina Cera (Microcrystalline Wax, Cire Microcristalline), Acetone, Lanolin Cera (Lanolin Wax, Cire de Lanoline), Helianthus Annuus (Sunflower) Seed Oil, Bisamino PEG\/PPG-41\/3 Aminoethyl PG-Propyl Dimethicone\/Algae Extract\/Aloe Barbadensis Leaf Extract\/Anthemis Nobilis (Chamomile) Flower Extract\/Simmondsia Chinensis (Jojoba) Extract\/Rosmarinus Officinalis (Rosemary) Extract\/PEG-12 Dimethicone, Isohexadecane, Parfum (Fragrance), Amyl Cinnamal, Linalool, Limonene, Benzyl Benzoate.<\/div>\n<\/div>\n<div class=\"tab js-tab\">\n<h3 class=\"tab-title pdp-tabs_title js-tab-mobile-title\"><span>Livraison et stock<\/span><\/h3>\n<div class=\"tab-description pdp-tabs_description js-tab-description\">\n<div class=\"pdp-delivery_info\">\n<div class=\"content-asset\">Livraison et d\u00e9laisRetours et remboursements<\/div>\n<\/div>\n<\/div>\n<\/div>\n<\/div>\n<\/div>\n<\/div>\n","protected":false},"excerpt":{"rendered":"<p>Points cl\u00e9s Finition Fixant Brillance Hydratant Cire Description Cette Cire non grasse aux extraits de&hellip;<\/p>\n","protected":false},"featured_media":16254,"comment_status":"open","ping_status":"closed","template":"","meta":[],"pwb-brand":[660],"product_cat":[596],"product_tag":[373,128,127],"class_list":{"0":"post-30677","1":"product","2":"type-product","3":"status-publish","4":"has-post-thumbnail","6":"pwb-brand-paul-mitchell","7":"product_cat-produit-coiffant-et-fixant","8":"product_tag-paul-mitchell","9":"product_tag-produit-coiffant-et-fixant","10":"product_tag-shampooing-et-coiffure","12":"first","13":"instock","14":"taxable","15":"shipping-taxable","16":"purchasable","17":"product-type-simple","18":"layout-style-3","19":"col-md-4 col-sm-4 col-xs-6","20":"col-lg-3","21":"product-style-default"},"aioseo_notices":[],"brands":[{"id":660,"name":"Paul Mitchell","slug":"paul-mitchell"}],"_links":{"self":[{"href":"https:\/\/cheveuxluxe.com\/index.php\/wp-json\/wp\/v2\/product\/30677","targetHints":{"allow":["GET"]}}],"collection":[{"href":"https:\/\/cheveuxluxe.com\/index.php\/wp-json\/wp\/v2\/product"}],"about":[{"href":"https:\/\/cheveuxluxe.com\/index.php\/wp-json\/wp\/v2\/types\/product"}],"replies":[{"embeddable":true,"href":"https:\/\/cheveuxluxe.com\/index.php\/wp-json\/wp\/v2\/comments?post=30677"}],"version-history":[{"count":0,"href":"https:\/\/cheveuxluxe.com\/index.php\/wp-json\/wp\/v2\/product\/30677\/revisions"}],"wp:featuredmedia":[{"embeddable":true,"href":"https:\/\/cheveuxluxe.com\/index.php\/wp-json\/wp\/v2\/media\/16254"}],"wp:attachment":[{"href":"https:\/\/cheveuxluxe.com\/index.php\/wp-json\/wp\/v2\/media?parent=30677"}],"wp:term":[{"taxonomy":"pwb-brand","embeddable":true,"href":"https:\/\/cheveuxluxe.com\/index.php\/wp-json\/wp\/v2\/pwb-brand?post=30677"},{"taxonomy":"product_cat","embeddable":true,"href":"https:\/\/cheveuxluxe.com\/index.php\/wp-json\/wp\/v2\/product_cat?post=30677"},{"taxonomy":"product_tag","embeddable":true,"href":"https:\/\/cheveuxluxe.com\/index.php\/wp-json\/wp\/v2\/product_tag?post=30677"}],"curies":[{"name":"wp","href":"https:\/\/api.w.org\/{rel}","templated":true}]}}