{"id":30681,"date":"2024-04-09T22:55:13","date_gmt":"2024-04-09T22:55:13","guid":{"rendered":"https:\/\/cheveuxluxe.com\/index.php\/product\/paul-mitchell-neuro-heatctrl-reparateur-nuit-75ml\/"},"modified":"2024-04-13T14:05:28","modified_gmt":"2024-04-13T14:05:28","slug":"paul-mitchell-neuro-heatctrl-reparateur-nuit-75ml","status":"publish","type":"product","link":"https:\/\/cheveuxluxe.com\/index.php\/product\/paul-mitchell-neuro-heatctrl-reparateur-nuit-75ml\/","title":{"rendered":"Paul Mitchell Neuro HeatCTRL R\u00e9parateur Nuit 75ml"},"content":{"rendered":"<div class=\"product-content_bottom\">\n<div class=\"pdp-info\">\n<div class=\"pdp-tabs tab-container\">\n<div class=\"tab js-tab\">\n<h3 class=\"tab-title pdp-tabs_title js-tab-mobile-title open\"><span>Points cl\u00e9s<\/span><\/h3>\n<div class=\"tab-description pdp-tabs_description js-tab-description open\" itemprop=\"description\">\n<ul>\n<li>Cheveux boucl\u00e9s et ondul\u00e9s<\/li>\n<li>Cr\u00e8me coiffante thermo active<\/li>\n<li>fixation<\/li>\n<li>Protecteur de chaleur<\/li>\n<\/ul>\n<\/div>\n<\/div>\n<div class=\"tab js-tab\">\n<h3 class=\"tab-title pdp-tabs_title js-tab-mobile-title\"><span>Description<\/span><\/h3>\n<div class=\"tab-description pdp-tabs_description js-tab-description\" itemprop=\"description\">63% DE CASSE EN MOINS *<\/p>\n<p>Traitez les cheveux pendant que vous dormez et aidez les m\u00e8ches \u00e0 se remettre du stress du coiffage quotidien \u00e0 la chaleur avec un s\u00e8che-cheveux, un fer plat et un fer \u00e0 friser. Ce masque capillaire r\u00e9parateur avec la technologie HeatCTRL\u00ae r\u00e9pare les m\u00e8ches endommag\u00e9es, reconstitue l&rsquo;humidit\u00e9, lisse et scelle la cuticule, tout en aidant \u00e0 prot\u00e9ger contre les dommages futurs.<\/p>\n<p>La formule riche et r\u00e9g\u00e9n\u00e9rante laisse tous les types de cheveux plus doux et plus faciles \u00e0 coiffer sans laisser de r\u00e9sidu sur votre oreiller. Il suffit d&rsquo;appliquer une \u00e0 trois pompes de ce traitement sans rin\u00e7age sur des cheveux propres et humides au coucher et de vous r\u00e9veiller avec des cheveux repar\u00e9s. Pas besoin de rincer le matin.<\/p>\n<p>* Par rapport aux cheveux non trait\u00e9s. Le produit a \u00e9t\u00e9 test\u00e9 par un laboratoire ind\u00e9pendant Les r\u00e9sultats peuvent varier.<\/p><\/div>\n<\/div>\n<div class=\"tab js-tab\">\n<h3 class=\"tab-title pdp-tabs_title js-tab-mobile-title\"><span>Ingr\u00e9dients<\/span><\/h3>\n<div class=\"tab-description pdp-tabs_description js-tab-description\">Aqua (Water, Eau), Isohexadecane, Polyquaternium-37, Amodimethicone, Propylene Glycol Dicaprylate\/Dicaprate, Tocopherol, Bambusa Arundinacea Leaf Extract, Leuconostoc\/Radish Root Ferment Filtrate, Trametes Versicolor Extract, Hydrolyzed Corn Protein, Hydrolyzed Soy Protein, Hydrolyzed Wheat Protein, Alanine, Arginine, Glycine, Histidine, Isoleucine, Proline, Serine, Threonine, Valine, PCA, Linolenic Acid, Linoleic Acid, Aspartic Acid, Acetic Acid, Caprylyl Glycol, Cetrimonium Chloride, Cetyl Triethylmonium Dimethicone PEG-8 Succinate, Citric Acid, Glycerin, Hexylene Glycol, Hydroxypropylammonium Gluconate, Hydroxypropylgluconamide, Phenyl Trimethicone, Phenylalanine, Polyacrylamidopropyltrimonium Chloride, Polyquaternium-113, PPG-1 Trideceth-6, Propylene Glycol, Quaternium-80, Sodium Coco PG-Dimonium Chloride Phosphate, Sodium Lactate, Sodium Metabisulfite, Sodium PCA, Tartaric Acid, Trideceth-15, Trideceth-3, Benzoic Acid, Phenoxyethanol, Potassium Sorbate, Sodium Benzoate, Sorbic Acid, Parfum (Fragrance), Benzyl Alcohol, Alpha-Isomethyl Ionone, Benzyl Salicylate, Citronellol, Limonene, Linalool.<\/div>\n<\/div>\n<div class=\"tab js-tab\">\n<h3 class=\"tab-title pdp-tabs_title js-tab-mobile-title\"><span>Livraison et stock<\/span><\/h3>\n<div class=\"tab-description pdp-tabs_description js-tab-description\">\n<div class=\"pdp-delivery_info\">\n<div class=\"content-asset\">Livraison et d\u00e9laisRetours et remboursements<\/div>\n<\/div>\n<\/div>\n<\/div>\n<\/div>\n<\/div>\n<\/div>\n","protected":false},"excerpt":{"rendered":"<p>Points cl\u00e9s Cheveux boucl\u00e9s et ondul\u00e9s Cr\u00e8me coiffante thermo active fixation Protecteur de chaleur Description&hellip;<\/p>\n","protected":false},"featured_media":22334,"comment_status":"open","ping_status":"closed","template":"","meta":[],"pwb-brand":[660],"product_cat":[596],"product_tag":[373,128,127],"class_list":{"0":"post-30681","1":"product","2":"type-product","3":"status-publish","4":"has-post-thumbnail","6":"pwb-brand-paul-mitchell","7":"product_cat-produit-coiffant-et-fixant","8":"product_tag-paul-mitchell","9":"product_tag-produit-coiffant-et-fixant","10":"product_tag-shampooing-et-coiffure","12":"first","13":"instock","14":"taxable","15":"shipping-taxable","16":"purchasable","17":"product-type-simple","18":"layout-style-3","19":"col-md-4 col-sm-4 col-xs-6","20":"col-lg-3","21":"product-style-default"},"aioseo_notices":[],"brands":[{"id":660,"name":"Paul Mitchell","slug":"paul-mitchell"}],"_links":{"self":[{"href":"https:\/\/cheveuxluxe.com\/index.php\/wp-json\/wp\/v2\/product\/30681","targetHints":{"allow":["GET"]}}],"collection":[{"href":"https:\/\/cheveuxluxe.com\/index.php\/wp-json\/wp\/v2\/product"}],"about":[{"href":"https:\/\/cheveuxluxe.com\/index.php\/wp-json\/wp\/v2\/types\/product"}],"replies":[{"embeddable":true,"href":"https:\/\/cheveuxluxe.com\/index.php\/wp-json\/wp\/v2\/comments?post=30681"}],"version-history":[{"count":0,"href":"https:\/\/cheveuxluxe.com\/index.php\/wp-json\/wp\/v2\/product\/30681\/revisions"}],"wp:featuredmedia":[{"embeddable":true,"href":"https:\/\/cheveuxluxe.com\/index.php\/wp-json\/wp\/v2\/media\/22334"}],"wp:attachment":[{"href":"https:\/\/cheveuxluxe.com\/index.php\/wp-json\/wp\/v2\/media?parent=30681"}],"wp:term":[{"taxonomy":"pwb-brand","embeddable":true,"href":"https:\/\/cheveuxluxe.com\/index.php\/wp-json\/wp\/v2\/pwb-brand?post=30681"},{"taxonomy":"product_cat","embeddable":true,"href":"https:\/\/cheveuxluxe.com\/index.php\/wp-json\/wp\/v2\/product_cat?post=30681"},{"taxonomy":"product_tag","embeddable":true,"href":"https:\/\/cheveuxluxe.com\/index.php\/wp-json\/wp\/v2\/product_tag?post=30681"}],"curies":[{"name":"wp","href":"https:\/\/api.w.org\/{rel}","templated":true}]}}