{"id":30694,"date":"2024-04-09T22:55:40","date_gmt":"2024-04-09T22:55:40","guid":{"rendered":"https:\/\/cheveuxluxe.com\/index.php\/product\/paul-mitchell-spay-de-finition-hold-me-tight-300ml\/"},"modified":"2024-04-13T14:05:34","modified_gmt":"2024-04-13T14:05:34","slug":"paul-mitchell-spay-de-finition-hold-me-tight-300ml","status":"publish","type":"product","link":"https:\/\/cheveuxluxe.com\/index.php\/product\/paul-mitchell-spay-de-finition-hold-me-tight-300ml\/","title":{"rendered":"Paul Mitchell Spay de Finition Hold Me Tight 300ml"},"content":{"rendered":"<div class=\"product-content_bottom\">\n<div class=\"pdp-info\">\n<div class=\"pdp-tabs tab-container\">\n<div class=\"tab js-tab\">\n<h3 class=\"tab-title pdp-tabs_title js-tab-mobile-title open\"><span>Points cl\u00e9s<\/span><\/h3>\n<div class=\"tab-description pdp-tabs_description js-tab-description open\" itemprop=\"description\">\n<ul>\n<li>Spray de finition<\/li>\n<li>Une tenue forte et durable<\/li>\n<li>S\u00e8che rapidement sans raideur ni accumulation<\/li>\n<li>Am\u00e9liore la brillance et r\u00e9duit les \u00e9pis<\/li>\n<\/ul>\n<\/div>\n<\/div>\n<div class=\"tab js-tab\">\n<h3 class=\"tab-title pdp-tabs_title js-tab-mobile-title\"><span>Description<\/span><\/h3>\n<div class=\"tab-description pdp-tabs_description js-tab-description\" itemprop=\"description\">Ce qu&rsquo;il fait\u00a0:<br \/>Fixe tous les styles pour une tenue durable, s\u00e8che rapidement sans raideur ni accumulation.<br \/>Comment \u00e7a marche\u00a0:<br \/>Les polym\u00e8res puissants mais souples renforcent la fibre capillaire. Les revitalisants et les produits de brillance d\u00e9riv\u00e9s des v\u00e9g\u00e9teaux permettent d&rsquo;obtenir une brillance intense et de r\u00e9duire l&rsquo;\u00e9lectricit\u00e9 statique.<br \/>Bonus\u00a0:<br \/>Augmente la brillance et r\u00e9duit les \u00e9pis.<\/div>\n<\/div>\n<div class=\"tab js-tab\">\n<h3 class=\"tab-title pdp-tabs_title js-tab-mobile-title\"><span>Mode d&#8217;emploi<\/span><\/h3>\n<div class=\"tab-description pdp-tabs_description js-tab-description\">Vaporisez sur le style fini.<br \/>Si l\u2019embout se bloque, l&rsquo;enlever et le rincer \u00e0 l&rsquo;eau chaude.<\/div>\n<\/div>\n<div class=\"tab js-tab\">\n<h3 class=\"tab-title pdp-tabs_title js-tab-mobile-title\"><span>Ingr\u00e9dients<\/span><\/h3>\n<div class=\"tab-description pdp-tabs_description js-tab-description\">SD Alcohol 40-B (SDS-GA-436) (Alcohol Denat.), Hydrofluorocarbon 152a, Dimethyl Ether, AMP-Acrylates Copolymer, Polyurethane-14, Octylacrylamide\/Acrylates\/Butylaminoethyl Methacrylate Copolymer, Aqua (Water, Eau), Aminomethyl Propanol, Triethyl Citrate, Glycerin, PEG-75 Lanolin, PEG-14 Dimethicone, Parfum (Fragrance), Benzyl Benzoate, Linalool, Limonene.<\/div>\n<\/div>\n<div class=\"tab js-tab\">\n<h3 class=\"tab-title pdp-tabs_title js-tab-mobile-title\"><span>Livraison et stock<\/span><\/h3>\n<div class=\"tab-description pdp-tabs_description js-tab-description\">\n<div class=\"pdp-delivery_info\">\n<div class=\"content-asset\">Livraison et d\u00e9laisRetours et remboursements<\/div>\n<\/div>\n<\/div>\n<\/div>\n<\/div>\n<\/div>\n<\/div>\n","protected":false},"excerpt":{"rendered":"<p>Points cl\u00e9s Spray de finition Une tenue forte et durable S\u00e8che rapidement sans raideur ni&hellip;<\/p>\n","protected":false},"featured_media":18596,"comment_status":"open","ping_status":"closed","template":"","meta":[],"pwb-brand":[660],"product_cat":[596],"product_tag":[373,128,127],"class_list":{"0":"post-30694","1":"product","2":"type-product","3":"status-publish","4":"has-post-thumbnail","6":"pwb-brand-paul-mitchell","7":"product_cat-produit-coiffant-et-fixant","8":"product_tag-paul-mitchell","9":"product_tag-produit-coiffant-et-fixant","10":"product_tag-shampooing-et-coiffure","12":"first","13":"instock","14":"taxable","15":"shipping-taxable","16":"purchasable","17":"product-type-simple","18":"layout-style-3","19":"col-md-4 col-sm-4 col-xs-6","20":"col-lg-3","21":"product-style-default"},"aioseo_notices":[],"brands":[{"id":660,"name":"Paul Mitchell","slug":"paul-mitchell"}],"_links":{"self":[{"href":"https:\/\/cheveuxluxe.com\/index.php\/wp-json\/wp\/v2\/product\/30694","targetHints":{"allow":["GET"]}}],"collection":[{"href":"https:\/\/cheveuxluxe.com\/index.php\/wp-json\/wp\/v2\/product"}],"about":[{"href":"https:\/\/cheveuxluxe.com\/index.php\/wp-json\/wp\/v2\/types\/product"}],"replies":[{"embeddable":true,"href":"https:\/\/cheveuxluxe.com\/index.php\/wp-json\/wp\/v2\/comments?post=30694"}],"version-history":[{"count":0,"href":"https:\/\/cheveuxluxe.com\/index.php\/wp-json\/wp\/v2\/product\/30694\/revisions"}],"wp:featuredmedia":[{"embeddable":true,"href":"https:\/\/cheveuxluxe.com\/index.php\/wp-json\/wp\/v2\/media\/18596"}],"wp:attachment":[{"href":"https:\/\/cheveuxluxe.com\/index.php\/wp-json\/wp\/v2\/media?parent=30694"}],"wp:term":[{"taxonomy":"pwb-brand","embeddable":true,"href":"https:\/\/cheveuxluxe.com\/index.php\/wp-json\/wp\/v2\/pwb-brand?post=30694"},{"taxonomy":"product_cat","embeddable":true,"href":"https:\/\/cheveuxluxe.com\/index.php\/wp-json\/wp\/v2\/product_cat?post=30694"},{"taxonomy":"product_tag","embeddable":true,"href":"https:\/\/cheveuxluxe.com\/index.php\/wp-json\/wp\/v2\/product_tag?post=30694"}],"curies":[{"name":"wp","href":"https:\/\/api.w.org\/{rel}","templated":true}]}}