{"id":30696,"date":"2024-04-09T22:55:52","date_gmt":"2024-04-09T22:55:52","guid":{"rendered":"https:\/\/cheveuxluxe.com\/index.php\/product\/paul-mitchell-spray-texturizing-sea\/"},"modified":"2024-04-13T14:05:34","modified_gmt":"2024-04-13T14:05:34","slug":"paul-mitchell-spray-texturizing-sea","status":"publish","type":"product","link":"https:\/\/cheveuxluxe.com\/index.php\/product\/paul-mitchell-spray-texturizing-sea\/","title":{"rendered":"Paul Mitchell Spray Texturizing Sea"},"content":{"rendered":"<div class=\"product-content_bottom\">\n<div class=\"pdp-info\">\n<div class=\"pdp-tabs tab-container\">\n<div class=\"tab js-tab\">\n<h3 class=\"tab-title pdp-tabs_title js-tab-mobile-title open\"><span>Points cl\u00e9s<\/span><\/h3>\n<div class=\"tab-description pdp-tabs_description js-tab-description open\" itemprop=\"description\">\n<ul>\n<li> Brillance<\/li>\n<li>Volume<\/li>\n<li>Hydrate<\/li>\n<li>Anti-frisottis<\/li>\n<li>Douceur <\/li>\n<\/ul>\n<\/div>\n<\/div>\n<div class=\"tab js-tab\">\n<h3 class=\"tab-title pdp-tabs_title js-tab-mobile-title\"><span>Description<\/span><\/h3>\n<div class=\"tab-description pdp-tabs_description js-tab-description\" itemprop=\"description\">Spray Densifiant \u00e0 l&rsquo;Eau de Mer qui vous permet de cr\u00e9er un style d\u00e9coiff\u00e9, retour de plage, \u00e0 tout moment.<\/p>\n<p>Ce spray inspir\u00e9 du look des surfeurs apporte une texture volumineuse et du corps aux cheveux raides ou ondul\u00e9s. Elle contient la formule Kera-Triplex, une particule de k\u00e9ratine brevet\u00e9e, identique \u00e0 la k\u00e9ratine naturelle. Gr\u00e2ce \u00e0 cette technologie, les pertes subies dans la structure du cheveu lors de traitements chimiques intensifs sont repar\u00e9s, et son \u00e9tat de sant\u00e9 est visiblement am\u00e9lior\u00e9, ce qui rend la chevelure saine, pleine de vie et belle.<\/p>\n<p>L&rsquo;awapuhi naturel est riche en lipides, cet extrait exclusif de Paul Mitchell \u00e9quilibre l&rsquo;hydratation et contribue \u00e0 pr\u00e9venir le dess\u00e8chement.<\/p><\/div>\n<\/div>\n<div class=\"tab js-tab\">\n<h3 class=\"tab-title pdp-tabs_title js-tab-mobile-title\"><span>Mode d&#8217;emploi<\/span><\/h3>\n<div class=\"tab-description pdp-tabs_description js-tab-description\">Pulv\u00e9risez sur des cheveux propres et humides.<br \/>S\u00e9cher \u00e0 l&rsquo;air ou s\u00e9cher \u00e0 l&rsquo;aide d&rsquo;un diffuseur.<br \/>Pulv\u00e9riser sur les cheveux secs pour un volume suppl\u00e9mentaire.<\/div>\n<\/div>\n<div class=\"tab js-tab\">\n<h3 class=\"tab-title pdp-tabs_title js-tab-mobile-title\"><span>Ingr\u00e9dients<\/span><\/h3>\n<div class=\"tab-description pdp-tabs_description js-tab-description\">Aqua (Water, Eau), Magnesium Sulfate, PPG-5-Ceteth-20, Isoceteth-20, Hedychium Coronarium (White Ginger) Flower, Leaf, Stem Extract, Oxidized Keratin, Keratin, Hydrolyzed Keratin, Panthenol, Triethyl Citrate, Phenoxyethanol, Caprylyl Glycol, Citric Acid, Potassium Sorbate, Hexylene Glycol, Cinnamidopropyltrimonium Chloride, Bisamino PEG, PPG-41, 3 Aminoethyl PG-Propyl Dimethicone, PEG-12 Dimethicone, Parfum (Fragrance), Limonene, Benzyl Salicylate, Hexyl Cinnamal, Linalool, Eugenol, Benzyl Benzoate<\/div>\n<\/div>\n<div class=\"tab js-tab\">\n<h3 class=\"tab-title pdp-tabs_title js-tab-mobile-title\"><span>Livraison et stock<\/span><\/h3>\n<div class=\"tab-description pdp-tabs_description js-tab-description\">\n<div class=\"pdp-delivery_info\">\n<div class=\"content-asset\">Livraison et d\u00e9laisRetours et remboursements<\/div>\n<\/div>\n<\/div>\n<\/div>\n<\/div>\n<\/div>\n<\/div>\n","protected":false},"excerpt":{"rendered":"<p>Points cl\u00e9s Brillance Volume Hydrate Anti-frisottis Douceur Description Spray Densifiant \u00e0 l&rsquo;Eau de Mer qui&hellip;<\/p>\n","protected":false},"featured_media":30695,"comment_status":"open","ping_status":"closed","template":"","meta":[],"pwb-brand":[660],"product_cat":[596],"product_tag":[373,128,127],"class_list":{"0":"post-30696","1":"product","2":"type-product","3":"status-publish","4":"has-post-thumbnail","6":"pwb-brand-paul-mitchell","7":"product_cat-produit-coiffant-et-fixant","8":"product_tag-paul-mitchell","9":"product_tag-produit-coiffant-et-fixant","10":"product_tag-shampooing-et-coiffure","12":"first","13":"instock","14":"taxable","15":"shipping-taxable","16":"purchasable","17":"product-type-simple","18":"layout-style-3","19":"col-md-4 col-sm-4 col-xs-6","20":"col-lg-3","21":"product-style-default"},"aioseo_notices":[],"brands":[{"id":660,"name":"Paul Mitchell","slug":"paul-mitchell"}],"_links":{"self":[{"href":"https:\/\/cheveuxluxe.com\/index.php\/wp-json\/wp\/v2\/product\/30696","targetHints":{"allow":["GET"]}}],"collection":[{"href":"https:\/\/cheveuxluxe.com\/index.php\/wp-json\/wp\/v2\/product"}],"about":[{"href":"https:\/\/cheveuxluxe.com\/index.php\/wp-json\/wp\/v2\/types\/product"}],"replies":[{"embeddable":true,"href":"https:\/\/cheveuxluxe.com\/index.php\/wp-json\/wp\/v2\/comments?post=30696"}],"version-history":[{"count":0,"href":"https:\/\/cheveuxluxe.com\/index.php\/wp-json\/wp\/v2\/product\/30696\/revisions"}],"wp:featuredmedia":[{"embeddable":true,"href":"https:\/\/cheveuxluxe.com\/index.php\/wp-json\/wp\/v2\/media\/30695"}],"wp:attachment":[{"href":"https:\/\/cheveuxluxe.com\/index.php\/wp-json\/wp\/v2\/media?parent=30696"}],"wp:term":[{"taxonomy":"pwb-brand","embeddable":true,"href":"https:\/\/cheveuxluxe.com\/index.php\/wp-json\/wp\/v2\/pwb-brand?post=30696"},{"taxonomy":"product_cat","embeddable":true,"href":"https:\/\/cheveuxluxe.com\/index.php\/wp-json\/wp\/v2\/product_cat?post=30696"},{"taxonomy":"product_tag","embeddable":true,"href":"https:\/\/cheveuxluxe.com\/index.php\/wp-json\/wp\/v2\/product_tag?post=30696"}],"curies":[{"name":"wp","href":"https:\/\/api.w.org\/{rel}","templated":true}]}}