{"id":30702,"date":"2024-04-09T22:55:53","date_gmt":"2024-04-09T22:55:53","guid":{"rendered":"https:\/\/cheveuxluxe.com\/index.php\/product\/paul-mitchell-tt-lavender-mint-curl-refr-foam200ml\/"},"modified":"2024-04-13T14:05:37","modified_gmt":"2024-04-13T14:05:37","slug":"paul-mitchell-tt-lavender-mint-curl-refr-foam200ml","status":"publish","type":"product","link":"https:\/\/cheveuxluxe.com\/index.php\/product\/paul-mitchell-tt-lavender-mint-curl-refr-foam200ml\/","title":{"rendered":"Paul Mitchell TT Lavender Mint Curl Refr Foam200ml"},"content":{"rendered":"<div class=\"product-content_bottom\">\n<div class=\"pdp-info\">\n<div class=\"pdp-tabs tab-container\">\n<div class=\"tab js-tab\">\n<h3 class=\"tab-title pdp-tabs_title js-tab-mobile-title open\"><span>Points cl\u00e9s<\/span><\/h3>\n<div class=\"tab-description pdp-tabs_description js-tab-description open\" itemprop=\"description\">\n<ul>\n<li>Shampoing sec<\/li>\n<li>Texture mousse<\/li>\n<li>Rafraichis et laisse les cheveux propres<\/li>\n<\/ul>\n<\/div>\n<\/div>\n<div class=\"tab js-tab\">\n<h3 class=\"tab-title pdp-tabs_title js-tab-mobile-title\"><span>Description<\/span><\/h3>\n<div class=\"tab-description pdp-tabs_description js-tab-description\" itemprop=\"description\">Rafra\u00eechissez les cheveux avec ce shampooing sec moussant unique. Il fonctionne sans eau pour redonner vie aux boucles et aux vagues naturelles, en redonnant volume et rebond entre les lavages.<\/p>\n<p>Les huiles de mono\u00ef, de pequi et de jojoba aident \u00e0 ajouter de l&rsquo;hydratation et de la nutrition tout en aidant \u00e0 d\u00e9m\u00ealer les cheveux et \u00e0 d\u00e9finir les boucles.<br \/>Bonus suppl\u00e9mentaire: la lavande et la menthe apaisantes relax l&rsquo;esprit et les cheveux .<\/div>\n<\/div>\n<div class=\"tab js-tab\">\n<h3 class=\"tab-title pdp-tabs_title js-tab-mobile-title\"><span>Ingr\u00e9dients<\/span><\/h3>\n<div class=\"tab-description pdp-tabs_description js-tab-description\">Aqua (Water, Eau), Glycerin, Decyl Glucoside, Oleth-10, Oleth-5, Panthenol, Melaleuca Alternifolia (Tea Tree) Leaf Oil, Lavandula Angustifolia (Lavender) Flower Extract, Mentha Arvensis Leaf Extract, Simmondsia Chinensis (Jojoba) Seed Oil, Caryocar Brasiliense Fruit Oil, Mangifera Indica (Mango) Seed Butter, Cocos Nucifera (Coconut) Oil, Gardenia Taitensis Flower Extract, Helianthus Annuus (Sunflower) Seed Oil, Tocopherol, Phenoxyethanol, Hydroxyethylcellulose, Cetrimonium Chloride, Hydroxypropyltrimonium Hydrolyzed Corn Starch, Potassium Sorbate, Magnesium Sulfate, Citric Acid, Sodium Hydroxide, Disodium Phosphate, Ethylhexylglycerin, Polysorbate 60, Sodium Phosphate, Parfum (Fragrance), Benzyl Benzoate, Geraniol, Benzyl Alcohol, Limonene, Linalool.<\/div>\n<\/div>\n<div class=\"tab js-tab\">\n<h3 class=\"tab-title pdp-tabs_title js-tab-mobile-title\"><span>Livraison et stock<\/span><\/h3>\n<div class=\"tab-description pdp-tabs_description js-tab-description\">\n<div class=\"pdp-delivery_info\">\n<div class=\"content-asset\">Livraison et d\u00e9laisRetours et remboursements<\/div>\n<\/div>\n<\/div>\n<\/div>\n<\/div>\n<\/div>\n<\/div>\n","protected":false},"excerpt":{"rendered":"<p>Points cl\u00e9s Shampoing sec Texture mousse Rafraichis et laisse les cheveux propres Description Rafra\u00eechissez les&hellip;<\/p>\n","protected":false},"featured_media":22340,"comment_status":"open","ping_status":"closed","template":"","meta":[],"pwb-brand":[660],"product_cat":[596],"product_tag":[373,128,127],"class_list":{"0":"post-30702","1":"product","2":"type-product","3":"status-publish","4":"has-post-thumbnail","6":"pwb-brand-paul-mitchell","7":"product_cat-produit-coiffant-et-fixant","8":"product_tag-paul-mitchell","9":"product_tag-produit-coiffant-et-fixant","10":"product_tag-shampooing-et-coiffure","12":"first","13":"instock","14":"taxable","15":"shipping-taxable","16":"purchasable","17":"product-type-simple","18":"layout-style-3","19":"col-md-4 col-sm-4 col-xs-6","20":"col-lg-3","21":"product-style-default"},"aioseo_notices":[],"brands":[{"id":660,"name":"Paul Mitchell","slug":"paul-mitchell"}],"_links":{"self":[{"href":"https:\/\/cheveuxluxe.com\/index.php\/wp-json\/wp\/v2\/product\/30702","targetHints":{"allow":["GET"]}}],"collection":[{"href":"https:\/\/cheveuxluxe.com\/index.php\/wp-json\/wp\/v2\/product"}],"about":[{"href":"https:\/\/cheveuxluxe.com\/index.php\/wp-json\/wp\/v2\/types\/product"}],"replies":[{"embeddable":true,"href":"https:\/\/cheveuxluxe.com\/index.php\/wp-json\/wp\/v2\/comments?post=30702"}],"version-history":[{"count":0,"href":"https:\/\/cheveuxluxe.com\/index.php\/wp-json\/wp\/v2\/product\/30702\/revisions"}],"wp:featuredmedia":[{"embeddable":true,"href":"https:\/\/cheveuxluxe.com\/index.php\/wp-json\/wp\/v2\/media\/22340"}],"wp:attachment":[{"href":"https:\/\/cheveuxluxe.com\/index.php\/wp-json\/wp\/v2\/media?parent=30702"}],"wp:term":[{"taxonomy":"pwb-brand","embeddable":true,"href":"https:\/\/cheveuxluxe.com\/index.php\/wp-json\/wp\/v2\/pwb-brand?post=30702"},{"taxonomy":"product_cat","embeddable":true,"href":"https:\/\/cheveuxluxe.com\/index.php\/wp-json\/wp\/v2\/product_cat?post=30702"},{"taxonomy":"product_tag","embeddable":true,"href":"https:\/\/cheveuxluxe.com\/index.php\/wp-json\/wp\/v2\/product_tag?post=30702"}],"curies":[{"name":"wp","href":"https:\/\/api.w.org\/{rel}","templated":true}]}}