{"id":30709,"date":"2024-04-09T22:56:08","date_gmt":"2024-04-09T22:56:08","guid":{"rendered":"https:\/\/cheveuxluxe.com\/index.php\/product\/paul-mitchell-awapuhi-anti-frizz-hairspray-313ml\/"},"modified":"2024-04-13T14:05:39","modified_gmt":"2024-04-13T14:05:39","slug":"paul-mitchell-awapuhi-anti-frizz-hairspray-313ml","status":"publish","type":"product","link":"https:\/\/cheveuxluxe.com\/index.php\/product\/paul-mitchell-awapuhi-anti-frizz-hairspray-313ml\/","title":{"rendered":"Paul Mitchell Awapuhi Anti Frizz Hairspray 313ml"},"content":{"rendered":"<div class=\"product-content_bottom\">\n<div class=\"pdp-info\">\n<div class=\"pdp-tabs tab-container\">\n<div class=\"tab js-tab\">\n<h3 class=\"tab-title pdp-tabs_title js-tab-mobile-title open\"><span>Points cl\u00e9s<\/span><\/h3>\n<div class=\"tab-description pdp-tabs_description js-tab-description open\" itemprop=\"description\">\n<ul>\n<li>Aide \u00e0 pr\u00e9venir les frisottis et gardez votre style<\/li>\n<li>Cette laque \u00e0 s\u00e9chage rapide est con\u00e7ue pour se diffuser doucement et uniform\u00e9ment, formant une couche de protection contre l\u2019humidit\u00e9<\/li>\n<li>Infus\u00e9 \u00e0 l\u2019extrait naturel d\u2019awapuhi, sa formule \u00e0 tenue moyenne aide \u00e0 pr\u00e9venir les frisottis pour un rendu doux et plein de vie<\/li>\n<\/ul>\n<\/div>\n<\/div>\n<div class=\"tab js-tab\">\n<h3 class=\"tab-title pdp-tabs_title js-tab-mobile-title\"><span>Description<\/span><\/h3>\n<div class=\"tab-description pdp-tabs_description js-tab-description\" itemprop=\"description\">La laque ultra-s\u00e8che \u00e0 tenue moyenne prot\u00e8ge de l&rsquo;humidit\u00e9 et pr\u00e9vient les frisottis.<\/div>\n<\/div>\n<div class=\"tab js-tab\">\n<h3 class=\"tab-title pdp-tabs_title js-tab-mobile-title\"><span>Mode d&#8217;emploi<\/span><\/h3>\n<div class=\"tab-description pdp-tabs_description js-tab-description\">Danger: A\u00e9rosol Extr\u00eamement Inflammable. R\u00e9cipient sous pression: Peut exploser s\u2019il est chauff\u00e9. Tenir \u00e0 l\u2019\u00e9cart de la chaleur, des \u00e9tincelles, des flammes nues, des surfaces chaudes et toute autre source d\u2019ignition. Ne pas fumer. Ne pas vaporiser sur une flamme nue ou sur toute autre source d\u2019ignition. Ne pas percer ou br\u00fbler, m\u00eame apr\u00e8s usage. A prot\u00e9ger des rayons solaires. Ne pas exposer \u00e0 une temp\u00e9rature sup\u00e9rieure \u00e0 48\u00b0C. Conserver hors de la port\u00e9e des enfants. Ne pas appliquer sur le visage. Eviter le contact avec les yeux. Utiliser selon les instructions. Ne pas inhaler. Inhaler intentionnellement le produit apr\u00e8s l\u2019avoir concentr\u00e9 peut \u00eatre tr\u00e8s nocif ou m\u00eame fatal.<\/div>\n<\/div>\n<div class=\"tab js-tab\">\n<h3 class=\"tab-title pdp-tabs_title js-tab-mobile-title\"><span>Ingr\u00e9dients<\/span><\/h3>\n<div class=\"tab-description pdp-tabs_description js-tab-description\">Alcohol Denat. (SD Alcohol 40-B) (SDS-GA-436), Hydrofluorocarbon 152a, Isobutane, Octylacrylamide\/Acrylates\/Butylaminoethyl Methacrylate Copolymer, Crambe Abyssinica (Abyssinian) Seed Oil, Panthenol, Hedychium Coronarium (White Ginger) Root Extract, Aminomethyl Propanol, Triethyl Citrate, AMP-Isostearoyl Hydrolyzed Wheat Protein, Phenyl Trimethicone, Ethylhexyl Methoxycinnamate, Cyclopentasiloxane, Bisamino PEG\/PPG-41\/3 Aminoethyl PG-Propyl Dimethicone, Aqua (Water, Eau), PEG-12 Dimethicone, Parfum (Fragrance).<\/div>\n<\/div>\n<div class=\"tab js-tab\">\n<h3 class=\"tab-title pdp-tabs_title js-tab-mobile-title\"><span>Livraison et stock<\/span><\/h3>\n<div class=\"tab-description pdp-tabs_description js-tab-description\">\n<div class=\"pdp-delivery_info\">\n<div class=\"content-asset\">Livraison et d\u00e9laisRetours et remboursements<\/div>\n<\/div>\n<\/div>\n<\/div>\n<\/div>\n<\/div>\n<\/div>\n","protected":false},"excerpt":{"rendered":"<p>Points cl\u00e9s Aide \u00e0 pr\u00e9venir les frisottis et gardez votre style Cette laque \u00e0 s\u00e9chage&hellip;<\/p>\n","protected":false},"featured_media":30704,"comment_status":"open","ping_status":"closed","template":"","meta":[],"pwb-brand":[660],"product_cat":[596],"product_tag":[373,128,127],"class_list":{"0":"post-30709","1":"product","2":"type-product","3":"status-publish","4":"has-post-thumbnail","6":"pwb-brand-paul-mitchell","7":"product_cat-produit-coiffant-et-fixant","8":"product_tag-paul-mitchell","9":"product_tag-produit-coiffant-et-fixant","10":"product_tag-shampooing-et-coiffure","12":"first","13":"instock","14":"taxable","15":"shipping-taxable","16":"purchasable","17":"product-type-simple","18":"layout-style-3","19":"col-md-4 col-sm-4 col-xs-6","20":"col-lg-3","21":"product-has-gallery","22":"product-style-default"},"aioseo_notices":[],"brands":[{"id":660,"name":"Paul Mitchell","slug":"paul-mitchell"}],"_links":{"self":[{"href":"https:\/\/cheveuxluxe.com\/index.php\/wp-json\/wp\/v2\/product\/30709","targetHints":{"allow":["GET"]}}],"collection":[{"href":"https:\/\/cheveuxluxe.com\/index.php\/wp-json\/wp\/v2\/product"}],"about":[{"href":"https:\/\/cheveuxluxe.com\/index.php\/wp-json\/wp\/v2\/types\/product"}],"replies":[{"embeddable":true,"href":"https:\/\/cheveuxluxe.com\/index.php\/wp-json\/wp\/v2\/comments?post=30709"}],"version-history":[{"count":0,"href":"https:\/\/cheveuxluxe.com\/index.php\/wp-json\/wp\/v2\/product\/30709\/revisions"}],"wp:featuredmedia":[{"embeddable":true,"href":"https:\/\/cheveuxluxe.com\/index.php\/wp-json\/wp\/v2\/media\/30704"}],"wp:attachment":[{"href":"https:\/\/cheveuxluxe.com\/index.php\/wp-json\/wp\/v2\/media?parent=30709"}],"wp:term":[{"taxonomy":"pwb-brand","embeddable":true,"href":"https:\/\/cheveuxluxe.com\/index.php\/wp-json\/wp\/v2\/pwb-brand?post=30709"},{"taxonomy":"product_cat","embeddable":true,"href":"https:\/\/cheveuxluxe.com\/index.php\/wp-json\/wp\/v2\/product_cat?post=30709"},{"taxonomy":"product_tag","embeddable":true,"href":"https:\/\/cheveuxluxe.com\/index.php\/wp-json\/wp\/v2\/product_tag?post=30709"}],"curies":[{"name":"wp","href":"https:\/\/api.w.org\/{rel}","templated":true}]}}