{"id":30713,"date":"2024-04-09T22:56:11","date_gmt":"2024-04-09T22:56:11","guid":{"rendered":"https:\/\/cheveuxluxe.com\/index.php\/product\/paul-mitchell-grooming-pomade-85g\/"},"modified":"2024-04-13T14:05:41","modified_gmt":"2024-04-13T14:05:41","slug":"paul-mitchell-grooming-pomade-85g","status":"publish","type":"product","link":"https:\/\/cheveuxluxe.com\/index.php\/product\/paul-mitchell-grooming-pomade-85g\/","title":{"rendered":"Paul Mitchell Grooming Pomade 85g"},"content":{"rendered":"<div class=\"product-content_bottom\">\n<div class=\"pdp-info\">\n<div class=\"pdp-tabs tab-container\">\n<div class=\"tab js-tab\">\n<h3 class=\"tab-title pdp-tabs_title js-tab-mobile-title open\"><span>Points cl\u00e9s<\/span><\/h3>\n<div class=\"tab-description pdp-tabs_description js-tab-description open\" itemprop=\"description\">\n<ul>\n<li>Apporte de la brillance<\/li>\n<li>Id\u00e9al pour les cheveux secs, boucl\u00e9s, ondul\u00e9s<\/li>\n<li>Revitalisant<\/li>\n<li>Actifs menthe, arbre \u00e0 th\u00e9, agrumes<\/li>\n<\/ul>\n<\/div>\n<\/div>\n<div class=\"tab js-tab\">\n<h3 class=\"tab-title pdp-tabs_title js-tab-mobile-title\"><span>Description<\/span><\/h3>\n<div class=\"tab-description pdp-tabs_description js-tab-description\" itemprop=\"description\">Fournit une brillance \u00e0 l&rsquo;ancienne avec un coup de fouet moderne en fa\u00e7onnant, contr\u00f4lant et d\u00e9finissant les cheveux avec un maximum de brillance.<br \/>Les r\u00e9sines flexibles et les revitalisants \u00e0 base v\u00e9g\u00e9tale adoucissent et contr\u00f4lent, tandis qu&rsquo;un \u00e9clat de menthe fra\u00eeche, d&rsquo;arbre \u00e0 th\u00e9 et d&rsquo;agrumes rafra\u00eechit et ravive.<br \/>Id\u00e9al pour les types de cheveux ondul\u00e9s ou boucl\u00e9s.<\/div>\n<\/div>\n<div class=\"tab js-tab\">\n<h3 class=\"tab-title pdp-tabs_title js-tab-mobile-title\"><span>Ingr\u00e9dients<\/span><\/h3>\n<div class=\"tab-description pdp-tabs_description js-tab-description\">Aqua (Water, Eau), PEG-25 Hydrogenated Castor Oil, Oleth-10, Oleth-20, Propylene Glycol,Bis-Diglyceryl Polyacyladipate-2, Diisopropyl Dimer Dilinoleate, Glycerin, Melaleuca Alternifolia (Tea Tree) Leaf Oil, Cocos Nucifera (Coconut) Oil, Alcohol Denat., Caprylyl Glycol, Hexylene Glycol, Mica, Silica, Tin Oxide, PVP, Benzoic Acid, Diazolidinyl Urea, Phenoxyethanol, Potassium Sorbate, Parfum (Fragrance), Citronellol, Coumarin, Geraniol, Limonene, Linalool, Chromium Oxide Greens (CI 77288), Iron Oxides (CI 77489), Ferric Ferrocyanide (CI 77510),Titanium Dioxide (CI 77891).<\/div>\n<\/div>\n<div class=\"tab js-tab\">\n<h3 class=\"tab-title pdp-tabs_title js-tab-mobile-title\"><span>Livraison et stock<\/span><\/h3>\n<div class=\"tab-description pdp-tabs_description js-tab-description\">\n<div class=\"pdp-delivery_info\">\n<div class=\"content-asset\">Livraison et d\u00e9laisRetours et remboursements<\/div>\n<\/div>\n<\/div>\n<\/div>\n<\/div>\n<\/div>\n<\/div>\n","protected":false},"excerpt":{"rendered":"<p>Points cl\u00e9s Apporte de la brillance Id\u00e9al pour les cheveux secs, boucl\u00e9s, ondul\u00e9s Revitalisant Actifs&hellip;<\/p>\n","protected":false},"featured_media":16268,"comment_status":"open","ping_status":"closed","template":"","meta":[],"pwb-brand":[660],"product_cat":[596],"product_tag":[373,128,127],"class_list":{"0":"post-30713","1":"product","2":"type-product","3":"status-publish","4":"has-post-thumbnail","6":"pwb-brand-paul-mitchell","7":"product_cat-produit-coiffant-et-fixant","8":"product_tag-paul-mitchell","9":"product_tag-produit-coiffant-et-fixant","10":"product_tag-shampooing-et-coiffure","12":"first","13":"instock","14":"taxable","15":"shipping-taxable","16":"purchasable","17":"product-type-simple","18":"layout-style-3","19":"col-md-4 col-sm-4 col-xs-6","20":"col-lg-3","21":"product-style-default"},"aioseo_notices":[],"brands":[{"id":660,"name":"Paul Mitchell","slug":"paul-mitchell"}],"_links":{"self":[{"href":"https:\/\/cheveuxluxe.com\/index.php\/wp-json\/wp\/v2\/product\/30713","targetHints":{"allow":["GET"]}}],"collection":[{"href":"https:\/\/cheveuxluxe.com\/index.php\/wp-json\/wp\/v2\/product"}],"about":[{"href":"https:\/\/cheveuxluxe.com\/index.php\/wp-json\/wp\/v2\/types\/product"}],"replies":[{"embeddable":true,"href":"https:\/\/cheveuxluxe.com\/index.php\/wp-json\/wp\/v2\/comments?post=30713"}],"version-history":[{"count":0,"href":"https:\/\/cheveuxluxe.com\/index.php\/wp-json\/wp\/v2\/product\/30713\/revisions"}],"wp:featuredmedia":[{"embeddable":true,"href":"https:\/\/cheveuxluxe.com\/index.php\/wp-json\/wp\/v2\/media\/16268"}],"wp:attachment":[{"href":"https:\/\/cheveuxluxe.com\/index.php\/wp-json\/wp\/v2\/media?parent=30713"}],"wp:term":[{"taxonomy":"pwb-brand","embeddable":true,"href":"https:\/\/cheveuxluxe.com\/index.php\/wp-json\/wp\/v2\/pwb-brand?post=30713"},{"taxonomy":"product_cat","embeddable":true,"href":"https:\/\/cheveuxluxe.com\/index.php\/wp-json\/wp\/v2\/product_cat?post=30713"},{"taxonomy":"product_tag","embeddable":true,"href":"https:\/\/cheveuxluxe.com\/index.php\/wp-json\/wp\/v2\/product_tag?post=30713"}],"curies":[{"name":"wp","href":"https:\/\/api.w.org\/{rel}","templated":true}]}}