{"id":30721,"date":"2024-04-09T22:56:27","date_gmt":"2024-04-09T22:56:27","guid":{"rendered":"https:\/\/cheveuxluxe.com\/index.php\/product\/paul-mitchell-awapuhi-finishing-spray-300ml\/"},"modified":"2024-04-13T14:05:44","modified_gmt":"2024-04-13T14:05:44","slug":"paul-mitchell-awapuhi-finishing-spray-300ml","status":"publish","type":"product","link":"https:\/\/cheveuxluxe.com\/index.php\/product\/paul-mitchell-awapuhi-finishing-spray-300ml\/","title":{"rendered":"Paul Mitchell Awapuhi Finishing Spray 300ml"},"content":{"rendered":"<div class=\"product-content_bottom\">\n<div class=\"pdp-info\">\n<div class=\"pdp-tabs tab-container\">\n<div class=\"tab js-tab\">\n<h3 class=\"tab-title pdp-tabs_title js-tab-mobile-title open\"><span>Points cl\u00e9s<\/span><\/h3>\n<div class=\"tab-description pdp-tabs_description js-tab-description open\" itemprop=\"description\">&#8211;Cette laque \u00e0 s\u00e9chage rapide offre une r\u00e9sistance \u00e0 l&rsquo;humidit\u00e9 et une brillance avec un fini naturel au toucher et une tenue ferme. &#8212; L&rsquo;extrait d&rsquo;awapuhi r\u00e9colt\u00e9 de mani\u00e8re durable dans notre ferme \u00e0 Hawa\u00ef \u00e9quilibre l&rsquo;hydratation, laissant les cheveux doux et sains. &#8212;<\/div>\n<\/div>\n<div class=\"tab js-tab\">\n<h3 class=\"tab-title pdp-tabs_title js-tab-mobile-title\"><span>Description<\/span><\/h3>\n<div class=\"tab-description pdp-tabs_description js-tab-description\" itemprop=\"description\">La laque au fini naturel fixe le style avec une tenue ferme et r\u00e9sistante \u00e0 l&rsquo;humidit\u00e9.<\/div>\n<\/div>\n<div class=\"tab js-tab\">\n<h3 class=\"tab-title pdp-tabs_title js-tab-mobile-title\"><span>Mode d&#8217;emploi<\/span><\/h3>\n<div class=\"tab-description pdp-tabs_description js-tab-description\">Danger: A\u00e9rosol Extr\u00eamement Inflammable. R\u00e9cipient sous pression: Peut exploser s\u2019il est chauff\u00e9. Tenir \u00e0 l\u2019\u00e9cart de la chaleur, des \u00e9tincelles, des flammes nues, des surfaces chaudes et toute autre source d\u2019ignition. Ne pas fumer. Ne pas vaporiser sur une flamme nue ou sur toute autre source d\u2019ignition. Ne pas percer ou br\u00fbler, m\u00eame apr\u00e8s usage. A prot\u00e9ger des rayons solaires. Ne pas exposer \u00e0 une temp\u00e9rature sup\u00e9rieure \u00e0 48\u00b0C. Conserver hors de la port\u00e9e des enfants. Ne pas appliquer sur le visage. Eviter le contact avec les yeux. Utiliser selon les instructions. Ne pas inhaler. Inhaler intentionnellement le produit apr\u00e8s l\u2019avoir concentr\u00e9 peut \u00eatre tr\u00e8s nocif ou m\u00eame fatal.<\/div>\n<\/div>\n<div class=\"tab js-tab\">\n<h3 class=\"tab-title pdp-tabs_title js-tab-mobile-title\"><span>Ingr\u00e9dients<\/span><\/h3>\n<div class=\"tab-description pdp-tabs_description js-tab-description\">SD Alcohol 40-B (SDS-GA-436) (Alcohol Denat.), Hydrofluorocarbon 152a, Octylacrylamide\/Acrylates\/Butylaminoethyl Methacrylate Copolymer, Aminomethyl Propanol, Bisamino PEG\/PPG-41\/3 Aminoethyl PG-Propyl Dimethicone\/Hedychium Coronarium (White Ginger) Root Extract\/PEG-12 Dimethicone, Hydrolyzed Keratin, Oxidized Keratin, Keratin, Cyclopentasiloxane, Cyclotetrasiloxane, PEG\/PPG-17\/18 Dimethicone, Phenyl Trimethicone, Pentaerythrityl Tetracaprylate\/Tetracaprate, AMP-Isostearoyl Hydrolyzed Wheat Protein, Triethyl Citrate, Aqua (Water, Eau), Parfum (Fragrance), Benzyl Salicylate, Hexyl Cinnamal, Limonene, Linalool.<\/div>\n<\/div>\n<div class=\"tab js-tab\">\n<h3 class=\"tab-title pdp-tabs_title js-tab-mobile-title\"><span>Livraison et stock<\/span><\/h3>\n<div class=\"tab-description pdp-tabs_description js-tab-description\">\n<div class=\"pdp-delivery_info\">\n<div class=\"content-asset\">Livraison et d\u00e9laisRetours et remboursements<\/div>\n<\/div>\n<\/div>\n<\/div>\n<\/div>\n<\/div>\n<\/div>\n","protected":false},"excerpt":{"rendered":"<p>Points cl\u00e9s &#8211;Cette laque \u00e0 s\u00e9chage rapide offre une r\u00e9sistance \u00e0 l&rsquo;humidit\u00e9 et une brillance&hellip;<\/p>\n","protected":false},"featured_media":30716,"comment_status":"open","ping_status":"closed","template":"","meta":[],"pwb-brand":[660],"product_cat":[596],"product_tag":[373,128,127],"class_list":{"0":"post-30721","1":"product","2":"type-product","3":"status-publish","4":"has-post-thumbnail","6":"pwb-brand-paul-mitchell","7":"product_cat-produit-coiffant-et-fixant","8":"product_tag-paul-mitchell","9":"product_tag-produit-coiffant-et-fixant","10":"product_tag-shampooing-et-coiffure","12":"first","13":"instock","14":"taxable","15":"shipping-taxable","16":"purchasable","17":"product-type-simple","18":"layout-style-3","19":"col-md-4 col-sm-4 col-xs-6","20":"col-lg-3","21":"product-has-gallery","22":"product-style-default"},"aioseo_notices":[],"brands":[{"id":660,"name":"Paul Mitchell","slug":"paul-mitchell"}],"_links":{"self":[{"href":"https:\/\/cheveuxluxe.com\/index.php\/wp-json\/wp\/v2\/product\/30721","targetHints":{"allow":["GET"]}}],"collection":[{"href":"https:\/\/cheveuxluxe.com\/index.php\/wp-json\/wp\/v2\/product"}],"about":[{"href":"https:\/\/cheveuxluxe.com\/index.php\/wp-json\/wp\/v2\/types\/product"}],"replies":[{"embeddable":true,"href":"https:\/\/cheveuxluxe.com\/index.php\/wp-json\/wp\/v2\/comments?post=30721"}],"version-history":[{"count":0,"href":"https:\/\/cheveuxluxe.com\/index.php\/wp-json\/wp\/v2\/product\/30721\/revisions"}],"wp:featuredmedia":[{"embeddable":true,"href":"https:\/\/cheveuxluxe.com\/index.php\/wp-json\/wp\/v2\/media\/30716"}],"wp:attachment":[{"href":"https:\/\/cheveuxluxe.com\/index.php\/wp-json\/wp\/v2\/media?parent=30721"}],"wp:term":[{"taxonomy":"pwb-brand","embeddable":true,"href":"https:\/\/cheveuxluxe.com\/index.php\/wp-json\/wp\/v2\/pwb-brand?post=30721"},{"taxonomy":"product_cat","embeddable":true,"href":"https:\/\/cheveuxluxe.com\/index.php\/wp-json\/wp\/v2\/product_cat?post=30721"},{"taxonomy":"product_tag","embeddable":true,"href":"https:\/\/cheveuxluxe.com\/index.php\/wp-json\/wp\/v2\/product_tag?post=30721"}],"curies":[{"name":"wp","href":"https:\/\/api.w.org\/{rel}","templated":true}]}}