{"id":30753,"date":"2024-04-09T22:57:01","date_gmt":"2024-04-09T22:57:01","guid":{"rendered":"https:\/\/cheveuxluxe.com\/index.php\/product\/paul-mitchell-gel-tenue-firm-hold-200ml\/"},"modified":"2024-04-13T14:05:57","modified_gmt":"2024-04-13T14:05:57","slug":"paul-mitchell-gel-tenue-firm-hold-200ml","status":"publish","type":"product","link":"https:\/\/cheveuxluxe.com\/index.php\/product\/paul-mitchell-gel-tenue-firm-hold-200ml\/","title":{"rendered":"Paul Mitchell Gel Tenue Firm Hold 200ml"},"content":{"rendered":"<div class=\"product-content_bottom\">\n<div class=\"pdp-info\">\n<div class=\"pdp-tabs tab-container\">\n<div class=\"tab js-tab\">\n<h3 class=\"tab-title pdp-tabs_title js-tab-mobile-title open\"><span>Points cl\u00e9s<\/span><\/h3>\n<div class=\"tab-description pdp-tabs_description js-tab-description open\" itemprop=\"description\">\n<ul>\n<li>Texture Gel<\/li>\n<li>Haute fixation<\/li>\n<li>s&rsquo;applique sur cheveux mouill\u00e9s\/li&gt;<\/li>\n<li>Extraits de menthe, arbre a th\u00e9, agrumes <\/li>\n<\/ul>\n<\/div>\n<\/div>\n<div class=\"tab js-tab\">\n<h3 class=\"tab-title pdp-tabs_title js-tab-mobile-title\"><span>Description<\/span><\/h3>\n<div class=\"tab-description pdp-tabs_description js-tab-description\" itemprop=\"description\">Ce gel sans r\u00e9sidus offre un contr\u00f4le maximal avec un parfum rafra\u00eechissant, \u00e9paississant les cheveux et fixant le style.<\/p>\n<p>Les ingr\u00e9dients coiffants aident votre style \u00e0 rester en place, tandis qu&rsquo;une explosion de menthe fra\u00eeche, d&rsquo;arbre \u00e0 th\u00e9 et d&rsquo;agrumes rafra\u00eechit et ravive.<\/p>\n<p>La formule polyvalente peut \u00eatre appliqu\u00e9e sur les cheveux mouill\u00e9s ou secs.<\/p><\/div>\n<\/div>\n<div class=\"tab js-tab\">\n<h3 class=\"tab-title pdp-tabs_title js-tab-mobile-title\"><span>Ingr\u00e9dients<\/span><\/h3>\n<div class=\"tab-description pdp-tabs_description js-tab-description\">Aqua (Water, Eau), Polyacrylamidomethylpropane Sulfonic Acid, VP\/VA Copolymer, Triethanolamine, Polysorbate 20, Polyacrylic Acid, Propylene Glycol, Melaleuca Alternifolia (Tea Tree) Leaf Oil, Aloe Barbadensis Leaf Juice, Phenoxyethanol, Aminomethyl Propanol, Benzoic Acid, Triethyl Citrate, Dehydroacetic Acid, PPG-5-Ceteth-20, Parfum (Fragrance), Limonene, Linalool, Hydroxycitronellal.<\/div>\n<\/div>\n<div class=\"tab js-tab\">\n<h3 class=\"tab-title pdp-tabs_title js-tab-mobile-title\"><span>Livraison et stock<\/span><\/h3>\n<div class=\"tab-description pdp-tabs_description js-tab-description\">\n<div class=\"pdp-delivery_info\">\n<div class=\"content-asset\">Livraison et d\u00e9laisRetours et remboursements<\/div>\n<\/div>\n<\/div>\n<\/div>\n<\/div>\n<\/div>\n<\/div>\n","protected":false},"excerpt":{"rendered":"<p>Points cl\u00e9s Texture Gel Haute fixation s&rsquo;applique sur cheveux mouill\u00e9s\/li&gt; Extraits de menthe, arbre a&hellip;<\/p>\n","protected":false},"featured_media":16282,"comment_status":"open","ping_status":"closed","template":"","meta":[],"pwb-brand":[660],"product_cat":[596],"product_tag":[373,128,127],"class_list":{"0":"post-30753","1":"product","2":"type-product","3":"status-publish","4":"has-post-thumbnail","6":"pwb-brand-paul-mitchell","7":"product_cat-produit-coiffant-et-fixant","8":"product_tag-paul-mitchell","9":"product_tag-produit-coiffant-et-fixant","10":"product_tag-shampooing-et-coiffure","12":"first","13":"instock","14":"taxable","15":"shipping-taxable","16":"purchasable","17":"product-type-simple","18":"layout-style-3","19":"col-md-4 col-sm-4 col-xs-6","20":"col-lg-3","21":"product-style-default"},"aioseo_notices":[],"brands":[{"id":660,"name":"Paul Mitchell","slug":"paul-mitchell"}],"_links":{"self":[{"href":"https:\/\/cheveuxluxe.com\/index.php\/wp-json\/wp\/v2\/product\/30753","targetHints":{"allow":["GET"]}}],"collection":[{"href":"https:\/\/cheveuxluxe.com\/index.php\/wp-json\/wp\/v2\/product"}],"about":[{"href":"https:\/\/cheveuxluxe.com\/index.php\/wp-json\/wp\/v2\/types\/product"}],"replies":[{"embeddable":true,"href":"https:\/\/cheveuxluxe.com\/index.php\/wp-json\/wp\/v2\/comments?post=30753"}],"version-history":[{"count":0,"href":"https:\/\/cheveuxluxe.com\/index.php\/wp-json\/wp\/v2\/product\/30753\/revisions"}],"wp:featuredmedia":[{"embeddable":true,"href":"https:\/\/cheveuxluxe.com\/index.php\/wp-json\/wp\/v2\/media\/16282"}],"wp:attachment":[{"href":"https:\/\/cheveuxluxe.com\/index.php\/wp-json\/wp\/v2\/media?parent=30753"}],"wp:term":[{"taxonomy":"pwb-brand","embeddable":true,"href":"https:\/\/cheveuxluxe.com\/index.php\/wp-json\/wp\/v2\/pwb-brand?post=30753"},{"taxonomy":"product_cat","embeddable":true,"href":"https:\/\/cheveuxluxe.com\/index.php\/wp-json\/wp\/v2\/product_cat?post=30753"},{"taxonomy":"product_tag","embeddable":true,"href":"https:\/\/cheveuxluxe.com\/index.php\/wp-json\/wp\/v2\/product_tag?post=30753"}],"curies":[{"name":"wp","href":"https:\/\/api.w.org\/{rel}","templated":true}]}}