{"id":30758,"date":"2024-04-09T22:57:12","date_gmt":"2024-04-09T22:57:12","guid":{"rendered":"https:\/\/cheveuxluxe.com\/index.php\/product\/paul-mitchell-gel-volume-et-brillance-styling-200ml\/"},"modified":"2024-04-13T14:05:59","modified_gmt":"2024-04-13T14:05:59","slug":"paul-mitchell-gel-volume-et-brillance-styling-200ml","status":"publish","type":"product","link":"https:\/\/cheveuxluxe.com\/index.php\/product\/paul-mitchell-gel-volume-et-brillance-styling-200ml\/","title":{"rendered":"Paul Mitchell Gel Volume et Brillance Styling 200ml"},"content":{"rendered":"<div class=\"product-content_bottom\">\n<div class=\"pdp-info\">\n<div class=\"pdp-tabs tab-container\">\n<div class=\"tab js-tab\">\n<h3 class=\"tab-title pdp-tabs_title js-tab-mobile-title open\"><span>Points cl\u00e9s<\/span><\/h3>\n<div class=\"tab-description pdp-tabs_description js-tab-description open\" itemprop=\"description\">\n<ul>\n<li>Ajoutez du volume et de la brillance \u00e0 vos cheveux<\/li>\n<li>Renouvelle les sens avec de l&rsquo;huile d&rsquo;arbre \u00e0 th\u00e9 revigorante, de la menthe poivr\u00e9e et de la lavande.<\/li>\n<li>Brillance, corps et maniabilit\u00e9<\/li>\n<li>La formule polyvalente peut \u00eatre appliqu\u00e9e sur les cheveux mouill\u00e9s ou secs<\/li>\n<\/ul>\n<\/div>\n<\/div>\n<div class=\"tab js-tab\">\n<h3 class=\"tab-title pdp-tabs_title js-tab-mobile-title\"><span>Description<\/span><\/h3>\n<div class=\"tab-description pdp-tabs_description js-tab-description\" itemprop=\"description\">Le gel coiffant Paul Mitchell Tea Tree ajoute du volume et de la brillance \u00e0 vos cheveux.<br \/>Suffisamment polyvalent pour \u00eatre utilis\u00e9 sur les cheveux mouill\u00e9s ou secs, ce produit de coiffage flexible aide \u00e0 mettre en forme n&rsquo;importe quel style.<br \/>Les revitalisants laissent les m\u00e8ches brillantes, tandis que la lavande, l&rsquo;huile d&rsquo;arbre \u00e0 th\u00e9 et la menthe rafra\u00eechissent l&rsquo;esprit.<\/p>\n<p>Disponible en tube de 200 ml.<\/p><\/div>\n<\/div>\n<div class=\"tab js-tab\">\n<h3 class=\"tab-title pdp-tabs_title js-tab-mobile-title\"><span>Ingr\u00e9dients<\/span><\/h3>\n<div class=\"tab-description pdp-tabs_description js-tab-description\">Aqua (Water, Eau), Polyacrylamidomethylpropane Sulfonic Acid, Triethanolamine, Polyacrylic Acid, Propylene Glycol, VP\/VA Copolymer, Melaleuca Alternifolia (Tea Tree) Leaf Oil, Hedychium Coronarium (White Ginger) Flower\/Leaf\/Stem Extract, Aloe Barbadensis Leaf Juice, Algae Extract, Rosmarinus Officinalis (Rosemary) Leaf Extract, Anthemis Nobilis Flower Extract, Simmondsia Chinensis (Jojoba) Leaf Extract, Aloe Barbadensis Leaf Extract, Aminomethyl Propanol, DMDM Hydantoin, Triethyl Citrate, PPG-5-Ceteth-20, Polysorbate 20, Butylene Glycol, Iodopropynyl Butylcarbamate, Bisamino PEG\/PPG-41\/3 Aminoethyl PG-Propyl Dimethicone, CI 19140 (Yellow 5), CI 42090 (Blue 1), PEG-12 Dimethicone, Parfum (Fragrance).<\/div>\n<\/div>\n<div class=\"tab js-tab\">\n<h3 class=\"tab-title pdp-tabs_title js-tab-mobile-title\"><span>Livraison et stock<\/span><\/h3>\n<div class=\"tab-description pdp-tabs_description js-tab-description\">\n<div class=\"pdp-delivery_info\">\n<div class=\"content-asset\">Livraison et d\u00e9laisRetours et remboursements<\/div>\n<\/div>\n<\/div>\n<\/div>\n<\/div>\n<\/div>\n<\/div>\n","protected":false},"excerpt":{"rendered":"<p>Points cl\u00e9s Ajoutez du volume et de la brillance \u00e0 vos cheveux Renouvelle les sens&hellip;<\/p>\n","protected":false},"featured_media":16280,"comment_status":"open","ping_status":"closed","template":"","meta":[],"pwb-brand":[660],"product_cat":[596],"product_tag":[373,128,127],"class_list":{"0":"post-30758","1":"product","2":"type-product","3":"status-publish","4":"has-post-thumbnail","6":"pwb-brand-paul-mitchell","7":"product_cat-produit-coiffant-et-fixant","8":"product_tag-paul-mitchell","9":"product_tag-produit-coiffant-et-fixant","10":"product_tag-shampooing-et-coiffure","12":"first","13":"instock","14":"taxable","15":"shipping-taxable","16":"purchasable","17":"product-type-simple","18":"layout-style-3","19":"col-md-4 col-sm-4 col-xs-6","20":"col-lg-3","21":"product-style-default"},"aioseo_notices":[],"brands":[{"id":660,"name":"Paul Mitchell","slug":"paul-mitchell"}],"_links":{"self":[{"href":"https:\/\/cheveuxluxe.com\/index.php\/wp-json\/wp\/v2\/product\/30758","targetHints":{"allow":["GET"]}}],"collection":[{"href":"https:\/\/cheveuxluxe.com\/index.php\/wp-json\/wp\/v2\/product"}],"about":[{"href":"https:\/\/cheveuxluxe.com\/index.php\/wp-json\/wp\/v2\/types\/product"}],"replies":[{"embeddable":true,"href":"https:\/\/cheveuxluxe.com\/index.php\/wp-json\/wp\/v2\/comments?post=30758"}],"version-history":[{"count":0,"href":"https:\/\/cheveuxluxe.com\/index.php\/wp-json\/wp\/v2\/product\/30758\/revisions"}],"wp:featuredmedia":[{"embeddable":true,"href":"https:\/\/cheveuxluxe.com\/index.php\/wp-json\/wp\/v2\/media\/16280"}],"wp:attachment":[{"href":"https:\/\/cheveuxluxe.com\/index.php\/wp-json\/wp\/v2\/media?parent=30758"}],"wp:term":[{"taxonomy":"pwb-brand","embeddable":true,"href":"https:\/\/cheveuxluxe.com\/index.php\/wp-json\/wp\/v2\/pwb-brand?post=30758"},{"taxonomy":"product_cat","embeddable":true,"href":"https:\/\/cheveuxluxe.com\/index.php\/wp-json\/wp\/v2\/product_cat?post=30758"},{"taxonomy":"product_tag","embeddable":true,"href":"https:\/\/cheveuxluxe.com\/index.php\/wp-json\/wp\/v2\/product_tag?post=30758"}],"curies":[{"name":"wp","href":"https:\/\/api.w.org\/{rel}","templated":true}]}}