{"id":30759,"date":"2024-04-09T22:57:12","date_gmt":"2024-04-09T22:57:12","guid":{"rendered":"https:\/\/cheveuxluxe.com\/index.php\/product\/paul-mitchell-mousse-sculptante-500ml\/"},"modified":"2024-04-13T14:05:59","modified_gmt":"2024-04-13T14:05:59","slug":"paul-mitchell-mousse-sculptante-500ml","status":"publish","type":"product","link":"https:\/\/cheveuxluxe.com\/index.php\/product\/paul-mitchell-mousse-sculptante-500ml\/","title":{"rendered":"Paul Mitchell Mousse Sculptante 500ml"},"content":{"rendered":"<div class=\"product-content_bottom\">\n<div class=\"pdp-info\">\n<div class=\"pdp-tabs tab-container\">\n<div class=\"tab js-tab\">\n<h3 class=\"tab-title pdp-tabs_title js-tab-mobile-title open\"><span>Points cl\u00e9s<\/span><\/h3>\n<div class=\"tab-description pdp-tabs_description js-tab-description open\" itemprop=\"description\">\n<ul>\n<li> Mousse coiffante<\/li>\n<li>Sans parab\u00e8ne<\/li>\n<li>Vegan<\/li>\n<li>Cheveux boucl\u00e9s<\/li>\n<li>Cheveux color\u00e9s <\/li>\n<\/ul>\n<\/div>\n<\/div>\n<div class=\"tab js-tab\">\n<h3 class=\"tab-title pdp-tabs_title js-tab-mobile-title\"><span>Description<\/span><\/h3>\n<div class=\"tab-description pdp-tabs_description js-tab-description\" itemprop=\"description\">Avec la mousse Flexible Style de Paul Mitchell, vous stylisez les cheveux facilement\u00a0: la mousse apporte de la texture et du volume pour une tenue longue dur\u00e9e. Ce produit permet en plus de contr\u00f4ler les frisottis, tout en apportant brillance et souplesse, ainsi que d\u2019\u00e9liminer l\u2019\u00e9lectricit\u00e9 statique. La coiffure est durable, d\u2019aspect naturel, et les cheveux sont \u00e9clatants de sant\u00e9.<\/p>\n<p>La formulation de cette mousse coiffante contient \u00e0 la fois des agents de texture et du panth\u00e9nol pour une tenue efficace qui respecte la fibre capillaire. En plus, les \u00e9mollients hydratants vont permettre de lisser la surface du cheveu pour un toucher doux et r\u00e9gulier.<\/p>\n<p>La coiffure est sublim\u00e9e avec une tenue longue dur\u00e9e et un aspect naturel. La mousse est particuli\u00e8rement conseill\u00e9e pour cr\u00e9er des boucles et ondulations bien d\u00e9finies, douces et sans effet durci.<\/p><\/div>\n<\/div>\n<div class=\"tab js-tab\">\n<h3 class=\"tab-title pdp-tabs_title js-tab-mobile-title\"><span>Mode d&#8217;emploi<\/span><\/h3>\n<div class=\"tab-description pdp-tabs_description js-tab-description\">\u2013\u00a0Prot\u00e9gez les v\u00eatements en couvrant les \u00e9paules avant utilisation et agitez bien la bombonne.<br \/>\u2013\u00a0Actionnez le spray \u00e0 l\u2019envers pour faire sortir une petite quantit\u00e9 de produit.<br \/>\u2013\u00a0R\u00e9partissez de fa\u00e7on uniforme sur toute la chevelure.<br \/>\u2013\u00a0Coiffez la chevelure.<\/div>\n<\/div>\n<div class=\"tab js-tab\">\n<h3 class=\"tab-title pdp-tabs_title js-tab-mobile-title\"><span>Ingr\u00e9dients<\/span><\/h3>\n<div class=\"tab-description pdp-tabs_description js-tab-description\">Aqua (Water, Eau), Isobutane, Polyquaternium-11, Hedychium Coronarium (White Ginger) Root Extract, Panthenol, Aloe Barbadensis Extract, Anthemis Nobilis FlowerExtract, Rosmarinus Officinalis Leaf, Simmondsia Chinensis (Jojoba) Seed Oil, Ascophyllum Nodosum Extract, Tocopherol, Bisamino PEG\/PPG-41\/3 Aminoethyl PG-PropylDimethicone, Caprylyl Glycol, Cetyl Alcohol, Citric Acid, CocamidopropylBetaine, Ethylhexylglycerin, Glycerin, Oleth-20, PEG-12 Dimethicone, Polysorbate 20, Propane, Propylene Glycol, Stearyl Alcohol, Tetrasodium EDTA, Cetrimonium Bromide,Phenoxyethanol, Parfum (Fragrance), Benzyl Alcohol, Coumarin, Limonene.<\/div>\n<\/div>\n<div class=\"tab js-tab\">\n<h3 class=\"tab-title pdp-tabs_title js-tab-mobile-title\"><span>Livraison et stock<\/span><\/h3>\n<div class=\"tab-description pdp-tabs_description js-tab-description\">\n<div class=\"pdp-delivery_info\">\n<div class=\"content-asset\">Livraison et d\u00e9laisRetours et remboursements<\/div>\n<\/div>\n<\/div>\n<\/div>\n<\/div>\n<\/div>\n<\/div>\n","protected":false},"excerpt":{"rendered":"<p>Points cl\u00e9s Mousse coiffante Sans parab\u00e8ne Vegan Cheveux boucl\u00e9s Cheveux color\u00e9s Description Avec la mousse&hellip;<\/p>\n","protected":false},"featured_media":16252,"comment_status":"open","ping_status":"closed","template":"","meta":[],"pwb-brand":[660],"product_cat":[596],"product_tag":[373,128,127],"class_list":{"0":"post-30759","1":"product","2":"type-product","3":"status-publish","4":"has-post-thumbnail","6":"pwb-brand-paul-mitchell","7":"product_cat-produit-coiffant-et-fixant","8":"product_tag-paul-mitchell","9":"product_tag-produit-coiffant-et-fixant","10":"product_tag-shampooing-et-coiffure","12":"first","13":"instock","14":"taxable","15":"shipping-taxable","16":"purchasable","17":"product-type-simple","18":"layout-style-3","19":"col-md-4 col-sm-4 col-xs-6","20":"col-lg-3","21":"product-style-default"},"aioseo_notices":[],"brands":[{"id":660,"name":"Paul Mitchell","slug":"paul-mitchell"}],"_links":{"self":[{"href":"https:\/\/cheveuxluxe.com\/index.php\/wp-json\/wp\/v2\/product\/30759","targetHints":{"allow":["GET"]}}],"collection":[{"href":"https:\/\/cheveuxluxe.com\/index.php\/wp-json\/wp\/v2\/product"}],"about":[{"href":"https:\/\/cheveuxluxe.com\/index.php\/wp-json\/wp\/v2\/types\/product"}],"replies":[{"embeddable":true,"href":"https:\/\/cheveuxluxe.com\/index.php\/wp-json\/wp\/v2\/comments?post=30759"}],"version-history":[{"count":0,"href":"https:\/\/cheveuxluxe.com\/index.php\/wp-json\/wp\/v2\/product\/30759\/revisions"}],"wp:featuredmedia":[{"embeddable":true,"href":"https:\/\/cheveuxluxe.com\/index.php\/wp-json\/wp\/v2\/media\/16252"}],"wp:attachment":[{"href":"https:\/\/cheveuxluxe.com\/index.php\/wp-json\/wp\/v2\/media?parent=30759"}],"wp:term":[{"taxonomy":"pwb-brand","embeddable":true,"href":"https:\/\/cheveuxluxe.com\/index.php\/wp-json\/wp\/v2\/pwb-brand?post=30759"},{"taxonomy":"product_cat","embeddable":true,"href":"https:\/\/cheveuxluxe.com\/index.php\/wp-json\/wp\/v2\/product_cat?post=30759"},{"taxonomy":"product_tag","embeddable":true,"href":"https:\/\/cheveuxluxe.com\/index.php\/wp-json\/wp\/v2\/product_tag?post=30759"}],"curies":[{"name":"wp","href":"https:\/\/api.w.org\/{rel}","templated":true}]}}