{"id":30760,"date":"2024-04-09T22:57:12","date_gmt":"2024-04-09T22:57:12","guid":{"rendered":"https:\/\/cheveuxluxe.com\/index.php\/product\/paul-mitchell-gel-creme-fast-form-200ml\/"},"modified":"2024-04-13T14:26:54","modified_gmt":"2024-04-13T14:26:54","slug":"paul-mitchell-gel-creme-fast-form-200ml","status":"publish","type":"product","link":"https:\/\/cheveuxluxe.com\/index.php\/product\/paul-mitchell-gel-creme-fast-form-200ml\/","title":{"rendered":"Paul Mitchell Gel Cr\u00e8me Fast Form 200ml"},"content":{"rendered":"<div class=\"product-content_bottom\">\n<div class=\"pdp-info\">\n<div class=\"pdp-tabs tab-container\">\n<div class=\"tab js-tab\">\n<h3 class=\"tab-title pdp-tabs_title js-tab-mobile-title open\"><span>Points cl\u00e9s<\/span><\/h3>\n<div class=\"tab-description pdp-tabs_description js-tab-description open\" itemprop=\"description\">\n<ul>\n<li>Gel cr\u00e8me<\/li>\n<li>Apaise, dompte et fixe toute coiffure avec une tenue longue dur\u00e9e<\/li>\n<li>Renforce la brillance et la souplesse<\/li>\n<li>Fait des merveilles sur les boucles sans frisottis<\/li>\n<li>Cr\u00e9e de superbes effets et contribue \u00e0 r\u00e9duire le temps de s\u00e9chage<\/li>\n<\/ul>\n<\/div>\n<\/div>\n<div class=\"tab js-tab\">\n<h3 class=\"tab-title pdp-tabs_title js-tab-mobile-title\"><span>Description<\/span><\/h3>\n<div class=\"tab-description pdp-tabs_description js-tab-description\" itemprop=\"description\">Ce qu&rsquo;il fait\u00a0:<br \/>Apaise, dompte et fixe toute les coiffures avec une tenue durable\u00a0; cr\u00e9e de superbes d\u00e9tails et aide \u00e0 r\u00e9duire le temps de s\u00e9chage.<br \/>Comment \u00e7a marche\u00a0:<br \/>Le beurre de karit\u00e9, l&rsquo;onagre, l&rsquo;avocat et l&rsquo;huile de jojoba am\u00e9liorent la brillance et la souplesse.<br \/>Bonus\u00a0:<br \/>Fait des merveilles sur les boucles avec des r\u00e9sultats sans frisottis\u00a0; la formule polyvalente peut \u00eatre appliqu\u00e9e sur les cheveux secs ou mouill\u00e9s.<\/div>\n<\/div>\n<div class=\"tab js-tab\">\n<h3 class=\"tab-title pdp-tabs_title js-tab-mobile-title\"><span>Mode d&#8217;emploi<\/span><\/h3>\n<div class=\"tab-description pdp-tabs_description js-tab-description\">Appliquez sur les cheveux humides.<br \/>Coiffez comme souhait\u00e9.<\/div>\n<\/div>\n<div class=\"tab js-tab\">\n<h3 class=\"tab-title pdp-tabs_title js-tab-mobile-title\"><span>Ingr\u00e9dients<\/span><\/h3>\n<div class=\"tab-description pdp-tabs_description js-tab-description\">Aqua (Water, Eau), Isohexadecane, Cyclopentasiloxane, Glycerin, Vp, Dimethylaminoethylmethacrylate Copolymer, Cetearyl Alcohol, Stearyl Alcohol, Polyquaternium-4, Cetrimonium Chloride, Butyrospermum Parkii (Shea) Butter, Oenothera Biennis (Evening Primrose) Oil, Persea Gratissima (Avocado) Oil, Simmondsia Chinensis (Jojoba) Seed Oil, Panthenol, Hydrolyzed Soy Protein, Phenyl Trimethicone, Glyceryl Distearate, Phenoxyethanol, Sclerotium Gum, Potassium Sorbate, Trideceth-12, Dimethicone, Polyquaternium-70, Dipropylene Glycol, Quaternium-80, Citric Acid, Propylene Glycol, Trimethylsiloxyamodimethicone, Sodium Phytate, C11-15 Pareth-7, C12-16 Pareth-9, Parfum (Fragrance), Benzyl Alcohol, Limonene, Linalool, Hydroxycitronellal, Citral<\/div>\n<\/div>\n<div class=\"tab js-tab\">\n<h3 class=\"tab-title pdp-tabs_title js-tab-mobile-title\"><span>Livraison et stock<\/span><\/h3>\n<div class=\"tab-description pdp-tabs_description js-tab-description\">\n<div class=\"pdp-delivery_info\">\n<div class=\"content-asset\">Livraison et d\u00e9laisRetours et remboursements<\/div>\n<\/div>\n<\/div>\n<\/div>\n<\/div>\n<\/div>\n<\/div>\n","protected":false},"excerpt":{"rendered":"<p>Points cl\u00e9s Gel cr\u00e8me Apaise, dompte et fixe toute coiffure avec une tenue longue dur\u00e9e&hellip;<\/p>\n","protected":false},"featured_media":16284,"comment_status":"open","ping_status":"closed","template":"","meta":[],"pwb-brand":[660],"product_cat":[617],"product_tag":[274,373,273],"class_list":{"0":"post-30760","1":"product","2":"type-product","3":"status-publish","4":"has-post-thumbnail","6":"pwb-brand-paul-mitchell","7":"product_cat-coiffure","8":"product_tag-coiffure","9":"product_tag-paul-mitchell","10":"product_tag-vegan","12":"first","13":"instock","14":"taxable","15":"shipping-taxable","16":"purchasable","17":"product-type-simple","18":"layout-style-3","19":"col-md-4 col-sm-4 col-xs-6","20":"col-lg-3","21":"product-style-default"},"aioseo_notices":[],"brands":[{"id":660,"name":"Paul Mitchell","slug":"paul-mitchell"}],"_links":{"self":[{"href":"https:\/\/cheveuxluxe.com\/index.php\/wp-json\/wp\/v2\/product\/30760","targetHints":{"allow":["GET"]}}],"collection":[{"href":"https:\/\/cheveuxluxe.com\/index.php\/wp-json\/wp\/v2\/product"}],"about":[{"href":"https:\/\/cheveuxluxe.com\/index.php\/wp-json\/wp\/v2\/types\/product"}],"replies":[{"embeddable":true,"href":"https:\/\/cheveuxluxe.com\/index.php\/wp-json\/wp\/v2\/comments?post=30760"}],"version-history":[{"count":0,"href":"https:\/\/cheveuxluxe.com\/index.php\/wp-json\/wp\/v2\/product\/30760\/revisions"}],"wp:featuredmedia":[{"embeddable":true,"href":"https:\/\/cheveuxluxe.com\/index.php\/wp-json\/wp\/v2\/media\/16284"}],"wp:attachment":[{"href":"https:\/\/cheveuxluxe.com\/index.php\/wp-json\/wp\/v2\/media?parent=30760"}],"wp:term":[{"taxonomy":"pwb-brand","embeddable":true,"href":"https:\/\/cheveuxluxe.com\/index.php\/wp-json\/wp\/v2\/pwb-brand?post=30760"},{"taxonomy":"product_cat","embeddable":true,"href":"https:\/\/cheveuxluxe.com\/index.php\/wp-json\/wp\/v2\/product_cat?post=30760"},{"taxonomy":"product_tag","embeddable":true,"href":"https:\/\/cheveuxluxe.com\/index.php\/wp-json\/wp\/v2\/product_tag?post=30760"}],"curies":[{"name":"wp","href":"https:\/\/api.w.org\/{rel}","templated":true}]}}