{"id":30765,"date":"2024-04-09T22:57:16","date_gmt":"2024-04-09T22:57:16","guid":{"rendered":"https:\/\/cheveuxluxe.com\/index.php\/product\/osmo-cire-argile-100ml\/"},"modified":"2024-04-13T14:06:02","modified_gmt":"2024-04-13T14:06:02","slug":"osmo-cire-argile-100ml","status":"publish","type":"product","link":"https:\/\/cheveuxluxe.com\/index.php\/product\/osmo-cire-argile-100ml\/","title":{"rendered":"Osmo Cire Argile 100ml"},"content":{"rendered":"<div class=\"product-content_bottom\">\n<div class=\"pdp-info\">\n<div class=\"pdp-tabs tab-container\">\n<div class=\"tab js-tab\">\n<h3 class=\"tab-title pdp-tabs_title js-tab-mobile-title open\"><span>Points cl\u00e9s<\/span><\/h3>\n<div class=\"tab-description pdp-tabs_description js-tab-description open\" itemprop=\"description\">\n<ul>\n<li> Finition mate<\/li>\n<li>Tenue longue dur\u00e9e<\/li>\n<li>R\u00e9sultat naturel<\/li>\n<li>Cheveu densifi\u00e9 <\/li>\n<\/ul>\n<\/div>\n<\/div>\n<div class=\"tab js-tab\">\n<h3 class=\"tab-title pdp-tabs_title js-tab-mobile-title\"><span>Description<\/span><\/h3>\n<div class=\"tab-description pdp-tabs_description js-tab-description\" itemprop=\"description\">Id\u00e9ale pour fixer et remodeler des cheveux courts avec un fini mat naturel, la cire Clay Wax d\u2019Osmo \u00e0 base d\u2019argile tient toutes ses promesses en utilisant des ingr\u00e9dients naturels rigoureusement s\u00e9lectionn\u00e9s pour leurs innombrables vertus.Le kaolin, argile blanche tr\u00e8s fine, matifie d\u00e9licatement les cheveux pour un rendu naturel qui dure toute la journ\u00e9e. Avec la cire d\u2019abeille, aux propri\u00e9t\u00e9s densifiantes et texturisantes, il forme un duo de choc qui apporte un r\u00e9sultat ultra naturel, sans alourdir la coiffure ! En un instant, la mati\u00e8re devient souple, pour un maintien durable.Le r\u00e9sultat est sans appel : les cheveux sont ma\u00eetris\u00e9s \u00e0 la perfection ! Gr\u00e2ce \u00e0 ces deux ingr\u00e9dients exclusifs, vous pouvez enfin r\u00e9pondre \u00e0 toutes vos envies de coiffure, m\u00eame sophistiqu\u00e9es !<\/div>\n<\/div>\n<div class=\"tab js-tab\">\n<h3 class=\"tab-title pdp-tabs_title js-tab-mobile-title\"><span>Mode d&#8217;emploi<\/span><\/h3>\n<div class=\"tab-description pdp-tabs_description js-tab-description\">Chauffez une petite noisette de cire dans le creux de votre main avant de sculpter les cheveux secs ou humides selon vos envies.<\/div>\n<\/div>\n<div class=\"tab js-tab\">\n<h3 class=\"tab-title pdp-tabs_title js-tab-mobile-title\"><span>Ingr\u00e9dients<\/span><\/h3>\n<div class=\"tab-description pdp-tabs_description js-tab-description\">Petrolatum, Kaolin, Peg-7 Glyceryl Cocoate, Cera Alba (Beeswax), Paraffinum Liquidum (Mineral Oil), Propylene Glycol, Parfum (Fragrance), Eugenol, Hexyl Cinnamal, Cinnamal, Limonene, Diazolidinyl Urea, Iodopropynyl Butylcarbamate<\/div>\n<\/div>\n<div class=\"tab js-tab\">\n<h3 class=\"tab-title pdp-tabs_title js-tab-mobile-title\"><span>Livraison et stock<\/span><\/h3>\n<div class=\"tab-description pdp-tabs_description js-tab-description\">\n<div class=\"pdp-delivery_info\">\n<div class=\"content-asset\">Livraison et d\u00e9laisRetours et remboursements<\/div>\n<\/div>\n<\/div>\n<\/div>\n<\/div>\n<\/div>\n<\/div>\n","protected":false},"excerpt":{"rendered":"<p>Points cl\u00e9s Finition mate Tenue longue dur\u00e9e R\u00e9sultat naturel Cheveu densifi\u00e9 Description Id\u00e9ale pour fixer&hellip;<\/p>\n","protected":false},"featured_media":21695,"comment_status":"open","ping_status":"closed","template":"","meta":[],"pwb-brand":[661],"product_cat":[596],"product_tag":[385,128,127],"class_list":{"0":"post-30765","1":"product","2":"type-product","3":"status-publish","4":"has-post-thumbnail","6":"pwb-brand-osmo","7":"product_cat-produit-coiffant-et-fixant","8":"product_tag-osmo","9":"product_tag-produit-coiffant-et-fixant","10":"product_tag-shampooing-et-coiffure","12":"first","13":"instock","14":"taxable","15":"shipping-taxable","16":"purchasable","17":"product-type-simple","18":"layout-style-3","19":"col-md-4 col-sm-4 col-xs-6","20":"col-lg-3","21":"product-style-default"},"aioseo_notices":[],"brands":[{"id":661,"name":"Osmo","slug":"osmo"}],"_links":{"self":[{"href":"https:\/\/cheveuxluxe.com\/index.php\/wp-json\/wp\/v2\/product\/30765","targetHints":{"allow":["GET"]}}],"collection":[{"href":"https:\/\/cheveuxluxe.com\/index.php\/wp-json\/wp\/v2\/product"}],"about":[{"href":"https:\/\/cheveuxluxe.com\/index.php\/wp-json\/wp\/v2\/types\/product"}],"replies":[{"embeddable":true,"href":"https:\/\/cheveuxluxe.com\/index.php\/wp-json\/wp\/v2\/comments?post=30765"}],"version-history":[{"count":0,"href":"https:\/\/cheveuxluxe.com\/index.php\/wp-json\/wp\/v2\/product\/30765\/revisions"}],"wp:featuredmedia":[{"embeddable":true,"href":"https:\/\/cheveuxluxe.com\/index.php\/wp-json\/wp\/v2\/media\/21695"}],"wp:attachment":[{"href":"https:\/\/cheveuxluxe.com\/index.php\/wp-json\/wp\/v2\/media?parent=30765"}],"wp:term":[{"taxonomy":"pwb-brand","embeddable":true,"href":"https:\/\/cheveuxluxe.com\/index.php\/wp-json\/wp\/v2\/pwb-brand?post=30765"},{"taxonomy":"product_cat","embeddable":true,"href":"https:\/\/cheveuxluxe.com\/index.php\/wp-json\/wp\/v2\/product_cat?post=30765"},{"taxonomy":"product_tag","embeddable":true,"href":"https:\/\/cheveuxluxe.com\/index.php\/wp-json\/wp\/v2\/product_tag?post=30765"}],"curies":[{"name":"wp","href":"https:\/\/api.w.org\/{rel}","templated":true}]}}