{"id":30774,"date":"2024-04-09T22:57:29","date_gmt":"2024-04-09T22:57:29","guid":{"rendered":"https:\/\/cheveuxluxe.com\/index.php\/product\/osmo-cire-aqua-wax-hard-100ml\/"},"modified":"2024-04-13T14:24:38","modified_gmt":"2024-04-13T14:24:38","slug":"osmo-cire-aqua-wax-hard-100ml","status":"publish","type":"product","link":"https:\/\/cheveuxluxe.com\/index.php\/product\/osmo-cire-aqua-wax-hard-100ml\/","title":{"rendered":"Osmo Cire Aqua-Wax Hard 100ml"},"content":{"rendered":"<div class=\"product-content_bottom\">\n<div class=\"pdp-info\">\n<div class=\"pdp-tabs tab-container\">\n<div class=\"tab js-tab\">\n<h3 class=\"tab-title pdp-tabs_title js-tab-mobile-title open\"><span>Points cl\u00e9s<\/span><\/h3>\n<div class=\"tab-description pdp-tabs_description js-tab-description open\" itemprop=\"description\">\n<ul>\n<li> Brillance intense<\/li>\n<li>Formul\u00e9 \u00e0 base d\u2019eau<\/li>\n<li>Soluble \u00e0 l\u2019eau<\/li>\n<li>Tenue forte <\/li>\n<\/ul>\n<\/div>\n<\/div>\n<div class=\"tab js-tab\">\n<h3 class=\"tab-title pdp-tabs_title js-tab-mobile-title\"><span>Description<\/span><\/h3>\n<div class=\"tab-description pdp-tabs_description js-tab-description\" itemprop=\"description\">D\u00e9couvrez la cire Aqua-Wax Hard d\u2019Osmo qui s\u2019adresse \u00e0 tous celles et ceux qui r\u00eavent d\u2019une coiffure sophistiqu\u00e9e qui tient toute la journ\u00e9e. Fini le temps o\u00f9 vous jalousiez les coiffures parfaites des magazines. Aujourd\u2019hui, c\u2019est \u00e0 votre tour d\u2019oser le look dandy !Formul\u00e9e \u00e0 base d\u2019eau, la cire Aqua-Wax Hard s\u2019\u00e9limine d\u00e8s le premier shampooing et laisse les cheveux sains, sans les agresser. Avec ses agents ultras fixants, elle r\u00e9pond \u00e0 toutes vos envies avec un effet cheveux mouill\u00e9s ma\u00eetris\u00e9.Id\u00e9ale pour tous types de cheveux, cette cire fixe le mouvement souhait\u00e9 et bloque instantan\u00e9ment le ph\u00e9nom\u00e8ne d\u2019\u00e9lectricit\u00e9 statique. Son r\u00e9sultat haute brillance et longue tenue saura vous impressionner !<\/div>\n<\/div>\n<div class=\"tab js-tab\">\n<h3 class=\"tab-title pdp-tabs_title js-tab-mobile-title\"><span>Mode d&#8217;emploi<\/span><\/h3>\n<div class=\"tab-description pdp-tabs_description js-tab-description\">Pr\u00e9levez une petite noisette de cire Aqua-Wax Hard et faites chauffer la mati\u00e8re \u00e9nergiquement entre vos paumes. Puis, proc\u00e9dez au coiffage \u00e0 la main sur cheveux courts \u00e0 mi longs, soit pr\u00e9s\u00e9ch\u00e9s, soit secs.<\/div>\n<\/div>\n<div class=\"tab js-tab\">\n<h3 class=\"tab-title pdp-tabs_title js-tab-mobile-title\"><span>Ingr\u00e9dients<\/span><\/h3>\n<div class=\"tab-description pdp-tabs_description js-tab-description\">Aqua (Water), Ceteareth-30, Peg-7 Glyceryl Cocoate, Glycerin, Paraffinum Liquidum (Mineral Oil), Parfum (Fragrance), Propylene Glycol, Linalool, Geraniol, Amyl Cinnamal, Hexyl Cinnamal, Limonene, Benzyl Salicylate, Citronellol, Diazolidynyl Urea, Iodopropynyl Butylcarbamate, Ci 60730 (Ext D&amp;C Violet No2)<\/div>\n<\/div>\n<div class=\"tab js-tab\">\n<h3 class=\"tab-title pdp-tabs_title js-tab-mobile-title\"><span>Livraison et stock<\/span><\/h3>\n<div class=\"tab-description pdp-tabs_description js-tab-description\">\n<div class=\"pdp-delivery_info\">\n<div class=\"content-asset\">Livraison et d\u00e9laisRetours et remboursements<\/div>\n<\/div>\n<\/div>\n<\/div>\n<\/div>\n<\/div>\n<\/div>\n","protected":false},"excerpt":{"rendered":"<p>Points cl\u00e9s Brillance intense Formul\u00e9 \u00e0 base d\u2019eau Soluble \u00e0 l\u2019eau Tenue forte Description D\u00e9couvrez&hellip;<\/p>\n","protected":false},"featured_media":15949,"comment_status":"open","ping_status":"closed","template":"","meta":[],"pwb-brand":[661],"product_cat":[617],"product_tag":[274,385,273],"class_list":{"0":"post-30774","1":"product","2":"type-product","3":"status-publish","4":"has-post-thumbnail","6":"pwb-brand-osmo","7":"product_cat-coiffure","8":"product_tag-coiffure","9":"product_tag-osmo","10":"product_tag-vegan","12":"first","13":"instock","14":"taxable","15":"shipping-taxable","16":"purchasable","17":"product-type-simple","18":"layout-style-3","19":"col-md-4 col-sm-4 col-xs-6","20":"col-lg-3","21":"product-style-default"},"aioseo_notices":[],"brands":[{"id":661,"name":"Osmo","slug":"osmo"}],"_links":{"self":[{"href":"https:\/\/cheveuxluxe.com\/index.php\/wp-json\/wp\/v2\/product\/30774","targetHints":{"allow":["GET"]}}],"collection":[{"href":"https:\/\/cheveuxluxe.com\/index.php\/wp-json\/wp\/v2\/product"}],"about":[{"href":"https:\/\/cheveuxluxe.com\/index.php\/wp-json\/wp\/v2\/types\/product"}],"replies":[{"embeddable":true,"href":"https:\/\/cheveuxluxe.com\/index.php\/wp-json\/wp\/v2\/comments?post=30774"}],"version-history":[{"count":0,"href":"https:\/\/cheveuxluxe.com\/index.php\/wp-json\/wp\/v2\/product\/30774\/revisions"}],"wp:featuredmedia":[{"embeddable":true,"href":"https:\/\/cheveuxluxe.com\/index.php\/wp-json\/wp\/v2\/media\/15949"}],"wp:attachment":[{"href":"https:\/\/cheveuxluxe.com\/index.php\/wp-json\/wp\/v2\/media?parent=30774"}],"wp:term":[{"taxonomy":"pwb-brand","embeddable":true,"href":"https:\/\/cheveuxluxe.com\/index.php\/wp-json\/wp\/v2\/pwb-brand?post=30774"},{"taxonomy":"product_cat","embeddable":true,"href":"https:\/\/cheveuxluxe.com\/index.php\/wp-json\/wp\/v2\/product_cat?post=30774"},{"taxonomy":"product_tag","embeddable":true,"href":"https:\/\/cheveuxluxe.com\/index.php\/wp-json\/wp\/v2\/product_tag?post=30774"}],"curies":[{"name":"wp","href":"https:\/\/api.w.org\/{rel}","templated":true}]}}