{"id":30779,"date":"2024-04-09T22:57:31","date_gmt":"2024-04-09T22:57:31","guid":{"rendered":"https:\/\/cheveuxluxe.com\/index.php\/product\/osmo-elite-pomade\/"},"modified":"2024-04-13T14:06:09","modified_gmt":"2024-04-13T14:06:09","slug":"osmo-elite-pomade","status":"publish","type":"product","link":"https:\/\/cheveuxluxe.com\/index.php\/product\/osmo-elite-pomade\/","title":{"rendered":"Osmo Elite Pomade"},"content":{"rendered":"<div class=\"product-content_bottom\">\n<div class=\"pdp-info\">\n<div class=\"pdp-tabs tab-container\">\n<div class=\"tab js-tab\">\n<h3 class=\"tab-title pdp-tabs_title js-tab-mobile-title open\"><span>Points cl\u00e9s<\/span><\/h3>\n<div class=\"tab-description pdp-tabs_description js-tab-description open\" itemprop=\"description\">\n<ul>\n<li>Pommade forte tenue<\/li>\n<li>Soluble dans l&rsquo;eau<\/li>\n<li>Pas de r\u00e9sidu collant<\/li>\n<li>R\u00e9alise une vari\u00e9t\u00e9 de styles allant de la houppe volumineuse aux coiffures lisses<\/li>\n<li>Incroyable parfum fruit\u00e9<\/li>\n<\/ul>\n<\/div>\n<\/div>\n<div class=\"tab js-tab\">\n<h3 class=\"tab-title pdp-tabs_title js-tab-mobile-title\"><span>Description<\/span><\/h3>\n<div class=\"tab-description pdp-tabs_description js-tab-description\" itemprop=\"description\">Une pommade forte tenue pour tous les styles, des houppes modernes aux coiffures lisses classiques\u00a0! Avec la pommade capillaire Osmo Elite, vos cheveux auront un aspect et un parfum frais et au top. Modelez et manipulez le style que vous avez choisi avec facilit\u00e9 et avec un maximum de prise.<\/div>\n<\/div>\n<div class=\"tab js-tab\">\n<h3 class=\"tab-title pdp-tabs_title js-tab-mobile-title\"><span>Mode d&#8217;emploi<\/span><\/h3>\n<div class=\"tab-description pdp-tabs_description js-tab-description\">Massez la quantit\u00e9 d\u00e9sir\u00e9e de fa\u00e7on uniforme sur l&rsquo;ensemble des cheveux secs ou humides. Travaillez pour mettre en forme. CONSEIL\u00a0: La chaleur facilitera l&rsquo;application.<\/div>\n<\/div>\n<div class=\"tab js-tab\">\n<h3 class=\"tab-title pdp-tabs_title js-tab-mobile-title\"><span>Ingr\u00e9dients<\/span><\/h3>\n<div class=\"tab-description pdp-tabs_description js-tab-description\">Aqua (Water), Ceteareth-25, Sodium Cocoamphoacetate, Glycerin, Pvp, Propylene Glycol, Peg-75 Lanolin, Polyquaternium-11, Parfum (Fragrance), Limonene, Citronellol, Tetrasodium Edta, Bht, Diazolidinyl Urea, Iodopropynyl Butylcarbamate, Ci 60730 (Ext D&amp;C Violet No.2), Ci 42090 (Fd&amp;C Blue No.1)<\/div>\n<\/div>\n<div class=\"tab js-tab\">\n<h3 class=\"tab-title pdp-tabs_title js-tab-mobile-title\"><span>Livraison et stock<\/span><\/h3>\n<div class=\"tab-description pdp-tabs_description js-tab-description\">\n<div class=\"pdp-delivery_info\">\n<div class=\"content-asset\">Livraison et d\u00e9laisRetours et remboursements<\/div>\n<\/div>\n<\/div>\n<\/div>\n<\/div>\n<\/div>\n<\/div>\n","protected":false},"excerpt":{"rendered":"<p>Points cl\u00e9s Pommade forte tenue Soluble dans l&rsquo;eau Pas de r\u00e9sidu collant R\u00e9alise une vari\u00e9t\u00e9&hellip;<\/p>\n","protected":false},"featured_media":16119,"comment_status":"open","ping_status":"closed","template":"","meta":[],"pwb-brand":[661],"product_cat":[596],"product_tag":[385,128,127],"class_list":{"0":"post-30779","1":"product","2":"type-product","3":"status-publish","4":"has-post-thumbnail","6":"pwb-brand-osmo","7":"product_cat-produit-coiffant-et-fixant","8":"product_tag-osmo","9":"product_tag-produit-coiffant-et-fixant","10":"product_tag-shampooing-et-coiffure","12":"first","13":"instock","14":"taxable","15":"shipping-taxable","16":"purchasable","17":"product-type-simple","18":"layout-style-3","19":"col-md-4 col-sm-4 col-xs-6","20":"col-lg-3","21":"product-style-default"},"aioseo_notices":[],"brands":[{"id":661,"name":"Osmo","slug":"osmo"}],"_links":{"self":[{"href":"https:\/\/cheveuxluxe.com\/index.php\/wp-json\/wp\/v2\/product\/30779","targetHints":{"allow":["GET"]}}],"collection":[{"href":"https:\/\/cheveuxluxe.com\/index.php\/wp-json\/wp\/v2\/product"}],"about":[{"href":"https:\/\/cheveuxluxe.com\/index.php\/wp-json\/wp\/v2\/types\/product"}],"replies":[{"embeddable":true,"href":"https:\/\/cheveuxluxe.com\/index.php\/wp-json\/wp\/v2\/comments?post=30779"}],"version-history":[{"count":0,"href":"https:\/\/cheveuxluxe.com\/index.php\/wp-json\/wp\/v2\/product\/30779\/revisions"}],"wp:featuredmedia":[{"embeddable":true,"href":"https:\/\/cheveuxluxe.com\/index.php\/wp-json\/wp\/v2\/media\/16119"}],"wp:attachment":[{"href":"https:\/\/cheveuxluxe.com\/index.php\/wp-json\/wp\/v2\/media?parent=30779"}],"wp:term":[{"taxonomy":"pwb-brand","embeddable":true,"href":"https:\/\/cheveuxluxe.com\/index.php\/wp-json\/wp\/v2\/pwb-brand?post=30779"},{"taxonomy":"product_cat","embeddable":true,"href":"https:\/\/cheveuxluxe.com\/index.php\/wp-json\/wp\/v2\/product_cat?post=30779"},{"taxonomy":"product_tag","embeddable":true,"href":"https:\/\/cheveuxluxe.com\/index.php\/wp-json\/wp\/v2\/product_tag?post=30779"}],"curies":[{"name":"wp","href":"https:\/\/api.w.org\/{rel}","templated":true}]}}