{"id":30794,"date":"2024-04-09T22:57:44","date_gmt":"2024-04-09T22:57:44","guid":{"rendered":"https:\/\/cheveuxluxe.com\/index.php\/product\/osmo-curl-revival-creme-reparatrice-200ml\/"},"modified":"2024-04-13T14:27:11","modified_gmt":"2024-04-13T14:27:11","slug":"osmo-curl-revival-creme-reparatrice-200ml","status":"publish","type":"product","link":"https:\/\/cheveuxluxe.com\/index.php\/product\/osmo-curl-revival-creme-reparatrice-200ml\/","title":{"rendered":"Osmo Curl Revival Cr\u00e8me R\u00e9paratrice\u00a0 200ml"},"content":{"rendered":"<div class=\"product-content_bottom\">\n<div class=\"pdp-info\">\n<div class=\"pdp-tabs tab-container\">\n<div class=\"tab js-tab\">\n<h3 class=\"tab-title pdp-tabs_title js-tab-mobile-title\"><span>Description<\/span><\/h3>\n<div class=\"tab-description pdp-tabs_description js-tab-description\" itemprop=\"description\">Une cr\u00e8me sans rin\u00e7age ultra-nourrissante \u00e0 la tenue l\u00e9g\u00e8re qui dompte les frisottis tout en adoucissant et en d\u00e9finissant tous les types de boucles.<\/div>\n<\/div>\n<div class=\"tab js-tab\">\n<h3 class=\"tab-title pdp-tabs_title js-tab-mobile-title\"><span>Mode d&#8217;emploi<\/span><\/h3>\n<div class=\"tab-description pdp-tabs_description js-tab-description\">Sur cheveux mouill\u00e9s \u2013 Commencez avec une tr\u00e8s petite quantit\u00e9 de cr\u00e8me et ajoutez-en au besoin. Sur cheveux secs \u2013 M\u00e9langez une petite quantit\u00e9 de cr\u00e8me \u00e0 de l\u2019eau et froissez les cheveux ou appliquez le produit sur des boucles individuelles.<\/div>\n<\/div>\n<div class=\"tab js-tab\">\n<h3 class=\"tab-title pdp-tabs_title js-tab-mobile-title\"><span>Ingr\u00e9dients<\/span><\/h3>\n<div class=\"tab-description pdp-tabs_description js-tab-description\">Aqua (Water), Polyquaternium-37, Propylene Glycol Dicaprylate\/Dicaprate, Squalane, Dicaprylyl Carbonate, Glycerin, Behentrimonium Chloride, Cetyl Alcohol, Simmondsia Chinensis (Jojoba) Seed Oil, Persea Gratissima (Avocado) Oil, Panthenol, Hydrolyzed Soy Protein, Lactobacillus Ferment, Selaginella Lepidophylla Extract, Quaternium-22, Polyquaternium-55, Tocopheryl Acetate, PPG-1 Trideceth-6, Parfum (Fragrance), Linalool, Limonene, Phenoxyethanol, Triethylene Glycol, Potassium Sorbate+R120<\/div>\n<\/div>\n<div class=\"tab js-tab\">\n<h3 class=\"tab-title pdp-tabs_title js-tab-mobile-title\"><span>Livraison et stock<\/span><\/h3>\n<div class=\"tab-description pdp-tabs_description js-tab-description\">\n<div class=\"pdp-delivery_info\">\n<div class=\"content-asset\">Livraison et d\u00e9laisRetours et remboursements<\/div>\n<\/div>\n<\/div>\n<\/div>\n<\/div>\n<\/div>\n<\/div>\n","protected":false},"excerpt":{"rendered":"<p>Description Une cr\u00e8me sans rin\u00e7age ultra-nourrissante \u00e0 la tenue l\u00e9g\u00e8re qui dompte les frisottis tout&hellip;<\/p>\n","protected":false},"featured_media":30790,"comment_status":"open","ping_status":"closed","template":"","meta":[],"pwb-brand":[661],"product_cat":[617],"product_tag":[274,385,273],"class_list":{"0":"post-30794","1":"product","2":"type-product","3":"status-publish","4":"has-post-thumbnail","6":"pwb-brand-osmo","7":"product_cat-coiffure","8":"product_tag-coiffure","9":"product_tag-osmo","10":"product_tag-vegan","12":"first","13":"instock","14":"taxable","15":"shipping-taxable","16":"purchasable","17":"product-type-simple","18":"layout-style-3","19":"col-md-4 col-sm-4 col-xs-6","20":"col-lg-3","21":"product-has-gallery","22":"product-style-default"},"aioseo_notices":[],"brands":[{"id":661,"name":"Osmo","slug":"osmo"}],"_links":{"self":[{"href":"https:\/\/cheveuxluxe.com\/index.php\/wp-json\/wp\/v2\/product\/30794","targetHints":{"allow":["GET"]}}],"collection":[{"href":"https:\/\/cheveuxluxe.com\/index.php\/wp-json\/wp\/v2\/product"}],"about":[{"href":"https:\/\/cheveuxluxe.com\/index.php\/wp-json\/wp\/v2\/types\/product"}],"replies":[{"embeddable":true,"href":"https:\/\/cheveuxluxe.com\/index.php\/wp-json\/wp\/v2\/comments?post=30794"}],"version-history":[{"count":0,"href":"https:\/\/cheveuxluxe.com\/index.php\/wp-json\/wp\/v2\/product\/30794\/revisions"}],"wp:featuredmedia":[{"embeddable":true,"href":"https:\/\/cheveuxluxe.com\/index.php\/wp-json\/wp\/v2\/media\/30790"}],"wp:attachment":[{"href":"https:\/\/cheveuxluxe.com\/index.php\/wp-json\/wp\/v2\/media?parent=30794"}],"wp:term":[{"taxonomy":"pwb-brand","embeddable":true,"href":"https:\/\/cheveuxluxe.com\/index.php\/wp-json\/wp\/v2\/pwb-brand?post=30794"},{"taxonomy":"product_cat","embeddable":true,"href":"https:\/\/cheveuxluxe.com\/index.php\/wp-json\/wp\/v2\/product_cat?post=30794"},{"taxonomy":"product_tag","embeddable":true,"href":"https:\/\/cheveuxluxe.com\/index.php\/wp-json\/wp\/v2\/product_tag?post=30794"}],"curies":[{"name":"wp","href":"https:\/\/api.w.org\/{rel}","templated":true}]}}