{"id":30796,"date":"2024-04-09T22:57:45","date_gmt":"2024-04-09T22:57:45","guid":{"rendered":"https:\/\/cheveuxluxe.com\/index.php\/product\/osmo-creme-epaississante-extreme-volume-150ml\/"},"modified":"2024-04-13T14:27:19","modified_gmt":"2024-04-13T14:27:19","slug":"osmo-creme-epaississante-extreme-volume-150ml","status":"publish","type":"product","link":"https:\/\/cheveuxluxe.com\/index.php\/product\/osmo-creme-epaississante-extreme-volume-150ml\/","title":{"rendered":"Osmo Cr\u00e8me Epaississante Extreme Volume 150ml"},"content":{"rendered":"<div class=\"product-content_bottom\">\n<div class=\"pdp-info\">\n<div class=\"pdp-tabs tab-container\">\n<div class=\"tab js-tab\">\n<h3 class=\"tab-title pdp-tabs_title js-tab-mobile-title open\"><span>Points cl\u00e9s<\/span><\/h3>\n<div class=\"tab-description pdp-tabs_description js-tab-description open\" itemprop=\"description\">\n<ul>\n<li> Volume incroyable<\/li>\n<li>Cheveux fins et plats<\/li>\n<li>Texture agr\u00e9able<\/li>\n<li>R\u00e9gulation du s\u00e9bum<\/li>\n<li>Hydratation <\/li>\n<\/ul>\n<\/div>\n<\/div>\n<div class=\"tab js-tab\">\n<h3 class=\"tab-title pdp-tabs_title js-tab-mobile-title\"><span>Description<\/span><\/h3>\n<div class=\"tab-description pdp-tabs_description js-tab-description\" itemprop=\"description\">Vos clientes se plaignent de leurs cheveux sans vie qui manquent de peps?? Nous vous invitons \u00e0 tester l\u2019effet incroyable de la cr\u00e8me densit\u00e9 Extr\u00eame Volume \u00e9labor\u00e9e par les laboratoires Osmo. Elle permet de donner de l\u2019\u00e9paisseur \u00e0 la fibre capillaire et de sculpter plus facilement les cheveux.R\u00e9alis\u00e9e avec des extraits de bergamote, la cr\u00e8me Extr\u00eame Volume r\u00e9\u00e9quilibre la production de s\u00e9bum du cuir chevelu. Moins gras, les cheveux retrouvent leur volume et arborent un mouvement plus naturel. Elle est particuli\u00e8rement conseill\u00e9e aux cheveux fins et aux chevelures plates. C\u2019est l\u2019exc\u00e8s de s\u00e9bum, en alourdissant les cheveux, qui les emp\u00eache d\u2019\u00e9voluer librement. Le bois de santal ajout\u00e9 \u00e0 la composition de la cr\u00e8me assure une hydratation profonde de la fibre capillaire pour apporter de la brillance et de la vitalit\u00e9 \u00e0 la chevelure.<\/div>\n<\/div>\n<div class=\"tab js-tab\">\n<h3 class=\"tab-title pdp-tabs_title js-tab-mobile-title\"><span>Mode d&#8217;emploi<\/span><\/h3>\n<div class=\"tab-description pdp-tabs_description js-tab-description\">Appliquez sur cheveux s\u00e9ch\u00e9s, en partant des racines jusqu\u2019aux pointes.Massez quelques instants pour faire p\u00e9n\u00e9trer la cr\u00e8me dans la fibre des cheveux.Vous pouvez modeler la chevelure avec une brosse ronde en soie pour assurer un volume durable.<\/div>\n<\/div>\n<div class=\"tab js-tab\">\n<h3 class=\"tab-title pdp-tabs_title js-tab-mobile-title\"><span>Ingr\u00e9dients<\/span><\/h3>\n<div class=\"tab-description pdp-tabs_description js-tab-description\">Aqua (Water), VP\/VA Copolymer, Dimethicone, Cocodimonium Hydroxypropyl Hydrolyzed Wheat Protein, Hydrolyzed Soy Protein, Palmitoyl Myristyl Serinate, Panthenol, Glycine Soja (Soybean) Oil, Oryza Sativa (Rice) Seed Protein, Oryza Sativa (Rice) Extract, Phytic Acid, Gluconolactone, Calcium Gluconate, Glycerin, Propylene Glycol, PEG-8, Carbomer, Sodium Hydroxide, Parfum (Fragrance), Laureth-4, Laureth-23, Styrene\/VP Copolymer, PEG-8\/SMDI Copolymer, Sodium Polyacrylate, Salicylic Acid, Potassium Sorbate, Limonene, Benzyl Salicylate, Sodium Benzoate, Diazolidinyl Urea, Iodopropynyl Butylcarbamate, Phenoxyethanol<\/div>\n<\/div>\n<div class=\"tab js-tab\">\n<h3 class=\"tab-title pdp-tabs_title js-tab-mobile-title\"><span>Livraison et stock<\/span><\/h3>\n<div class=\"tab-description pdp-tabs_description js-tab-description\">\n<div class=\"pdp-delivery_info\">\n<div class=\"content-asset\">Livraison et d\u00e9laisRetours et remboursements<\/div>\n<\/div>\n<\/div>\n<\/div>\n<\/div>\n<\/div>\n<\/div>\n","protected":false},"excerpt":{"rendered":"<p>Points cl\u00e9s Volume incroyable Cheveux fins et plats Texture agr\u00e9able R\u00e9gulation du s\u00e9bum Hydratation Description&hellip;<\/p>\n","protected":false},"featured_media":15961,"comment_status":"open","ping_status":"closed","template":"","meta":[],"pwb-brand":[661],"product_cat":[617],"product_tag":[274,385,273],"class_list":{"0":"post-30796","1":"product","2":"type-product","3":"status-publish","4":"has-post-thumbnail","6":"pwb-brand-osmo","7":"product_cat-coiffure","8":"product_tag-coiffure","9":"product_tag-osmo","10":"product_tag-vegan","12":"first","13":"instock","14":"taxable","15":"shipping-taxable","16":"purchasable","17":"product-type-simple","18":"layout-style-3","19":"col-md-4 col-sm-4 col-xs-6","20":"col-lg-3","21":"product-style-default"},"aioseo_notices":[],"brands":[{"id":661,"name":"Osmo","slug":"osmo"}],"_links":{"self":[{"href":"https:\/\/cheveuxluxe.com\/index.php\/wp-json\/wp\/v2\/product\/30796","targetHints":{"allow":["GET"]}}],"collection":[{"href":"https:\/\/cheveuxluxe.com\/index.php\/wp-json\/wp\/v2\/product"}],"about":[{"href":"https:\/\/cheveuxluxe.com\/index.php\/wp-json\/wp\/v2\/types\/product"}],"replies":[{"embeddable":true,"href":"https:\/\/cheveuxluxe.com\/index.php\/wp-json\/wp\/v2\/comments?post=30796"}],"version-history":[{"count":0,"href":"https:\/\/cheveuxluxe.com\/index.php\/wp-json\/wp\/v2\/product\/30796\/revisions"}],"wp:featuredmedia":[{"embeddable":true,"href":"https:\/\/cheveuxluxe.com\/index.php\/wp-json\/wp\/v2\/media\/15961"}],"wp:attachment":[{"href":"https:\/\/cheveuxluxe.com\/index.php\/wp-json\/wp\/v2\/media?parent=30796"}],"wp:term":[{"taxonomy":"pwb-brand","embeddable":true,"href":"https:\/\/cheveuxluxe.com\/index.php\/wp-json\/wp\/v2\/pwb-brand?post=30796"},{"taxonomy":"product_cat","embeddable":true,"href":"https:\/\/cheveuxluxe.com\/index.php\/wp-json\/wp\/v2\/product_cat?post=30796"},{"taxonomy":"product_tag","embeddable":true,"href":"https:\/\/cheveuxluxe.com\/index.php\/wp-json\/wp\/v2\/product_tag?post=30796"}],"curies":[{"name":"wp","href":"https:\/\/api.w.org\/{rel}","templated":true}]}}