{"id":30797,"date":"2024-04-09T22:57:45","date_gmt":"2024-04-09T22:57:45","guid":{"rendered":"https:\/\/cheveuxluxe.com\/index.php\/product\/osmo-spray-pour-boucles-250ml\/"},"modified":"2024-04-13T14:25:48","modified_gmt":"2024-04-13T14:25:48","slug":"osmo-spray-pour-boucles-250ml","status":"publish","type":"product","link":"https:\/\/cheveuxluxe.com\/index.php\/product\/osmo-spray-pour-boucles-250ml\/","title":{"rendered":"Osmo Spray pour Boucles 250ml"},"content":{"rendered":"<div class=\"product-content_bottom\">\n<div class=\"pdp-info\">\n<div class=\"pdp-tabs tab-container\">\n<div class=\"tab js-tab\">\n<h3 class=\"tab-title pdp-tabs_title js-tab-mobile-title open\"><span>Points cl\u00e9s<\/span><\/h3>\n<div class=\"tab-description pdp-tabs_description js-tab-description open\" itemprop=\"description\">\n<ul>\n<li> Hydratation intense<\/li>\n<li>Boucles red\u00e9finies<\/li>\n<li>Anti-frizz<\/li>\n<li>Brillance et douceur <\/li>\n<\/ul>\n<\/div>\n<\/div>\n<div class=\"tab js-tab\">\n<h3 class=\"tab-title pdp-tabs_title js-tab-mobile-title\"><span>Description<\/span><\/h3>\n<div class=\"tab-description pdp-tabs_description js-tab-description\" itemprop=\"description\">Cheveux boucl\u00e9s ou permanent\u00e9s ne sont pas forc\u00e9ment synonymes de cheveux secs et rebelles ! Pour r\u00e9pondre \u00e0 leurs besoins sp\u00e9cifiques, Osmo a d\u00e9velopp\u00e9 une solution miracle pour des boucles parfaites et red\u00e9finies.D\u00e8s la premi\u00e8re utilisation, le spray Curl exploite les propri\u00e9t\u00e9s hydratantes d\u2019agents actifs puissants pour revitaliser les cheveux boucl\u00e9s ou permanent\u00e9s jusqu\u2019au plus profond de la fibre capillaire. Renforc\u00e9s de l\u2019int\u00e9rieur, les cheveux boucl\u00e9s retrouvent toute leur \u00e9lasticit\u00e9 et un toucher soyeux sensationnel !Ses composants anti-frizz domptent visiblement les cheveux rebelles. En lissant la surface du cheveu, ils garantissent une tenue et une brillance impeccables pour toute la journ\u00e9e, m\u00eame par temps humide. Le r\u00e9sultat est sans appel : disparition compl\u00e8te des frisottis et boucles rebondies, voluptueuses et red\u00e9finies !<\/div>\n<\/div>\n<div class=\"tab js-tab\">\n<h3 class=\"tab-title pdp-tabs_title js-tab-mobile-title\"><span>Mode d&#8217;emploi<\/span><\/h3>\n<div class=\"tab-description pdp-tabs_description js-tab-description\">Pulv\u00e9risez par br\u00e8ves pressions sur l\u2019ensemble des cheveux secs ou humides et laissez s\u00e9cher \u00e0 l\u2019air libre, ou proc\u00e9dez au coiffage habituel.<\/div>\n<\/div>\n<div class=\"tab js-tab\">\n<h3 class=\"tab-title pdp-tabs_title js-tab-mobile-title\"><span>Ingr\u00e9dients<\/span><\/h3>\n<div class=\"tab-description pdp-tabs_description js-tab-description\">Alcohol Denat. (Alcohol) (Water), Isobutylene, Ethylmaleimide, Hydroxyethyl Maleimide Copolymer, Panthenol, Propylene Glycol, Polysorbate 20, Parfum (Fragrance), Benzyl Benzoate, Limonene, Triethanolamine,<\/div>\n<\/div>\n<div class=\"tab js-tab\">\n<h3 class=\"tab-title pdp-tabs_title js-tab-mobile-title\"><span>Livraison et stock<\/span><\/h3>\n<div class=\"tab-description pdp-tabs_description js-tab-description\">\n<div class=\"pdp-delivery_info\">\n<div class=\"content-asset\">Livraison et d\u00e9laisRetours et remboursements<\/div>\n<\/div>\n<\/div>\n<\/div>\n<div class=\"tab js-tab\">\n<h3 class=\"tab-title pdp-tabs_title js-tab-mobile-title\"><span>Pr\u00e9cautions d&#8217;emploi<\/span><\/h3>\n<div class=\"tab-description pdp-tabs_description js-tab-description\">Inflammable<\/div>\n<\/div>\n<\/div>\n<\/div>\n<\/div>\n","protected":false},"excerpt":{"rendered":"<p>Points cl\u00e9s Hydratation intense Boucles red\u00e9finies Anti-frizz Brillance et douceur Description Cheveux boucl\u00e9s ou permanent\u00e9s&hellip;<\/p>\n","protected":false},"featured_media":19957,"comment_status":"open","ping_status":"closed","template":"","meta":[],"pwb-brand":[661],"product_cat":[617],"product_tag":[274,385,273],"class_list":{"0":"post-30797","1":"product","2":"type-product","3":"status-publish","4":"has-post-thumbnail","6":"pwb-brand-osmo","7":"product_cat-coiffure","8":"product_tag-coiffure","9":"product_tag-osmo","10":"product_tag-vegan","12":"first","13":"instock","14":"taxable","15":"shipping-taxable","16":"purchasable","17":"product-type-simple","18":"layout-style-3","19":"col-md-4 col-sm-4 col-xs-6","20":"col-lg-3","21":"product-style-default"},"aioseo_notices":[],"brands":[{"id":661,"name":"Osmo","slug":"osmo"}],"_links":{"self":[{"href":"https:\/\/cheveuxluxe.com\/index.php\/wp-json\/wp\/v2\/product\/30797","targetHints":{"allow":["GET"]}}],"collection":[{"href":"https:\/\/cheveuxluxe.com\/index.php\/wp-json\/wp\/v2\/product"}],"about":[{"href":"https:\/\/cheveuxluxe.com\/index.php\/wp-json\/wp\/v2\/types\/product"}],"replies":[{"embeddable":true,"href":"https:\/\/cheveuxluxe.com\/index.php\/wp-json\/wp\/v2\/comments?post=30797"}],"version-history":[{"count":0,"href":"https:\/\/cheveuxluxe.com\/index.php\/wp-json\/wp\/v2\/product\/30797\/revisions"}],"wp:featuredmedia":[{"embeddable":true,"href":"https:\/\/cheveuxluxe.com\/index.php\/wp-json\/wp\/v2\/media\/19957"}],"wp:attachment":[{"href":"https:\/\/cheveuxluxe.com\/index.php\/wp-json\/wp\/v2\/media?parent=30797"}],"wp:term":[{"taxonomy":"pwb-brand","embeddable":true,"href":"https:\/\/cheveuxluxe.com\/index.php\/wp-json\/wp\/v2\/pwb-brand?post=30797"},{"taxonomy":"product_cat","embeddable":true,"href":"https:\/\/cheveuxluxe.com\/index.php\/wp-json\/wp\/v2\/product_cat?post=30797"},{"taxonomy":"product_tag","embeddable":true,"href":"https:\/\/cheveuxluxe.com\/index.php\/wp-json\/wp\/v2\/product_tag?post=30797"}],"curies":[{"name":"wp","href":"https:\/\/api.w.org\/{rel}","templated":true}]}}