{"id":30798,"date":"2024-04-09T22:57:45","date_gmt":"2024-04-09T22:57:45","guid":{"rendered":"https:\/\/cheveuxluxe.com\/index.php\/product\/osmo-lotion-creme-curl-fluid-150ml\/"},"modified":"2024-04-13T14:26:08","modified_gmt":"2024-04-13T14:26:08","slug":"osmo-lotion-creme-curl-fluid-150ml","status":"publish","type":"product","link":"https:\/\/cheveuxluxe.com\/index.php\/product\/osmo-lotion-creme-curl-fluid-150ml\/","title":{"rendered":"Osmo Lotion Cr\u00e8me Curl Fluid 150ml"},"content":{"rendered":"<div class=\"product-content_bottom\">\n<div class=\"pdp-info\">\n<div class=\"pdp-tabs tab-container\">\n<div class=\"tab js-tab\">\n<h3 class=\"tab-title pdp-tabs_title js-tab-mobile-title open\"><span>Points cl\u00e9s<\/span><\/h3>\n<div class=\"tab-description pdp-tabs_description js-tab-description open\" itemprop=\"description\">\n<ul>\n<li> Cheveux boucl\u00e9s<\/li>\n<li>Anti-frisottis<\/li>\n<li>D\u00e9finit les boucles<\/li>\n<li>Nourrit <\/li>\n<\/ul>\n<\/div>\n<\/div>\n<div class=\"tab js-tab\">\n<h3 class=\"tab-title pdp-tabs_title js-tab-mobile-title\"><span>Description<\/span><\/h3>\n<div class=\"tab-description pdp-tabs_description js-tab-description\" itemprop=\"description\">La texture fluide de la Lotion cr\u00e8me Curl Fluid d\u2019Osmo hydrate les cheveux tout en souplesse et en l\u00e9g\u00e8ret\u00e9. La fibre capillaire est intens\u00e9ment nourrie et r\u00e9cup\u00e8re toute son \u00e9lasticit\u00e9 pour des boucles parfaitement naturelles !Ses agents actifs protecteurs pr\u00e9servent les cheveux de la chaleur et garantissent un contr\u00f4le maximal de l\u2019effet boucl\u00e9. Renforc\u00e9s, les cheveux sont moins sensibles aux appareils de coiffage et aux agressions ext\u00e9rieures.Avec son action anti-frisottis, Osmo\u00ae cr\u00e9e une cr\u00e8me innovante fid\u00e8le aux besoins des cheveux boucl\u00e9s ou permanent\u00e9s. M\u00eame les petites m\u00e8ches rebelles se laissent dominer par la puissance de la lotion cr\u00e8me Curl Fluid !<\/div>\n<\/div>\n<div class=\"tab js-tab\">\n<h3 class=\"tab-title pdp-tabs_title js-tab-mobile-title\"><span>Mode d&#8217;emploi<\/span><\/h3>\n<div class=\"tab-description pdp-tabs_description js-tab-description\">Vaporisez uniform\u00e9ment la lotion cr\u00e8me sur l\u2019ensemble des cheveux pr\u00e9s\u00e9ch\u00e9s. Insistez sur les pointes pour une action cibl\u00e9e. Laissez s\u00e9cher \u00e0 l\u2019air libre ou proc\u00e9dez au coiffage habituel.<\/div>\n<\/div>\n<div class=\"tab js-tab\">\n<h3 class=\"tab-title pdp-tabs_title js-tab-mobile-title\"><span>Ingr\u00e9dients<\/span><\/h3>\n<div class=\"tab-description pdp-tabs_description js-tab-description\">Aqua (Water), Pvp, Va Copolymer, Dimethicone, Carbomer, Cocodimonium Hydrolyzed Wheat Protein, Hydrolyzed Soy Protein, Sodium Hydroxide, Styrene, Pvp Copolymer, Parfum (Fragrance), Laureth-23, Laureth-4, Salicylic Acid, Propylene Glycol, Benzyl Benzoate, Limonene, Diazolidinyl Urea, Iodopropynyl Butylcarbamate, Phenoxyethanol, Potassium Sorbate<\/div>\n<\/div>\n<div class=\"tab js-tab\">\n<h3 class=\"tab-title pdp-tabs_title js-tab-mobile-title\"><span>Livraison et stock<\/span><\/h3>\n<div class=\"tab-description pdp-tabs_description js-tab-description\">\n<div class=\"pdp-delivery_info\">\n<div class=\"content-asset\">Livraison et d\u00e9laisRetours et remboursements<\/div>\n<\/div>\n<\/div>\n<\/div>\n<\/div>\n<\/div>\n<\/div>\n","protected":false},"excerpt":{"rendered":"<p>Points cl\u00e9s Cheveux boucl\u00e9s Anti-frisottis D\u00e9finit les boucles Nourrit Description La texture fluide de la&hellip;<\/p>\n","protected":false},"featured_media":15965,"comment_status":"open","ping_status":"closed","template":"","meta":[],"pwb-brand":[661],"product_cat":[617],"product_tag":[274,385,273],"class_list":{"0":"post-30798","1":"product","2":"type-product","3":"status-publish","4":"has-post-thumbnail","6":"pwb-brand-osmo","7":"product_cat-coiffure","8":"product_tag-coiffure","9":"product_tag-osmo","10":"product_tag-vegan","12":"first","13":"instock","14":"taxable","15":"shipping-taxable","16":"purchasable","17":"product-type-simple","18":"layout-style-3","19":"col-md-4 col-sm-4 col-xs-6","20":"col-lg-3","21":"product-style-default"},"aioseo_notices":[],"brands":[{"id":661,"name":"Osmo","slug":"osmo"}],"_links":{"self":[{"href":"https:\/\/cheveuxluxe.com\/index.php\/wp-json\/wp\/v2\/product\/30798","targetHints":{"allow":["GET"]}}],"collection":[{"href":"https:\/\/cheveuxluxe.com\/index.php\/wp-json\/wp\/v2\/product"}],"about":[{"href":"https:\/\/cheveuxluxe.com\/index.php\/wp-json\/wp\/v2\/types\/product"}],"replies":[{"embeddable":true,"href":"https:\/\/cheveuxluxe.com\/index.php\/wp-json\/wp\/v2\/comments?post=30798"}],"version-history":[{"count":0,"href":"https:\/\/cheveuxluxe.com\/index.php\/wp-json\/wp\/v2\/product\/30798\/revisions"}],"wp:featuredmedia":[{"embeddable":true,"href":"https:\/\/cheveuxluxe.com\/index.php\/wp-json\/wp\/v2\/media\/15965"}],"wp:attachment":[{"href":"https:\/\/cheveuxluxe.com\/index.php\/wp-json\/wp\/v2\/media?parent=30798"}],"wp:term":[{"taxonomy":"pwb-brand","embeddable":true,"href":"https:\/\/cheveuxluxe.com\/index.php\/wp-json\/wp\/v2\/pwb-brand?post=30798"},{"taxonomy":"product_cat","embeddable":true,"href":"https:\/\/cheveuxluxe.com\/index.php\/wp-json\/wp\/v2\/product_cat?post=30798"},{"taxonomy":"product_tag","embeddable":true,"href":"https:\/\/cheveuxluxe.com\/index.php\/wp-json\/wp\/v2\/product_tag?post=30798"}],"curies":[{"name":"wp","href":"https:\/\/api.w.org\/{rel}","templated":true}]}}