{"id":30799,"date":"2024-04-09T22:57:46","date_gmt":"2024-04-09T22:57:46","guid":{"rendered":"https:\/\/cheveuxluxe.com\/index.php\/product\/osmo-spray-anti-humidite-x-posed-250ml\/"},"modified":"2024-04-13T14:27:27","modified_gmt":"2024-04-13T14:27:27","slug":"osmo-spray-anti-humidite-x-posed-250ml","status":"publish","type":"product","link":"https:\/\/cheveuxluxe.com\/index.php\/product\/osmo-spray-anti-humidite-x-posed-250ml\/","title":{"rendered":"Osmo Spray Anti-Humidit\u00e9 X.POSED 250ml"},"content":{"rendered":"<div class=\"product-content_bottom\">\n<div class=\"pdp-info\">\n<div class=\"pdp-tabs tab-container\">\n<div class=\"tab js-tab\">\n<h3 class=\"tab-title pdp-tabs_title js-tab-mobile-title open\"><span>Points cl\u00e9s<\/span><\/h3>\n<div class=\"tab-description pdp-tabs_description js-tab-description open\" itemprop=\"description\">\n<ul>\n<li>100% v\u00e9gan et sans cruaut\u00e9 animal<\/li>\n<li>84% d\u2019ingr\u00e9dients d\u2019origine naturelle<\/li>\n<li>Sans sulfate ni paraben<\/li>\n<li>Convient \u00e0 tous les types de cheveux<\/li>\n<li>Emballage PCR<\/li>\n<\/ul>\n<\/div>\n<\/div>\n<div class=\"tab js-tab\">\n<h3 class=\"tab-title pdp-tabs_title js-tab-mobile-title\"><span>Description<\/span><\/h3>\n<div class=\"tab-description pdp-tabs_description js-tab-description\" itemprop=\"description\">Spray anti-humidit\u00e9 vegan \u00e0 la formule unique, qui enveloppe les cheveux d&rsquo;une barri\u00e8re invisible pour les prot\u00e9ger contre les frisottis. Formul\u00e9 \u00e0 partir d&rsquo;huile d\u2019avocat, d&rsquo;huile de graines de framboise et d\u2019alo\u00e9 vera, ce soin coiffant l\u00e9ger renforce les m\u00e8ches et les prot\u00e8ge contre l&rsquo;humidit\u00e9 tout en favorisant souplesse et \u00e9lasticit\u00e9, pour des cheveux plus lisses, plus sains et plus brillants.<\/p>\n<p>Convient \u00e0: Tous les types de cheveux.<\/p><\/div>\n<\/div>\n<div class=\"tab js-tab\">\n<h3 class=\"tab-title pdp-tabs_title js-tab-mobile-title\"><span>Mode d&#8217;emploi<\/span><\/h3>\n<div class=\"tab-description pdp-tabs_description js-tab-description\">Laver les cheveux et les essorer \u00e0 l\u2019aide d&rsquo;une serviette. Appliquer g\u00e9n\u00e9reusement le Spray Anti-Humidit\u00e9 X.POSED sur l\u2019ensemble de la chevelure. Ne pas utiliser d\u2019autres produits de coiffage tant que les cheveux sont humides. S\u00e9cher les cheveux au s\u00e8che-cheveux pour activer le soin. Pour un r\u00e9sultat optimal, appliquer tous les 3-4 shampooings.<\/div>\n<\/div>\n<div class=\"tab js-tab\">\n<h3 class=\"tab-title pdp-tabs_title js-tab-mobile-title\"><span>Ingr\u00e9dients<\/span><\/h3>\n<div class=\"tab-description pdp-tabs_description js-tab-description\">Aqua (Water), Alcohol Denat. (Alcohol), Quaternium-80, Polysilicone-18 Cetyl Phosphate, Cetyl Alcohol, Helianthus Annuus (Sunflower) Seed Extract, Hydrolyzed Soy Protein, Tocopheryl Acetate, Hydrolyzed Vegetable Protein PG-Propyl Silanetriol, Glycerin, Polyquaternium-37, Propylene Glycol Dicaprylate\/Dicaprate, Behentrimonium Chloride, Vetiveria Zizanoides (Vetiver) Root Oil, Vaccinium Myrtillus (Myrtle) Fruit Extract, Cedrus Atlantica (Cedarwood) Bark Oil, Citrus Paradisi (Grapefruit) Peel Oil, PPG-1 Trideceth-6, Butylene Glycol, Parfum (Fragrance), Hexyl Cinnamal, Hydroxycitronellal, Disodium EDTA, Citric Acid, Triethylene Glycol, Phenoxyethanol. Potassium Sorbate<\/div>\n<\/div>\n<div class=\"tab js-tab\">\n<h3 class=\"tab-title pdp-tabs_title js-tab-mobile-title\"><span>Livraison et stock<\/span><\/h3>\n<div class=\"tab-description pdp-tabs_description js-tab-description\">\n<div class=\"pdp-delivery_info\">\n<div class=\"content-asset\">Livraison et d\u00e9laisRetours et remboursements<\/div>\n<\/div>\n<\/div>\n<\/div>\n<div class=\"tab js-tab\">\n<h3 class=\"tab-title pdp-tabs_title js-tab-mobile-title\"><span>Pr\u00e9cautions d&#8217;emploi<\/span><\/h3>\n<div class=\"tab-description pdp-tabs_description js-tab-description\">Usage externe uniquement. \u00c9viter tout contact avec les yeux.<\/div>\n<\/div>\n<\/div>\n<\/div>\n<\/div>\n","protected":false},"excerpt":{"rendered":"<p>Points cl\u00e9s 100% v\u00e9gan et sans cruaut\u00e9 animal 84% d\u2019ingr\u00e9dients d\u2019origine naturelle Sans sulfate ni&hellip;<\/p>\n","protected":false},"featured_media":21094,"comment_status":"open","ping_status":"closed","template":"","meta":[],"pwb-brand":[661],"product_cat":[617],"product_tag":[274,385,273],"class_list":{"0":"post-30799","1":"product","2":"type-product","3":"status-publish","4":"has-post-thumbnail","6":"pwb-brand-osmo","7":"product_cat-coiffure","8":"product_tag-coiffure","9":"product_tag-osmo","10":"product_tag-vegan","12":"first","13":"instock","14":"taxable","15":"shipping-taxable","16":"purchasable","17":"product-type-simple","18":"layout-style-3","19":"col-md-4 col-sm-4 col-xs-6","20":"col-lg-3","21":"product-style-default"},"aioseo_notices":[],"brands":[{"id":661,"name":"Osmo","slug":"osmo"}],"_links":{"self":[{"href":"https:\/\/cheveuxluxe.com\/index.php\/wp-json\/wp\/v2\/product\/30799","targetHints":{"allow":["GET"]}}],"collection":[{"href":"https:\/\/cheveuxluxe.com\/index.php\/wp-json\/wp\/v2\/product"}],"about":[{"href":"https:\/\/cheveuxluxe.com\/index.php\/wp-json\/wp\/v2\/types\/product"}],"replies":[{"embeddable":true,"href":"https:\/\/cheveuxluxe.com\/index.php\/wp-json\/wp\/v2\/comments?post=30799"}],"version-history":[{"count":0,"href":"https:\/\/cheveuxluxe.com\/index.php\/wp-json\/wp\/v2\/product\/30799\/revisions"}],"wp:featuredmedia":[{"embeddable":true,"href":"https:\/\/cheveuxluxe.com\/index.php\/wp-json\/wp\/v2\/media\/21094"}],"wp:attachment":[{"href":"https:\/\/cheveuxluxe.com\/index.php\/wp-json\/wp\/v2\/media?parent=30799"}],"wp:term":[{"taxonomy":"pwb-brand","embeddable":true,"href":"https:\/\/cheveuxluxe.com\/index.php\/wp-json\/wp\/v2\/pwb-brand?post=30799"},{"taxonomy":"product_cat","embeddable":true,"href":"https:\/\/cheveuxluxe.com\/index.php\/wp-json\/wp\/v2\/product_cat?post=30799"},{"taxonomy":"product_tag","embeddable":true,"href":"https:\/\/cheveuxluxe.com\/index.php\/wp-json\/wp\/v2\/product_tag?post=30799"}],"curies":[{"name":"wp","href":"https:\/\/api.w.org\/{rel}","templated":true}]}}