{"id":30805,"date":"2024-04-09T22:57:53","date_gmt":"2024-04-09T22:57:53","guid":{"rendered":"https:\/\/cheveuxluxe.com\/index.php\/product\/minerals-of-eden-spray-texture-et-volume-200ml\/"},"modified":"2024-04-13T14:26:35","modified_gmt":"2024-04-13T14:26:35","slug":"minerals-of-eden-spray-texture-et-volume-200ml","status":"publish","type":"product","link":"https:\/\/cheveuxluxe.com\/index.php\/product\/minerals-of-eden-spray-texture-et-volume-200ml\/","title":{"rendered":"Minerals Of Eden Spray texture et volume 200ml"},"content":{"rendered":"<div class=\"product-content_bottom\">\n<div class=\"pdp-info\">\n<div class=\"pdp-tabs tab-container\">\n<div class=\"tab js-tab\">\n<h3 class=\"tab-title pdp-tabs_title js-tab-mobile-title open\"><span>Points cl\u00e9s<\/span><\/h3>\n<div class=\"tab-description pdp-tabs_description js-tab-description open\" itemprop=\"description\">\n<ul>\n<li>Ce spray rendra vos cheveux volumineux sans effort, et les huiles nourrissantes de jojoba, de lin et d&rsquo;olive garderont vos cheveux en bonne sant\u00e9 et luxuriants toute la journ\u00e9e<\/li>\n<li>Peut \u00eatre utilis\u00e9 aussi bien sur des cheveux mouill\u00e9s et pr\u00e9-stylis\u00e9s que sur des cheveux secs et coiff\u00e9s, selon le look souhait\u00e9.<\/li>\n<\/ul>\n<\/div>\n<\/div>\n<div class=\"tab js-tab\">\n<h3 class=\"tab-title pdp-tabs_title js-tab-mobile-title\"><span>Description<\/span><\/h3>\n<div class=\"tab-description pdp-tabs_description js-tab-description\" itemprop=\"description\">Le spray de texturation Fascination s&rsquo;efforce de cr\u00e9er du volume, du rebond et de la texture pour vos cheveux afin que vous n&rsquo;ayez pas \u00e0 le faire<\/div>\n<\/div>\n<div class=\"tab js-tab\">\n<h3 class=\"tab-title pdp-tabs_title js-tab-mobile-title\"><span>Mode d&#8217;emploi<\/span><\/h3>\n<div class=\"tab-description pdp-tabs_description js-tab-description\">Appliquez le spray Texturizing sur les cheveux humides, du dessus de la racine jusqu&rsquo;au bout de la m\u00e8che, section par section, avant de les s\u00e9cher au s\u00e9choir pour obtenir le plus de volume possible<\/div>\n<\/div>\n<div class=\"tab js-tab\">\n<h3 class=\"tab-title pdp-tabs_title js-tab-mobile-title\"><span>Ingr\u00e9dients<\/span><\/h3>\n<div class=\"tab-description pdp-tabs_description js-tab-description\">Water (Aqua), Amodimethicone, Trideceth-12, Cetrimonium Chloride, Ethyltrimonium Chloride Methacrylate, Hydrolyzed Wheat Protein Copolymer, Polysorbate 20, Phenoxyethanol, Ethylhexylglycerin, Sea Salt (Maris Sal), Fragrance (Parfum), Olea Europaea (Olive) Fruit Oil, Linum Usitatissimum (Linseed) Seed Oil, Macadamia Ternifolia Seed Oil, Prunus Persica (Peach) Kernel Oil, Simmondsia Chinensis (Jojoba) Seed Oil.<\/div>\n<\/div>\n<div class=\"tab js-tab\">\n<h3 class=\"tab-title pdp-tabs_title js-tab-mobile-title\"><span>Livraison et stock<\/span><\/h3>\n<div class=\"tab-description pdp-tabs_description js-tab-description\">\n<div class=\"pdp-delivery_info\">\n<div class=\"content-asset\">Livraison et d\u00e9laisRetours et remboursements<\/div>\n<\/div>\n<\/div>\n<\/div>\n<div class=\"tab js-tab\">\n<h3 class=\"tab-title pdp-tabs_title js-tab-mobile-title\"><span>Pr\u00e9cautions d&#8217;emploi<\/span><\/h3>\n<div class=\"tab-description pdp-tabs_description js-tab-description\">Ne doit \u00eatre utilis\u00e9 qu&rsquo;aux fins pr\u00e9vues. Ne pas utiliser en cas de sensibilit\u00e9 \u00e0 l&rsquo;un des composants de l&rsquo;ingr\u00e9dient. \u00c9vitez le contact avec les yeux. Ne pas utiliser sur les b\u00e9b\u00e9s.<\/div>\n<\/div>\n<\/div>\n<\/div>\n<\/div>\n","protected":false},"excerpt":{"rendered":"<p>Points cl\u00e9s Ce spray rendra vos cheveux volumineux sans effort, et les huiles nourrissantes de&hellip;<\/p>\n","protected":false},"featured_media":15466,"comment_status":"open","ping_status":"closed","template":"","meta":[],"pwb-brand":[714],"product_cat":[617],"product_tag":[274,586,273],"class_list":{"0":"post-30805","1":"product","2":"type-product","3":"status-publish","4":"has-post-thumbnail","6":"pwb-brand-minerals-of-eden","7":"product_cat-coiffure","8":"product_tag-coiffure","9":"product_tag-minerals-of-eden","10":"product_tag-vegan","12":"first","13":"instock","14":"taxable","15":"shipping-taxable","16":"purchasable","17":"product-type-simple","18":"layout-style-3","19":"col-md-4 col-sm-4 col-xs-6","20":"col-lg-3","21":"product-style-default"},"aioseo_notices":[],"brands":[{"id":714,"name":"Minerals Of Eden","slug":"minerals-of-eden"}],"_links":{"self":[{"href":"https:\/\/cheveuxluxe.com\/index.php\/wp-json\/wp\/v2\/product\/30805","targetHints":{"allow":["GET"]}}],"collection":[{"href":"https:\/\/cheveuxluxe.com\/index.php\/wp-json\/wp\/v2\/product"}],"about":[{"href":"https:\/\/cheveuxluxe.com\/index.php\/wp-json\/wp\/v2\/types\/product"}],"replies":[{"embeddable":true,"href":"https:\/\/cheveuxluxe.com\/index.php\/wp-json\/wp\/v2\/comments?post=30805"}],"version-history":[{"count":0,"href":"https:\/\/cheveuxluxe.com\/index.php\/wp-json\/wp\/v2\/product\/30805\/revisions"}],"wp:featuredmedia":[{"embeddable":true,"href":"https:\/\/cheveuxluxe.com\/index.php\/wp-json\/wp\/v2\/media\/15466"}],"wp:attachment":[{"href":"https:\/\/cheveuxluxe.com\/index.php\/wp-json\/wp\/v2\/media?parent=30805"}],"wp:term":[{"taxonomy":"pwb-brand","embeddable":true,"href":"https:\/\/cheveuxluxe.com\/index.php\/wp-json\/wp\/v2\/pwb-brand?post=30805"},{"taxonomy":"product_cat","embeddable":true,"href":"https:\/\/cheveuxluxe.com\/index.php\/wp-json\/wp\/v2\/product_cat?post=30805"},{"taxonomy":"product_tag","embeddable":true,"href":"https:\/\/cheveuxluxe.com\/index.php\/wp-json\/wp\/v2\/product_tag?post=30805"}],"curies":[{"name":"wp","href":"https:\/\/api.w.org\/{rel}","templated":true}]}}