{"id":30808,"date":"2024-04-09T22:57:54","date_gmt":"2024-04-09T22:57:54","guid":{"rendered":"https:\/\/cheveuxluxe.com\/index.php\/product\/lome-paris-liss-creme-anti-frisottis-doux-2-150ml\/"},"modified":"2024-04-13T14:06:23","modified_gmt":"2024-04-13T14:06:23","slug":"lome-paris-liss-creme-anti-frisottis-doux-2-150ml","status":"publish","type":"product","link":"https:\/\/cheveuxluxe.com\/index.php\/product\/lome-paris-liss-creme-anti-frisottis-doux-2-150ml\/","title":{"rendered":"L\u00f4m\u00e9 Paris Liss Cr\u00e8me Anti-Frisottis Doux 2 150ml"},"content":{"rendered":"<div class=\"product-content_bottom\">\n<div class=\"pdp-info\">\n<div class=\"pdp-tabs tab-container\">\n<div class=\"tab js-tab\">\n<h3 class=\"tab-title pdp-tabs_title js-tab-mobile-title open\"><span>Points cl\u00e9s<\/span><\/h3>\n<div class=\"tab-description pdp-tabs_description js-tab-description open\" itemprop=\"description\">\n<ul>\n<li>\u00c9limine les frisottis<\/li>\n<li>Pour des cheveux brillants et soyeux jusqu\u2019au prochain shampooing<\/li>\n<li>Procure \u00e9lasticit\u00e9 aux cheveux ondul\u00e9s, boucl\u00e9s, fris\u00e9s et secs<\/li>\n<li>Id\u00e9ale pour r\u00e9duire le volume et obtenir des coiffures parfaitement lisses<\/li>\n<\/ul>\n<\/div>\n<\/div>\n<div class=\"tab js-tab\">\n<h3 class=\"tab-title pdp-tabs_title js-tab-mobile-title\"><span>Description<\/span><\/h3>\n<div class=\"tab-description pdp-tabs_description js-tab-description\" itemprop=\"description\">Cette cr\u00e8me \u00e9limine les frisottis, pour des cheveux brillants et soyeux jusqu\u2019au prochain shampooing.<br \/>Hydratante, elle procure \u00e9lasticit\u00e9 aux cheveux ondul\u00e9s, boucl\u00e9s, fris\u00e9s et secs.<br \/>Id\u00e9ale pour r\u00e9duire le volume et obtenir des coiffures parfaitement lisses.<\/div>\n<\/div>\n<div class=\"tab js-tab\">\n<h3 class=\"tab-title pdp-tabs_title js-tab-mobile-title\"><span>Mode d&#8217;emploi<\/span><\/h3>\n<div class=\"tab-description pdp-tabs_description js-tab-description\">R\u00e9partir et frotter une petite quantit\u00e9 de cr\u00e8me dans les mains.<br \/>R\u00e9partir uniform\u00e9ment sur les cheveux lav\u00e9s et s\u00e9ch\u00e9s \u00e0 l\u2019aide d\u2019une serviette.<\/div>\n<\/div>\n<div class=\"tab js-tab\">\n<h3 class=\"tab-title pdp-tabs_title js-tab-mobile-title\"><span>Ingr\u00e9dients<\/span><\/h3>\n<div class=\"tab-description pdp-tabs_description js-tab-description\">AQUA, CETEARYL ALCOHOL, CYCLOPENTASILOXANE, VP, DMAPA ACRYLATES COPOLYMER, PROPYLENE GLYCOL, POLYQUATERNIUM-37, BEHENTRIMONIUM METHOSULFATE, DIMETHICONE, CETRIMONIUM CHLORIDE, HYDROLYZED WHEAT PROTEIN, PANTHENOL, PPG-20 METHYL GLUCOSE ETHER, METHYLPARABEN, PROPYLPARABEN, ETHYLPARABEN, IMIDAZOLIDINYL UREA, GLYCERIN, SODIUM METHYLPARABEN, SODIUM DEHYDROACETATE, SORBIC ACID, TETRASODIUM EDTA, PARFUM, HEXYL CINNAMAL, HYDROXYCITRONELLAL, ALPHAISOMETHYL IONONE, CITRAL, LINALOOL, LIMONENE.<\/div>\n<\/div>\n<div class=\"tab js-tab\">\n<h3 class=\"tab-title pdp-tabs_title js-tab-mobile-title\"><span>Livraison et stock<\/span><\/h3>\n<div class=\"tab-description pdp-tabs_description js-tab-description\">\n<div class=\"pdp-delivery_info\">\n<div class=\"content-asset\">Livraison et d\u00e9laisRetours et remboursements<\/div>\n<\/div>\n<\/div>\n<\/div>\n<div class=\"tab js-tab\">\n<h3 class=\"tab-title pdp-tabs_title js-tab-mobile-title\"><span>Pr\u00e9cautions d&#8217;emploi<\/span><\/h3>\n<div class=\"tab-description pdp-tabs_description js-tab-description\">\u00c0 conserver hors de port\u00e9e des enfants.<\/div>\n<\/div>\n<\/div>\n<\/div>\n<\/div>\n","protected":false},"excerpt":{"rendered":"<p>Points cl\u00e9s \u00c9limine les frisottis Pour des cheveux brillants et soyeux jusqu\u2019au prochain shampooing Procure&hellip;<\/p>\n","protected":false},"featured_media":21642,"comment_status":"open","ping_status":"closed","template":"","meta":[],"pwb-brand":[656],"product_cat":[596],"product_tag":[355,128,127],"class_list":{"0":"post-30808","1":"product","2":"type-product","3":"status-publish","4":"has-post-thumbnail","6":"pwb-brand-lome-paris","7":"product_cat-produit-coiffant-et-fixant","8":"product_tag-lome-paris","9":"product_tag-produit-coiffant-et-fixant","10":"product_tag-shampooing-et-coiffure","12":"first","13":"instock","14":"taxable","15":"shipping-taxable","16":"purchasable","17":"product-type-simple","18":"layout-style-3","19":"col-md-4 col-sm-4 col-xs-6","20":"col-lg-3","21":"product-style-default"},"aioseo_notices":[],"brands":[{"id":656,"name":"L\u00f4m\u00e9 Paris","slug":"lome-paris"}],"_links":{"self":[{"href":"https:\/\/cheveuxluxe.com\/index.php\/wp-json\/wp\/v2\/product\/30808","targetHints":{"allow":["GET"]}}],"collection":[{"href":"https:\/\/cheveuxluxe.com\/index.php\/wp-json\/wp\/v2\/product"}],"about":[{"href":"https:\/\/cheveuxluxe.com\/index.php\/wp-json\/wp\/v2\/types\/product"}],"replies":[{"embeddable":true,"href":"https:\/\/cheveuxluxe.com\/index.php\/wp-json\/wp\/v2\/comments?post=30808"}],"version-history":[{"count":0,"href":"https:\/\/cheveuxluxe.com\/index.php\/wp-json\/wp\/v2\/product\/30808\/revisions"}],"wp:featuredmedia":[{"embeddable":true,"href":"https:\/\/cheveuxluxe.com\/index.php\/wp-json\/wp\/v2\/media\/21642"}],"wp:attachment":[{"href":"https:\/\/cheveuxluxe.com\/index.php\/wp-json\/wp\/v2\/media?parent=30808"}],"wp:term":[{"taxonomy":"pwb-brand","embeddable":true,"href":"https:\/\/cheveuxluxe.com\/index.php\/wp-json\/wp\/v2\/pwb-brand?post=30808"},{"taxonomy":"product_cat","embeddable":true,"href":"https:\/\/cheveuxluxe.com\/index.php\/wp-json\/wp\/v2\/product_cat?post=30808"},{"taxonomy":"product_tag","embeddable":true,"href":"https:\/\/cheveuxluxe.com\/index.php\/wp-json\/wp\/v2\/product_tag?post=30808"}],"curies":[{"name":"wp","href":"https:\/\/api.w.org\/{rel}","templated":true}]}}