{"id":30811,"date":"2024-04-09T22:58:02","date_gmt":"2024-04-09T22:58:02","guid":{"rendered":"https:\/\/cheveuxluxe.com\/index.php\/product\/lome-paris-volume-spray-mise-en-plis-forte-3-250ml\/"},"modified":"2024-04-13T14:12:30","modified_gmt":"2024-04-13T14:12:30","slug":"lome-paris-volume-spray-mise-en-plis-forte-3-250ml","status":"publish","type":"product","link":"https:\/\/cheveuxluxe.com\/index.php\/product\/lome-paris-volume-spray-mise-en-plis-forte-3-250ml\/","title":{"rendered":"L\u00f4m\u00e9 Paris Volume Spray Mise en Plis Forte 3 250ml"},"content":{"rendered":"<div class=\"product-content_bottom\">\n<div class=\"pdp-info\">\n<div class=\"pdp-tabs tab-container\">\n<div class=\"tab js-tab\">\n<h3 class=\"tab-title pdp-tabs_title js-tab-mobile-title open\"><span>Points cl\u00e9s<\/span><\/h3>\n<div class=\"tab-description pdp-tabs_description js-tab-description open\" itemprop=\"description\">\n<ul>\n<li>Apporte un volume extraordinaire aux cheveux pour un contr\u00f4le naturel <\/li>\n<li>Sans \u00e9lectricit\u00e9 statique, en particulier sur cheveux fins<\/li>\n<li>Id\u00e9al pour revitaliser la chevelure entre deux coiffages<\/li>\n<\/ul>\n<\/div>\n<\/div>\n<div class=\"tab js-tab\">\n<h3 class=\"tab-title pdp-tabs_title js-tab-mobile-title\"><span>Description<\/span><\/h3>\n<div class=\"tab-description pdp-tabs_description js-tab-description\" itemprop=\"description\">Le SETTING SRPAY est \u00e0 appliquer avant de se coiffer.<br \/>Ce spray apporte un volume extraordinaire aux cheveux, pour un contr\u00f4le naturel sans \u00e9lectricit\u00e9 statique, en particulier sur cheveux fins.<br \/>\u00c9galement id\u00e9al pour revitaliser la chevelure entre deux coiffages.<br \/>Tenue extra forte.<\/div>\n<\/div>\n<div class=\"tab js-tab\">\n<h3 class=\"tab-title pdp-tabs_title js-tab-mobile-title\"><span>Mode d&#8217;emploi<\/span><\/h3>\n<div class=\"tab-description pdp-tabs_description js-tab-description\">Pulv\u00e9riser sur l\u2019ensemble de la chevelure, puis coiffer pour obtenir le style d\u00e9sir\u00e9.<\/div>\n<\/div>\n<div class=\"tab js-tab\">\n<h3 class=\"tab-title pdp-tabs_title js-tab-mobile-title\"><span>Ingr\u00e9dients<\/span><\/h3>\n<div class=\"tab-description pdp-tabs_description js-tab-description\">AQUA, ALCOHOL DENAT., PEG-40 HYDROGENATED CASTOR OIL, VP, VA COPOLYMER, DIMETHICONE PEG-8 MEADOWFOAMATE, PROPYLENE GLYCOL, BENZOPHENONE-4, TRIETHANOLAMINE, METHYLPARABEN, PROPYLPARABEN, ETHYLPARABEN, IMIDAZOLIDINYL UREA, POLYSORBATE 20, POLYQUATERNIUM-11, CETRIMONIUM CHLORIDE, GLYCERIN, SODIUM METHYLPARABEN, TOCOPHEROL, SODIUM DEHYDROACETATE, SORBIC ACID, TETRASODIUM EDTA, VITIS VINIFERA SEED EXTRACT, PARFUM, HEXYL CINNAMAL, HYDROXYCITRONELLAL, LIMONENE, LINALOOL, ALPHA-ISOMETHYL IONONE, CITRAL.<\/div>\n<\/div>\n<div class=\"tab js-tab\">\n<h3 class=\"tab-title pdp-tabs_title js-tab-mobile-title\"><span>Livraison et stock<\/span><\/h3>\n<div class=\"tab-description pdp-tabs_description js-tab-description\">\n<div class=\"pdp-delivery_info\">\n<div class=\"content-asset\">Livraison et d\u00e9laisRetours et remboursements<\/div>\n<\/div>\n<\/div>\n<\/div>\n<div class=\"tab js-tab\">\n<h3 class=\"tab-title pdp-tabs_title js-tab-mobile-title\"><span>Pr\u00e9cautions d&#8217;emploi<\/span><\/h3>\n<div class=\"tab-description pdp-tabs_description js-tab-description\">Inflammable.<br \/>Ne pas vaporiser vers les yeux ou sur une peau irrit\u00e9e.<br \/>\u00c0 conserver hors de port\u00e9e des enfants.<\/div>\n<\/div>\n<\/div>\n<\/div>\n<\/div>\n","protected":false},"excerpt":{"rendered":"<p>Points cl\u00e9s Apporte un volume extraordinaire aux cheveux pour un contr\u00f4le naturel Sans \u00e9lectricit\u00e9 statique,&hellip;<\/p>\n","protected":false},"featured_media":16036,"comment_status":"open","ping_status":"closed","template":"","meta":[],"pwb-brand":[656],"product_cat":[598],"product_tag":[355,127,599],"class_list":{"0":"post-30811","1":"product","2":"type-product","3":"status-publish","4":"has-post-thumbnail","6":"pwb-brand-lome-paris","7":"product_cat-type-de-cheveux","8":"product_tag-lome-paris","9":"product_tag-shampooing-et-coiffure","10":"product_tag-type-de-cheveux","12":"first","13":"instock","14":"taxable","15":"shipping-taxable","16":"purchasable","17":"product-type-simple","18":"layout-style-3","19":"col-md-4 col-sm-4 col-xs-6","20":"col-lg-3","21":"product-style-default"},"aioseo_notices":[],"brands":[{"id":656,"name":"L\u00f4m\u00e9 Paris","slug":"lome-paris"}],"_links":{"self":[{"href":"https:\/\/cheveuxluxe.com\/index.php\/wp-json\/wp\/v2\/product\/30811","targetHints":{"allow":["GET"]}}],"collection":[{"href":"https:\/\/cheveuxluxe.com\/index.php\/wp-json\/wp\/v2\/product"}],"about":[{"href":"https:\/\/cheveuxluxe.com\/index.php\/wp-json\/wp\/v2\/types\/product"}],"replies":[{"embeddable":true,"href":"https:\/\/cheveuxluxe.com\/index.php\/wp-json\/wp\/v2\/comments?post=30811"}],"version-history":[{"count":0,"href":"https:\/\/cheveuxluxe.com\/index.php\/wp-json\/wp\/v2\/product\/30811\/revisions"}],"wp:featuredmedia":[{"embeddable":true,"href":"https:\/\/cheveuxluxe.com\/index.php\/wp-json\/wp\/v2\/media\/16036"}],"wp:attachment":[{"href":"https:\/\/cheveuxluxe.com\/index.php\/wp-json\/wp\/v2\/media?parent=30811"}],"wp:term":[{"taxonomy":"pwb-brand","embeddable":true,"href":"https:\/\/cheveuxluxe.com\/index.php\/wp-json\/wp\/v2\/pwb-brand?post=30811"},{"taxonomy":"product_cat","embeddable":true,"href":"https:\/\/cheveuxluxe.com\/index.php\/wp-json\/wp\/v2\/product_cat?post=30811"},{"taxonomy":"product_tag","embeddable":true,"href":"https:\/\/cheveuxluxe.com\/index.php\/wp-json\/wp\/v2\/product_tag?post=30811"}],"curies":[{"name":"wp","href":"https:\/\/api.w.org\/{rel}","templated":true}]}}