{"id":30816,"date":"2024-04-09T22:58:14","date_gmt":"2024-04-09T22:58:14","guid":{"rendered":"https:\/\/cheveuxluxe.com\/index.php\/product\/lome-paris-mousse-forte-3-300ml\/"},"modified":"2024-04-13T14:06:26","modified_gmt":"2024-04-13T14:06:26","slug":"lome-paris-mousse-forte-3-300ml","status":"publish","type":"product","link":"https:\/\/cheveuxluxe.com\/index.php\/product\/lome-paris-mousse-forte-3-300ml\/","title":{"rendered":"L\u00f4m\u00e9 Paris Mousse Forte 3 300ml"},"content":{"rendered":"<div class=\"product-content_bottom\">\n<div class=\"pdp-info\">\n<div class=\"pdp-tabs tab-container\">\n<div class=\"tab js-tab\">\n<h3 class=\"tab-title pdp-tabs_title js-tab-mobile-title open\"><span>Points cl\u00e9s<\/span><\/h3>\n<div class=\"tab-description pdp-tabs_description js-tab-description open\" itemprop=\"description\">\n<ul>\n<li>Garantit une tenue forte et du volume<\/li>\n<li>R\u00e9sultat durable<\/li>\n<li>Prot\u00e8ge les cheveux de la chaleur du s\u00e8che-cheveux<\/li>\n<li>Contient du panth\u00e9nol<\/li>\n<\/ul>\n<\/div>\n<\/div>\n<div class=\"tab js-tab\">\n<h3 class=\"tab-title pdp-tabs_title js-tab-mobile-title\"><span>Description<\/span><\/h3>\n<div class=\"tab-description pdp-tabs_description js-tab-description\" itemprop=\"description\">Appliqu\u00e9e avant le coiffage, cette mousse garantit une tenue forte et du volume.<br \/>R\u00e9sultat durable.<br \/>Prot\u00e8ge les cheveux de la chaleur du s\u00e8che-cheveux.<br \/>Contient du panth\u00e9nol.<\/div>\n<\/div>\n<div class=\"tab js-tab\">\n<h3 class=\"tab-title pdp-tabs_title js-tab-mobile-title\"><span>Mode d&#8217;emploi<\/span><\/h3>\n<div class=\"tab-description pdp-tabs_description js-tab-description\">Agiter vigoureusement le flacon avant utilisation et le tenir vers le bas.<br \/>D\u00e9poser une quantit\u00e9 \u00e9quivalant \u00e0 une balle de tennis sur cheveux humides.<br \/>R\u00e9partir uniform\u00e9ment sur la chevelure au moyen d\u2019un peigne ou des mains et s\u00e9cher au s\u00e8che-cheveux.<br \/>Ne pas rincer.<\/div>\n<\/div>\n<div class=\"tab js-tab\">\n<h3 class=\"tab-title pdp-tabs_title js-tab-mobile-title\"><span>Ingr\u00e9dients<\/span><\/h3>\n<div class=\"tab-description pdp-tabs_description js-tab-description\">AQUA(7732-18-5), PROPANE(74-98-6), ISOBUTANE(75-28-5), ALCOHOL DENAT., PVP(9003-39-8), POLYQUATERNIUM-16(95144-24-4), PEG-12 DIMETHICONE, PVP\/DMAPA ACRYLATES COPOLYMER, PARFUM, CETEARETH-25(68439-49-6), POLYSORBATE 20(9005-64-5), BUTANE(106-97-8), PANTHENOL(81-13-0), POLYAMINOPROPYL BIGUANIDE(32289-58-0), D-LIMONENE(5989-27-5), LINALOOL(78-70-6), COUMARIN(91-64-5), GERANIOL(106-24-1), ALPHA-ISOMETHYL IONONE(127-51-5), HEXYL CINNAMAL(101-86-0)<\/div>\n<\/div>\n<div class=\"tab js-tab\">\n<h3 class=\"tab-title pdp-tabs_title js-tab-mobile-title\"><span>Livraison et stock<\/span><\/h3>\n<div class=\"tab-description pdp-tabs_description js-tab-description\">\n<div class=\"pdp-delivery_info\">\n<div class=\"content-asset\">Livraison et d\u00e9laisRetours et remboursements<\/div>\n<\/div>\n<\/div>\n<\/div>\n<div class=\"tab js-tab\">\n<h3 class=\"tab-title pdp-tabs_title js-tab-mobile-title\"><span>Pr\u00e9cautions d&#8217;emploi<\/span><\/h3>\n<div class=\"tab-description pdp-tabs_description js-tab-description\">Danger. A\u00e9rosol extr\u00eamement inflammable.<br \/>Tenir \u00e0 l\u2019\u00e9cart de la chaleur\/des \u00e9tincelles\/des flammes nues\/des surfaces chaudes. \u2014 Ne pas fumer.<br \/>Ne pas vaporiser sur une flamme nue ou sur toute autre source d\u2019ignition.<br \/>R\u00e9cipient sous pression: ne pas perforer, ni br\u00fbler, m\u00eame apr\u00e8s usage.<br \/>Prot\u00e9ger du rayonnement solaire. Peut \u00e9clater sous l\u2019effet de la chaleur. Ne pas exposer \u00e0 une temp\u00e9rature sup\u00e9rieure \u00e0 50 \u00b0C\/120 \u00b0F.<br \/>Ne pas respirer les a\u00e9rosols.<br \/>Utiliser seulement en plein air ou dans un endroit bien ventil\u00e9.<br \/>Tenir hors de port\u00e9e des enfants.<br \/>Suivre les directives d\u2019utilisation.<\/div>\n<\/div>\n<\/div>\n<\/div>\n<\/div>\n","protected":false},"excerpt":{"rendered":"<p>Points cl\u00e9s Garantit une tenue forte et du volume R\u00e9sultat durable Prot\u00e8ge les cheveux de&hellip;<\/p>\n","protected":false},"featured_media":22002,"comment_status":"open","ping_status":"closed","template":"","meta":[],"pwb-brand":[656],"product_cat":[596],"product_tag":[355,128,127],"class_list":{"0":"post-30816","1":"product","2":"type-product","3":"status-publish","4":"has-post-thumbnail","6":"pwb-brand-lome-paris","7":"product_cat-produit-coiffant-et-fixant","8":"product_tag-lome-paris","9":"product_tag-produit-coiffant-et-fixant","10":"product_tag-shampooing-et-coiffure","12":"first","13":"instock","14":"taxable","15":"shipping-taxable","16":"purchasable","17":"product-type-simple","18":"layout-style-3","19":"col-md-4 col-sm-4 col-xs-6","20":"col-lg-3","21":"product-style-default"},"aioseo_notices":[],"brands":[{"id":656,"name":"L\u00f4m\u00e9 Paris","slug":"lome-paris"}],"_links":{"self":[{"href":"https:\/\/cheveuxluxe.com\/index.php\/wp-json\/wp\/v2\/product\/30816","targetHints":{"allow":["GET"]}}],"collection":[{"href":"https:\/\/cheveuxluxe.com\/index.php\/wp-json\/wp\/v2\/product"}],"about":[{"href":"https:\/\/cheveuxluxe.com\/index.php\/wp-json\/wp\/v2\/types\/product"}],"replies":[{"embeddable":true,"href":"https:\/\/cheveuxluxe.com\/index.php\/wp-json\/wp\/v2\/comments?post=30816"}],"version-history":[{"count":0,"href":"https:\/\/cheveuxluxe.com\/index.php\/wp-json\/wp\/v2\/product\/30816\/revisions"}],"wp:featuredmedia":[{"embeddable":true,"href":"https:\/\/cheveuxluxe.com\/index.php\/wp-json\/wp\/v2\/media\/22002"}],"wp:attachment":[{"href":"https:\/\/cheveuxluxe.com\/index.php\/wp-json\/wp\/v2\/media?parent=30816"}],"wp:term":[{"taxonomy":"pwb-brand","embeddable":true,"href":"https:\/\/cheveuxluxe.com\/index.php\/wp-json\/wp\/v2\/pwb-brand?post=30816"},{"taxonomy":"product_cat","embeddable":true,"href":"https:\/\/cheveuxluxe.com\/index.php\/wp-json\/wp\/v2\/product_cat?post=30816"},{"taxonomy":"product_tag","embeddable":true,"href":"https:\/\/cheveuxluxe.com\/index.php\/wp-json\/wp\/v2\/product_tag?post=30816"}],"curies":[{"name":"wp","href":"https:\/\/api.w.org\/{rel}","templated":true}]}}