{"id":30837,"date":"2024-04-09T22:58:30","date_gmt":"2024-04-09T22:58:30","guid":{"rendered":"https:\/\/cheveuxluxe.com\/index.php\/product\/loreal-homme-pate-poker-75ml\/"},"modified":"2024-04-13T14:06:37","modified_gmt":"2024-04-13T14:06:37","slug":"loreal-homme-pate-poker-75ml","status":"publish","type":"product","link":"https:\/\/cheveuxluxe.com\/index.php\/product\/loreal-homme-pate-poker-75ml\/","title":{"rendered":"L&rsquo;Or\u00e9al Homme P\u00e2te Poker 75ml"},"content":{"rendered":"<div class=\"product-content_bottom\">\n<div class=\"pdp-info\">\n<div class=\"pdp-tabs tab-container\">\n<div class=\"tab js-tab\">\n<h3 class=\"tab-title pdp-tabs_title js-tab-mobile-title open\"><span>Points cl\u00e9s<\/span><\/h3>\n<div class=\"tab-description pdp-tabs_description js-tab-description open\" itemprop=\"description\">\n<ul>\n<li> Pour les hommes<\/li>\n<li>Tenue extra forte<\/li>\n<li>Look repositionnable<\/li>\n<li>Effet mat <\/li>\n<\/ul>\n<\/div>\n<\/div>\n<div class=\"tab js-tab\">\n<h3 class=\"tab-title pdp-tabs_title js-tab-mobile-title\"><span>Description<\/span><\/h3>\n<div class=\"tab-description pdp-tabs_description js-tab-description\" itemprop=\"description\">La p\u00e2te Homme Poker Paste est id\u00e9ale pour une mise en forme rapide au quotidien mais aussi pour des coiffures soign\u00e9es le temps d\u2019une soir\u00e9e ou d\u2019un \u00e9v\u00e9nement particulier. Ce produit se marie avec la chemise b\u00fbcheron aussi bien qu\u2019avec le costume trois-pi\u00e8ces !Sa promesse ? Une tenue extra-forte sans effet carton, les cheveux gardent leur vigueur naturelle ! Au fil de la journ\u00e9e, vous pouvez repositionner la coiffure tr\u00e8s facilement : les cheveux sont faciles \u00e0 travailler et \u00e0 faire bouger.On aime : sa texture \u00e9paisse facile \u00e0 doser et son odeur fra\u00eeche et l\u00e9g\u00e8re.<\/div>\n<\/div>\n<div class=\"tab js-tab\">\n<h3 class=\"tab-title pdp-tabs_title js-tab-mobile-title\"><span>Mode d&#8217;emploi<\/span><\/h3>\n<div class=\"tab-description pdp-tabs_description js-tab-description\">Pr\u00e9levez une noisette de produit du bout du doigt et chauffez-la entre les paumes de vos mains. Appliquez sur cheveux secs, en les frictionnant pour texturiser la mati\u00e8re.La Homme Poker Paste s\u2019\u00e9limine tr\u00e8s facilement avec un simple lavage. Une tenue ultime garantie sans effet secondaire !<\/div>\n<\/div>\n<div class=\"tab js-tab\">\n<h3 class=\"tab-title pdp-tabs_title js-tab-mobile-title\"><span>Ingr\u00e9dients<\/span><\/h3>\n<div class=\"tab-description pdp-tabs_description js-tab-description\">AQUA \/ WATER \/ EAU CERA MICROCRISTALLINA \/ HYDROGENATED MICROCRYSTALLINE WAX \u2022 CERA ALBA \/ BEESWAX \/ CIRE DABEILLE \u2022 VP\/VA COPOLYMER \u2022 CETYL ALCOHOL \u2022 PEG-100 STEARATE \u2022 GLYCERYL STEARATE \u2022 CETEARETH-12 \u2022 HYDROGENATED CASTOR OIL \u2022 OCTYLDODECANOL \u2022 COPERNICIA CERIFERA CERA \/ CARNAUBA WAX \/ CIRE DE CARNAUBA \u2022 GLYCERIN \u2022 PARFUM \/ FRAGRANCE \u2022 PEG-12 DIMETHICONE \u2022 ISOPROPYL MYRISTATE \u2022 BUTYROSPERMUM PARKII BUTTER \/ SHEA BUTTER \u2022 PHENOXYETHANOL \u2022 POLYQUATERNIUM-11 \u2022 SILICA [NANO] \/ SILICA \u2022 LIMONENE \u2022 ETHYLHEXYLGLYCERIN \u2022 HEXYL CINNAMAL \u2022 LINALOOL \u2022 CAPRYLYL GLYCOL \u2022 COUMARIN \u2022 BENZYL BENZOATE \u2022 BENZYL ALCOHOL \u2022 CITRAL \u2022 TOCOPHEROL \u2022 BHT<\/div>\n<\/div>\n<div class=\"tab js-tab\">\n<h3 class=\"tab-title pdp-tabs_title js-tab-mobile-title\"><span>Livraison et stock<\/span><\/h3>\n<div class=\"tab-description pdp-tabs_description js-tab-description\">\n<div class=\"pdp-delivery_info\">\n<div class=\"content-asset\">Livraison et d\u00e9laisRetours et remboursements<\/div>\n<\/div>\n<\/div>\n<\/div>\n<\/div>\n<\/div>\n<\/div>\n","protected":false},"excerpt":{"rendered":"<p>Points cl\u00e9s Pour les hommes Tenue extra forte Look repositionnable Effet mat Description La p\u00e2te&hellip;<\/p>\n","protected":false},"featured_media":21855,"comment_status":"open","ping_status":"closed","template":"","meta":[],"pwb-brand":[649],"product_cat":[596],"product_tag":[325,128,127],"class_list":{"0":"post-30837","1":"product","2":"type-product","3":"status-publish","4":"has-post-thumbnail","6":"pwb-brand-loreal-professionnel","7":"product_cat-produit-coiffant-et-fixant","8":"product_tag-loreal-professionnel","9":"product_tag-produit-coiffant-et-fixant","10":"product_tag-shampooing-et-coiffure","12":"first","13":"instock","14":"taxable","15":"shipping-taxable","16":"purchasable","17":"product-type-simple","18":"layout-style-3","19":"col-md-4 col-sm-4 col-xs-6","20":"col-lg-3","21":"product-has-gallery","22":"product-style-default"},"aioseo_notices":[],"brands":[{"id":649,"name":"L'Or\u00e9al Professionnel","slug":"loreal-professionnel"}],"_links":{"self":[{"href":"https:\/\/cheveuxluxe.com\/index.php\/wp-json\/wp\/v2\/product\/30837","targetHints":{"allow":["GET"]}}],"collection":[{"href":"https:\/\/cheveuxluxe.com\/index.php\/wp-json\/wp\/v2\/product"}],"about":[{"href":"https:\/\/cheveuxluxe.com\/index.php\/wp-json\/wp\/v2\/types\/product"}],"replies":[{"embeddable":true,"href":"https:\/\/cheveuxluxe.com\/index.php\/wp-json\/wp\/v2\/comments?post=30837"}],"version-history":[{"count":0,"href":"https:\/\/cheveuxluxe.com\/index.php\/wp-json\/wp\/v2\/product\/30837\/revisions"}],"wp:featuredmedia":[{"embeddable":true,"href":"https:\/\/cheveuxluxe.com\/index.php\/wp-json\/wp\/v2\/media\/21855"}],"wp:attachment":[{"href":"https:\/\/cheveuxluxe.com\/index.php\/wp-json\/wp\/v2\/media?parent=30837"}],"wp:term":[{"taxonomy":"pwb-brand","embeddable":true,"href":"https:\/\/cheveuxluxe.com\/index.php\/wp-json\/wp\/v2\/pwb-brand?post=30837"},{"taxonomy":"product_cat","embeddable":true,"href":"https:\/\/cheveuxluxe.com\/index.php\/wp-json\/wp\/v2\/product_cat?post=30837"},{"taxonomy":"product_tag","embeddable":true,"href":"https:\/\/cheveuxluxe.com\/index.php\/wp-json\/wp\/v2\/product_tag?post=30837"}],"curies":[{"name":"wp","href":"https:\/\/api.w.org\/{rel}","templated":true}]}}