{"id":30841,"date":"2024-04-09T22:58:31","date_gmt":"2024-04-09T22:58:31","guid":{"rendered":"https:\/\/cheveuxluxe.com\/index.php\/product\/loreal-professionnel-tecni-art-pate-destructurante-100ml\/"},"modified":"2024-04-13T14:06:39","modified_gmt":"2024-04-13T14:06:39","slug":"loreal-professionnel-tecni-art-pate-destructurante-100ml","status":"publish","type":"product","link":"https:\/\/cheveuxluxe.com\/index.php\/product\/loreal-professionnel-tecni-art-pate-destructurante-100ml\/","title":{"rendered":"L&rsquo;Or\u00e9al Professionnel Tecni Art P\u00e2te D\u00e9structurante 100ml"},"content":{"rendered":"<div class=\"product-content_bottom\">\n<div class=\"pdp-info\">\n<div class=\"pdp-tabs tab-container\">\n<div class=\"tab js-tab\">\n<h3 class=\"tab-title pdp-tabs_title js-tab-mobile-title open\"><span>Points cl\u00e9s<\/span><\/h3>\n<div class=\"tab-description pdp-tabs_description js-tab-description open\" itemprop=\"description\">\n<ul>\n<li>P\u00e2te cr\u00e9meuse d\u00e9structurante, matifiante et remodelante<\/li>\n<li>Pour un effet rugueux, des brins d\u00e9finis, une finition mate et naturelle<\/li>\n<\/ul>\n<\/div>\n<\/div>\n<div class=\"tab js-tab\">\n<h3 class=\"tab-title pdp-tabs_title js-tab-mobile-title\"><span>Description<\/span><\/h3>\n<div class=\"tab-description pdp-tabs_description js-tab-description\" itemprop=\"description\">Produit :<br \/>P\u00e2te d\u00e9structurante, effet rugueux<br \/>Avantages :<br \/>Texture exploitable<br \/>Peut \u00eatre utilis\u00e9e pour recoiffer les cheveux<br \/>Conseil pro :<br \/>Reconstruisez aussi souvent que vous le souhaitez. Gr\u00e2ce \u00e0 l&rsquo;effet matifiant, vous pouvez recoiffer et remodeler le look autant de fois que vous le souhaitez.<\/div>\n<\/div>\n<div class=\"tab js-tab\">\n<h3 class=\"tab-title pdp-tabs_title js-tab-mobile-title\"><span>Mode d&#8217;emploi<\/span><\/h3>\n<div class=\"tab-description pdp-tabs_description js-tab-description\">Appliquez sur les cheveux secs. Appliquez avec les mains pour un fini \u00e9bouriff\u00e9. Travaillez avec les doigts pour la d\u00e9finition et la s\u00e9paration<\/div>\n<\/div>\n<div class=\"tab js-tab\">\n<h3 class=\"tab-title pdp-tabs_title js-tab-mobile-title\"><span>Ingr\u00e9dients<\/span><\/h3>\n<div class=\"tab-description pdp-tabs_description js-tab-description\">Aqua , Water, Peg-40 Hydrogenated Castor Oil, Dimethicone, Petrolatum, Stearyl Alcohol, C20-40 Alkyl Stearate, Ppg-5-Ceteth-20, Tribehenin, Vp, Va Copolymer, Butylene Glycol, Peg-150 Pentaerythrityl Tetrastearate, Cellulose Gum, Phenoxyethanol, Sorbic Acid, Methylparaben, Ethylparaben, Disodium Edta, Linalool, Limonene, Benzyl Salicylate, Benzyl Alcohol, Hexyl Cinnamal, Citral, Alpha-Isomethyl Ionone, Hydroxycitronellal, Geraniol, Parfum , Fragrance. C159276, 2.<\/div>\n<\/div>\n<div class=\"tab js-tab\">\n<h3 class=\"tab-title pdp-tabs_title js-tab-mobile-title\"><span>Livraison et stock<\/span><\/h3>\n<div class=\"tab-description pdp-tabs_description js-tab-description\">\n<div class=\"pdp-delivery_info\">\n<div class=\"content-asset\">Livraison et d\u00e9laisRetours et remboursements<\/div>\n<\/div>\n<\/div>\n<\/div>\n<div class=\"tab js-tab\">\n<h3 class=\"tab-title pdp-tabs_title js-tab-mobile-title\"><span>Pr\u00e9cautions d&#8217;emploi<\/span><\/h3>\n<div class=\"tab-description pdp-tabs_description js-tab-description\">En cas de contact avec les yeux, rincer imm\u00e9diatement et abondamment \u00e0 l&rsquo;eau<\/div>\n<\/div>\n<\/div>\n<\/div>\n<\/div>\n","protected":false},"excerpt":{"rendered":"<p>Points cl\u00e9s P\u00e2te cr\u00e9meuse d\u00e9structurante, matifiante et remodelante Pour un effet rugueux, des brins d\u00e9finis,&hellip;<\/p>\n","protected":false},"featured_media":21627,"comment_status":"open","ping_status":"closed","template":"","meta":[],"pwb-brand":[649],"product_cat":[596],"product_tag":[325,128,127],"class_list":{"0":"post-30841","1":"product","2":"type-product","3":"status-publish","4":"has-post-thumbnail","6":"pwb-brand-loreal-professionnel","7":"product_cat-produit-coiffant-et-fixant","8":"product_tag-loreal-professionnel","9":"product_tag-produit-coiffant-et-fixant","10":"product_tag-shampooing-et-coiffure","12":"first","13":"instock","14":"taxable","15":"shipping-taxable","16":"purchasable","17":"product-type-simple","18":"layout-style-3","19":"col-md-4 col-sm-4 col-xs-6","20":"col-lg-3","21":"product-style-default"},"aioseo_notices":[],"brands":[{"id":649,"name":"L'Or\u00e9al Professionnel","slug":"loreal-professionnel"}],"_links":{"self":[{"href":"https:\/\/cheveuxluxe.com\/index.php\/wp-json\/wp\/v2\/product\/30841","targetHints":{"allow":["GET"]}}],"collection":[{"href":"https:\/\/cheveuxluxe.com\/index.php\/wp-json\/wp\/v2\/product"}],"about":[{"href":"https:\/\/cheveuxluxe.com\/index.php\/wp-json\/wp\/v2\/types\/product"}],"replies":[{"embeddable":true,"href":"https:\/\/cheveuxluxe.com\/index.php\/wp-json\/wp\/v2\/comments?post=30841"}],"version-history":[{"count":0,"href":"https:\/\/cheveuxluxe.com\/index.php\/wp-json\/wp\/v2\/product\/30841\/revisions"}],"wp:featuredmedia":[{"embeddable":true,"href":"https:\/\/cheveuxluxe.com\/index.php\/wp-json\/wp\/v2\/media\/21627"}],"wp:attachment":[{"href":"https:\/\/cheveuxluxe.com\/index.php\/wp-json\/wp\/v2\/media?parent=30841"}],"wp:term":[{"taxonomy":"pwb-brand","embeddable":true,"href":"https:\/\/cheveuxluxe.com\/index.php\/wp-json\/wp\/v2\/pwb-brand?post=30841"},{"taxonomy":"product_cat","embeddable":true,"href":"https:\/\/cheveuxluxe.com\/index.php\/wp-json\/wp\/v2\/product_cat?post=30841"},{"taxonomy":"product_tag","embeddable":true,"href":"https:\/\/cheveuxluxe.com\/index.php\/wp-json\/wp\/v2\/product_tag?post=30841"}],"curies":[{"name":"wp","href":"https:\/\/api.w.org\/{rel}","templated":true}]}}