{"id":30852,"date":"2024-04-09T22:58:53","date_gmt":"2024-04-09T22:58:53","guid":{"rendered":"https:\/\/cheveuxluxe.com\/index.php\/product\/loreal-professionnel-serie-expert-metal-detox-creme-haute-protection-100ml\/"},"modified":"2024-04-13T14:14:59","modified_gmt":"2024-04-13T14:14:59","slug":"loreal-professionnel-serie-expert-metal-detox-creme-haute-protection-100ml","status":"publish","type":"product","link":"https:\/\/cheveuxluxe.com\/index.php\/product\/loreal-professionnel-serie-expert-metal-detox-creme-haute-protection-100ml\/","title":{"rendered":"L&rsquo;Or\u00e9al Professionnel S\u00e9rie Expert Metal Detox Cr\u00e8me Haute Protection 100ml"},"content":{"rendered":"<div class=\"product-content_bottom\">\n<div class=\"pdp-info\">\n<div class=\"pdp-tabs tab-container\">\n<div class=\"tab js-tab\">\n<h3 class=\"tab-title pdp-tabs_title js-tab-mobile-title open\"><span>Points cl\u00e9s<\/span><\/h3>\n<div class=\"tab-description pdp-tabs_description js-tab-description open\" itemprop=\"description\">\n<ul>\n<li>Metal Detox anti-m\u00e9tal cr\u00e8me haute protection<\/li>\n<li>Hydrate<\/li>\n<li>Pr\u00e9vient les d\u00e9g\u00e2ts et les alt\u00e9rations de la couleur<\/li>\n<li>Texture cr\u00e9meuse<\/li>\n<li>Pour cheveux ondul\u00e9s \u00e0 cr\u00e9pus ab\u00eem\u00e9s<\/li>\n<\/ul>\n<\/div>\n<\/div>\n<div class=\"tab js-tab\">\n<h3 class=\"tab-title pdp-tabs_title js-tab-mobile-title\"><span>Description<\/span><\/h3>\n<div class=\"tab-description pdp-tabs_description js-tab-description\" itemprop=\"description\">\n<p><strong><u>D\u00e9couverte Scientifique<\/u><\/strong>\u00a0Shampooing apr\u00e8s shampooing, les particules de m\u00e9tal pr\u00e9sentes dans l&rsquo;eau, comme le cuivre, peuvent p\u00e9n\u00e9trer les fibres de vos cheveux. Les particules m\u00e9talliques peuvent entra\u00eener une cassure des cheveux et un changement de couleur.<\/p>\n<p><u><strong>Technologie Innovante<\/strong><\/u> Avec une concentration de 1 % de glicoamine, cette cr\u00e8me sans rin\u00e7age haute protection \u00e9limine le cuivre* dans les cheveux et les prot\u00e8ge des nouveaux d\u00e9p\u00f4ts de particules, pour arr\u00eater la cassure &amp; l\u2019alt\u00e9ration de la couleur.<\/p>\n<p><u><strong>Haute Protection<\/strong><\/u> Formul\u00e9e avec des filtres UV. Prot\u00e8ge contre les dommages induits par les UV et l\u2019oxydation, le brushing &amp; la chaleur jusqu\u2019\u00e0 230 \u00b0C**.<\/p>\n<p><u><strong>Hydratation Intense &amp; Anti-frizz<\/strong><\/u> Jusqu&rsquo;\u00e0 72h d\u2019hydratation &amp; contr\u00f4le des frisottis**, m\u00eame \u00e0 des taux d\u2019humidit\u00e9 \u00e9lev\u00e9s. 6x plus de d\u00e9finition**. Hydrat\u00e9 intens\u00e9ment et fortifi\u00e9s, les cheveux sont instantan\u00e9ment plus maniables, plus faciles \u00e0 coiffer et ont un aspect plus sain. Les cheveux sont plus doux &amp; plus lisses.<\/p>\n<p><strong><u>Couleur Vibrante<\/u><\/strong> Les cheveux sont plus brillants &amp; la couleur tient plus longtemps. 97 % de l\u2019\u00e9clat de la couleur pr\u00e9serv\u00e9 apr\u00e8s 8 semaines**.<\/p>\n<p><strong><u>Formule Professionnelle<\/u><\/strong>\u00a0Sa texture fondante est instantan\u00e9ment absorb\u00e9e et enrobe la fibre sans l\u2019alourdir.<\/p>\n<p><u><strong>Recommand\u00e9 Pour Tous Les Types De Cheveux\u00a0\u00a0<\/strong><\/u>Pour toutes les textures de cheveux, color\u00e9s, ab\u00eem\u00e9s, d\u00e9color\u00e9s &amp; naturels.<\/p>\n<p><u><strong>Demandez La Routine De Metal Detox Au Salon<\/strong><\/u>: Lors de votre prochaine visite au salon de coiffure, demandez la routine Metal Detox concentr\u00e9 en glicoamine pour arr\u00eater la cassure des cheveux &amp; l\u2019alt\u00e9ration de la couleur : pour une couleur 100 % fid\u00e8le et durable *** et 97 % moins de cassure des cheveux****. Metal Detox a \u00e9t\u00e9 co-d\u00e9velopp\u00e9 avec des coiffeurs experts en couleur, balayage et d\u00e9coloration. *Test Instrumental apr\u00e8s 10 applications. **Test instrumental sur Metal Detox High Protection Cream *** Test instrumental sur Metal Detox Shampoo + Mask **** Test instrumental test sur Metal Detox Concentrated Oil<\/p>\n<\/div>\n<\/div>\n<div class=\"tab js-tab\">\n<h3 class=\"tab-title pdp-tabs_title js-tab-mobile-title\"><span>Mode d&#8217;emploi<\/span><\/h3>\n<div class=\"tab-description pdp-tabs_description js-tab-description\">Appliquer quotidiennement sur des cheveux essor\u00e9s. Commencer par 1 \u00e0 2 pompes et r\u00e9partir uniform\u00e9ment des mi-longueurs aux pointes. Ajouter plus si n\u00e9cessaire en fonction de la longueur. Ne pas rincer. Proc\u00e9der au s\u00e9chage au s\u00e8che-cheveux ou laisser s\u00e9cher \u00e0 l&rsquo;air libre.<\/div>\n<\/div>\n<div class=\"tab js-tab\">\n<h3 class=\"tab-title pdp-tabs_title js-tab-mobile-title\"><span>Ingr\u00e9dients<\/span><\/h3>\n<div class=\"tab-description pdp-tabs_description js-tab-description\">AQUA \/ WATER \u2022 BUTYLENE GLYCOL \u2022 AMINOPROPYL DIMETHICONE \u2022 ISODODECANE \u2022 ISONONYL ISONONANOATE \u2022 GLYCINE \u2022 PEG-240\/HDI COPOLYMER BIS-DECYLTETRADECETH-20 ETHER \u2022 UNDECANE \u2022 CAPRYLYL GLYCOL \u2022 SCLEROTIUM GUM \u2022 TRIDECANE \u2022 TOCOPHEROL \u2022 ETHYLHEXYL SALICYLATE \u2022 LIMONENE \u2022 SODIUM CITRATE \u2022 CITRIC ACID \u2022 HEXYL CINNAMAL \u2022 LINALOOL \u2022 CITRAL \u2022 GERANIOL \u2022 COUMARIN \u2022 POTASSIUM LAURATE \u2022 POLYQUATERNIUM-7 \u2022 SODIUM BENZOATE \u2022 HELIANTHUS ANNUUS SEED OIL \/ SUNFLOWER SEED OIL \u2022 PARFUM \/ FRAGRANCE<\/div>\n<\/div>\n<div class=\"tab js-tab\">\n<h3 class=\"tab-title pdp-tabs_title js-tab-mobile-title\"><span>Livraison et stock<\/span><\/h3>\n<div class=\"tab-description pdp-tabs_description js-tab-description\">\n<div class=\"pdp-delivery_info\">\n<div class=\"content-asset\">Livraison et d\u00e9laisRetours et remboursements<\/div>\n<\/div>\n<\/div>\n<\/div>\n<div class=\"tab js-tab\">\n<h3 class=\"tab-title pdp-tabs_title js-tab-mobile-title\"><span>Pr\u00e9cautions d&#8217;emploi<\/span><\/h3>\n<div class=\"tab-description pdp-tabs_description js-tab-description\">En cas de contact avec les yeux, rincer imm\u00e9diatement et abondamment.<\/div>\n<\/div>\n<\/div>\n<\/div>\n<\/div>\n","protected":false},"excerpt":{"rendered":"<p>Points cl\u00e9s Metal Detox anti-m\u00e9tal cr\u00e8me haute protection Hydrate Pr\u00e9vient les d\u00e9g\u00e2ts et les alt\u00e9rations&hellip;<\/p>\n","protected":false},"featured_media":30845,"comment_status":"open","ping_status":"closed","template":"","meta":[],"pwb-brand":[649],"product_cat":[600],"product_tag":[325,144,127],"class_list":{"0":"post-30852","1":"product","2":"type-product","3":"status-publish","4":"has-post-thumbnail","6":"pwb-brand-loreal-professionnel","7":"product_cat-lissage-et-keratine","8":"product_tag-loreal-professionnel","9":"product_tag-lissage-et-keratine","10":"product_tag-shampooing-et-coiffure","12":"first","13":"instock","14":"taxable","15":"shipping-taxable","16":"purchasable","17":"product-type-simple","18":"layout-style-3","19":"col-md-4 col-sm-4 col-xs-6","20":"col-lg-3","21":"product-has-gallery","22":"product-style-default"},"aioseo_notices":[],"brands":[{"id":649,"name":"L'Or\u00e9al Professionnel","slug":"loreal-professionnel"}],"_links":{"self":[{"href":"https:\/\/cheveuxluxe.com\/index.php\/wp-json\/wp\/v2\/product\/30852","targetHints":{"allow":["GET"]}}],"collection":[{"href":"https:\/\/cheveuxluxe.com\/index.php\/wp-json\/wp\/v2\/product"}],"about":[{"href":"https:\/\/cheveuxluxe.com\/index.php\/wp-json\/wp\/v2\/types\/product"}],"replies":[{"embeddable":true,"href":"https:\/\/cheveuxluxe.com\/index.php\/wp-json\/wp\/v2\/comments?post=30852"}],"version-history":[{"count":0,"href":"https:\/\/cheveuxluxe.com\/index.php\/wp-json\/wp\/v2\/product\/30852\/revisions"}],"wp:featuredmedia":[{"embeddable":true,"href":"https:\/\/cheveuxluxe.com\/index.php\/wp-json\/wp\/v2\/media\/30845"}],"wp:attachment":[{"href":"https:\/\/cheveuxluxe.com\/index.php\/wp-json\/wp\/v2\/media?parent=30852"}],"wp:term":[{"taxonomy":"pwb-brand","embeddable":true,"href":"https:\/\/cheveuxluxe.com\/index.php\/wp-json\/wp\/v2\/pwb-brand?post=30852"},{"taxonomy":"product_cat","embeddable":true,"href":"https:\/\/cheveuxluxe.com\/index.php\/wp-json\/wp\/v2\/product_cat?post=30852"},{"taxonomy":"product_tag","embeddable":true,"href":"https:\/\/cheveuxluxe.com\/index.php\/wp-json\/wp\/v2\/product_tag?post=30852"}],"curies":[{"name":"wp","href":"https:\/\/api.w.org\/{rel}","templated":true}]}}