{"id":30854,"date":"2024-04-09T22:58:53","date_gmt":"2024-04-09T22:58:53","guid":{"rendered":"https:\/\/cheveuxluxe.com\/index.php\/product\/loreal-professionnel-tecni-art-gel-sculptant-extra-fixation-200ml\/"},"modified":"2024-04-13T14:06:43","modified_gmt":"2024-04-13T14:06:43","slug":"loreal-professionnel-tecni-art-gel-sculptant-extra-fixation-200ml","status":"publish","type":"product","link":"https:\/\/cheveuxluxe.com\/index.php\/product\/loreal-professionnel-tecni-art-gel-sculptant-extra-fixation-200ml\/","title":{"rendered":"L&rsquo;Or\u00e9al Professionnel Tecni Art Gel Sculptant Extra-Fixation 200ml"},"content":{"rendered":"<div class=\"product-content_bottom\">\n<div class=\"pdp-info\">\n<div class=\"pdp-tabs tab-container\">\n<div class=\"tab js-tab\">\n<h3 class=\"tab-title pdp-tabs_title js-tab-mobile-title open\"><span>Points cl\u00e9s<\/span><\/h3>\n<div class=\"tab-description pdp-tabs_description js-tab-description open\" itemprop=\"description\">\n<ul>\n<li>Fixation directionnelle et spray de finition<\/li>\n<li>Aucun r\u00e9sidu<\/li>\n<li>S\u00e9chage rapide <\/li>\n<li>Cr\u00e9e des regards lisses ou h\u00e9riss\u00e9s<\/li>\n<\/ul>\n<\/div>\n<\/div>\n<div class=\"tab js-tab\">\n<h3 class=\"tab-title pdp-tabs_title js-tab-mobile-title\"><span>Description<\/span><\/h3>\n<div class=\"tab-description pdp-tabs_description js-tab-description\" itemprop=\"description\">Produit : <br \/> Gel \u00e0 tenue maximale, sans r\u00e9sidus, s\u00e9chage rapide <br \/> Avantages : <br \/> Pas de r\u00e9sidus, s\u00e9chage rapide <br \/> Tenue prolong\u00e9e de 48 heures <br \/> Conseil pro : <br \/> \u00c0 utiliser sur des cheveux mouill\u00e9s et torsader les m\u00e8ches pour fixer.<\/div>\n<\/div>\n<div class=\"tab js-tab\">\n<h3 class=\"tab-title pdp-tabs_title js-tab-mobile-title\"><span>Mode d&#8217;emploi<\/span><\/h3>\n<div class=\"tab-description pdp-tabs_description js-tab-description\">Appliquez avec les mains pour une prise globale, utilisez les doigts pour fixer les m\u00e8ches<\/div>\n<\/div>\n<div class=\"tab js-tab\">\n<h3 class=\"tab-title pdp-tabs_title js-tab-mobile-title\"><span>Ingr\u00e9dients<\/span><\/h3>\n<div class=\"tab-description pdp-tabs_description js-tab-description\">1001124 E Aqua , Water, Alcohol Denat., Amp-Acrylates , Allyl Methacrylate Copolymer, Aminomethyl Propanol, Hydrogenated Starch Hydrolysate, Carbomer, Peg-40 Hydrogenated Castor Oil, Hydroxypropyl Guar, Phenoxyethanol, Linalool, Limonene, Benzophenone-4, Hexyl Cinnamal, Hydroxycitronellal, Benzyl Salicylate, Benzyl Alcohol, Citral, Citronellol, Parfum , Fragrance. C212011, 2.<\/div>\n<\/div>\n<div class=\"tab js-tab\">\n<h3 class=\"tab-title pdp-tabs_title js-tab-mobile-title\"><span>Livraison et stock<\/span><\/h3>\n<div class=\"tab-description pdp-tabs_description js-tab-description\">\n<div class=\"pdp-delivery_info\">\n<div class=\"content-asset\">Livraison et d\u00e9laisRetours et remboursements<\/div>\n<\/div>\n<\/div>\n<\/div>\n<\/div>\n<\/div>\n<\/div>\n","protected":false},"excerpt":{"rendered":"<p>Points cl\u00e9s Fixation directionnelle et spray de finition Aucun r\u00e9sidu S\u00e9chage rapide Cr\u00e9e des regards&hellip;<\/p>\n","protected":false},"featured_media":20562,"comment_status":"open","ping_status":"closed","template":"","meta":[],"pwb-brand":[649],"product_cat":[596],"product_tag":[325,128,127],"class_list":{"0":"post-30854","1":"product","2":"type-product","3":"status-publish","4":"has-post-thumbnail","6":"pwb-brand-loreal-professionnel","7":"product_cat-produit-coiffant-et-fixant","8":"product_tag-loreal-professionnel","9":"product_tag-produit-coiffant-et-fixant","10":"product_tag-shampooing-et-coiffure","12":"first","13":"instock","14":"taxable","15":"shipping-taxable","16":"purchasable","17":"product-type-simple","18":"layout-style-3","19":"col-md-4 col-sm-4 col-xs-6","20":"col-lg-3","21":"product-style-default"},"aioseo_notices":[],"brands":[{"id":649,"name":"L'Or\u00e9al Professionnel","slug":"loreal-professionnel"}],"_links":{"self":[{"href":"https:\/\/cheveuxluxe.com\/index.php\/wp-json\/wp\/v2\/product\/30854","targetHints":{"allow":["GET"]}}],"collection":[{"href":"https:\/\/cheveuxluxe.com\/index.php\/wp-json\/wp\/v2\/product"}],"about":[{"href":"https:\/\/cheveuxluxe.com\/index.php\/wp-json\/wp\/v2\/types\/product"}],"replies":[{"embeddable":true,"href":"https:\/\/cheveuxluxe.com\/index.php\/wp-json\/wp\/v2\/comments?post=30854"}],"version-history":[{"count":0,"href":"https:\/\/cheveuxluxe.com\/index.php\/wp-json\/wp\/v2\/product\/30854\/revisions"}],"wp:featuredmedia":[{"embeddable":true,"href":"https:\/\/cheveuxluxe.com\/index.php\/wp-json\/wp\/v2\/media\/20562"}],"wp:attachment":[{"href":"https:\/\/cheveuxluxe.com\/index.php\/wp-json\/wp\/v2\/media?parent=30854"}],"wp:term":[{"taxonomy":"pwb-brand","embeddable":true,"href":"https:\/\/cheveuxluxe.com\/index.php\/wp-json\/wp\/v2\/pwb-brand?post=30854"},{"taxonomy":"product_cat","embeddable":true,"href":"https:\/\/cheveuxluxe.com\/index.php\/wp-json\/wp\/v2\/product_cat?post=30854"},{"taxonomy":"product_tag","embeddable":true,"href":"https:\/\/cheveuxluxe.com\/index.php\/wp-json\/wp\/v2\/product_tag?post=30854"}],"curies":[{"name":"wp","href":"https:\/\/api.w.org\/{rel}","templated":true}]}}