{"id":30857,"date":"2024-04-09T22:59:03","date_gmt":"2024-04-09T22:59:03","guid":{"rendered":"https:\/\/cheveuxluxe.com\/index.php\/product\/jump-your-hair-spray-structurant-150ml\/"},"modified":"2024-04-13T14:06:44","modified_gmt":"2024-04-13T14:06:44","slug":"jump-your-hair-spray-structurant-150ml","status":"publish","type":"product","link":"https:\/\/cheveuxluxe.com\/index.php\/product\/jump-your-hair-spray-structurant-150ml\/","title":{"rendered":"Jump Your Hair Spray Structurant 150ml"},"content":{"rendered":"<div class=\"product-content_bottom\">\n<div class=\"pdp-info\">\n<div class=\"pdp-tabs tab-container\">\n<div class=\"tab js-tab\">\n<h3 class=\"tab-title pdp-tabs_title js-tab-mobile-title open\"><span>Points cl\u00e9s<\/span><\/h3>\n<div class=\"tab-description pdp-tabs_description js-tab-description open\" itemprop=\"description\">\n<ul>\n<li>Forte tenue<\/li>\n<li>Aucun r\u00e9sidu<\/li>\n<li>Pas de gaz d&rsquo;a\u00e9rosol<\/li>\n<li>Enrichi en k\u00e9ratine, biotine, aloe vera, arnica et provitamine B5<\/li>\n<li>Formule professionnelle<\/li>\n<\/ul>\n<\/div>\n<\/div>\n<div class=\"tab js-tab\">\n<h3 class=\"tab-title pdp-tabs_title js-tab-mobile-title\"><span>Description<\/span><\/h3>\n<div class=\"tab-description pdp-tabs_description js-tab-description\" itemprop=\"description\">Vous r\u00eavez d&rsquo;une crini\u00e8re flamboyante et apprivois\u00e9e\u00a0? Ce spray coiffant non-a\u00e9rosol nourrit les cheveux, leur assurant une forte tenue tout en prenant soin des plus belles crini\u00e8res. Se lave facilement.<\/div>\n<\/div>\n<div class=\"tab js-tab\">\n<h3 class=\"tab-title pdp-tabs_title js-tab-mobile-title\"><span>Mode d&#8217;emploi<\/span><\/h3>\n<div class=\"tab-description pdp-tabs_description js-tab-description\">Pulv\u00e9risation \u00e0 une distance de 25 cm.<\/div>\n<\/div>\n<div class=\"tab js-tab\">\n<h3 class=\"tab-title pdp-tabs_title js-tab-mobile-title\"><span>Ingr\u00e9dients<\/span><\/h3>\n<div class=\"tab-description pdp-tabs_description js-tab-description\">Alcohol Denat., VP, VA Copolymer (Water), Aloe Barbadensis Leaf Juice, PEG-40 Hydrogenated Castor Oil, Glycerin, Hydrolyzed Keratin, Biotin, Arnica Montana Flower Extract, Panthenol, Polyglyceryl-3 PCA, Parfum (Fragrance), Urea, Disodium Phosphate, Sodium Benzoate, Potassium Sorbate, Citric Acid, Limonene, Hydroxycitronellol, Citronellol, Coumarin, Linalool.<\/div>\n<\/div>\n<div class=\"tab js-tab\">\n<h3 class=\"tab-title pdp-tabs_title js-tab-mobile-title\"><span>Livraison et stock<\/span><\/h3>\n<div class=\"tab-description pdp-tabs_description js-tab-description\">\n<div class=\"pdp-delivery_info\">\n<div class=\"content-asset\">Livraison et d\u00e9laisRetours et remboursements<\/div>\n<\/div>\n<\/div>\n<\/div>\n<div class=\"tab js-tab\">\n<h3 class=\"tab-title pdp-tabs_title js-tab-mobile-title\"><span>Pr\u00e9cautions d&#8217;emploi<\/span><\/h3>\n<div class=\"tab-description pdp-tabs_description js-tab-description\">Refermer apr\u00e8s usage.<br \/>Conserver hors de port\u00e9e des enfants.<br \/>Eviter le contact avec les yeux.<br \/>En cas de contact avec les yeux, rincer \u00e0 l\u2019eau.<\/div>\n<\/div>\n<\/div>\n<\/div>\n<\/div>\n","protected":false},"excerpt":{"rendered":"<p>Points cl\u00e9s Forte tenue Aucun r\u00e9sidu Pas de gaz d&rsquo;a\u00e9rosol Enrichi en k\u00e9ratine, biotine, aloe&hellip;<\/p>\n","protected":false},"featured_media":22338,"comment_status":"open","ping_status":"closed","template":"","meta":[],"pwb-brand":[711],"product_cat":[596],"product_tag":[579,128,127],"class_list":{"0":"post-30857","1":"product","2":"type-product","3":"status-publish","4":"has-post-thumbnail","6":"pwb-brand-jump-your-hair","7":"product_cat-produit-coiffant-et-fixant","8":"product_tag-jump-your-hair","9":"product_tag-produit-coiffant-et-fixant","10":"product_tag-shampooing-et-coiffure","12":"first","13":"instock","14":"taxable","15":"shipping-taxable","16":"purchasable","17":"product-type-simple","18":"layout-style-3","19":"col-md-4 col-sm-4 col-xs-6","20":"col-lg-3","21":"product-style-default"},"aioseo_notices":[],"brands":[{"id":711,"name":"Jump Your Hair","slug":"jump-your-hair"}],"_links":{"self":[{"href":"https:\/\/cheveuxluxe.com\/index.php\/wp-json\/wp\/v2\/product\/30857","targetHints":{"allow":["GET"]}}],"collection":[{"href":"https:\/\/cheveuxluxe.com\/index.php\/wp-json\/wp\/v2\/product"}],"about":[{"href":"https:\/\/cheveuxluxe.com\/index.php\/wp-json\/wp\/v2\/types\/product"}],"replies":[{"embeddable":true,"href":"https:\/\/cheveuxluxe.com\/index.php\/wp-json\/wp\/v2\/comments?post=30857"}],"version-history":[{"count":0,"href":"https:\/\/cheveuxluxe.com\/index.php\/wp-json\/wp\/v2\/product\/30857\/revisions"}],"wp:featuredmedia":[{"embeddable":true,"href":"https:\/\/cheveuxluxe.com\/index.php\/wp-json\/wp\/v2\/media\/22338"}],"wp:attachment":[{"href":"https:\/\/cheveuxluxe.com\/index.php\/wp-json\/wp\/v2\/media?parent=30857"}],"wp:term":[{"taxonomy":"pwb-brand","embeddable":true,"href":"https:\/\/cheveuxluxe.com\/index.php\/wp-json\/wp\/v2\/pwb-brand?post=30857"},{"taxonomy":"product_cat","embeddable":true,"href":"https:\/\/cheveuxluxe.com\/index.php\/wp-json\/wp\/v2\/product_cat?post=30857"},{"taxonomy":"product_tag","embeddable":true,"href":"https:\/\/cheveuxluxe.com\/index.php\/wp-json\/wp\/v2\/product_tag?post=30857"}],"curies":[{"name":"wp","href":"https:\/\/api.w.org\/{rel}","templated":true}]}}