{"id":30858,"date":"2024-04-09T22:59:03","date_gmt":"2024-04-09T22:59:03","guid":{"rendered":"https:\/\/cheveuxluxe.com\/index.php\/product\/hair-sculptor-fibres-25gr\/"},"modified":"2024-04-13T14:06:46","modified_gmt":"2024-04-13T14:06:46","slug":"hair-sculptor-fibres-25gr","status":"publish","type":"product","link":"https:\/\/cheveuxluxe.com\/index.php\/product\/hair-sculptor-fibres-25gr\/","title":{"rendered":"Hair Sculptor Fibres 25gr"},"content":{"rendered":"<div class=\"product-content_bottom\">\n<div class=\"pdp-info\">\n<div class=\"pdp-tabs tab-container\">\n<div class=\"tab js-tab\">\n<h3 class=\"tab-title pdp-tabs_title js-tab-mobile-title open\"><span>Points cl\u00e9s<\/span><\/h3>\n<div class=\"tab-description pdp-tabs_description js-tab-description open\" itemprop=\"description\">\n<ul>\n<li>Fibres \u00e0 base de coton<\/li>\n<li>Se fondent naturellement dans les cheveux<\/li>\n<li>Comblent instantan\u00e9ment les zones clairsem\u00e9es<\/li>\n<li>Dissimulent la perte de cheveux<\/li>\n<li>Rendent les cheveux fins plus \u00e9pais et garnis<\/li>\n<li>Une fois fix\u00e9es avec le spray, les fibres r\u00e9sistent au vent, \u00e0 la pluie et \u00e0 la sueur<\/li>\n<li>Des r\u00e9sultats durables dans toutes les conditions<\/li>\n<\/ul>\n<\/div>\n<\/div>\n<div class=\"tab js-tab\">\n<h3 class=\"tab-title pdp-tabs_title js-tab-mobile-title\"><span>Description<\/span><\/h3>\n<div class=\"tab-description pdp-tabs_description js-tab-description\" itemprop=\"description\">PROBL\u00c8ME R\u00c9SOLU.<br \/>Les fibres de construction capillaire Hair Sculptor comblent instantan\u00e9ment les zones clairsem\u00e9es, dissimulent la perte de cheveux et rendent les cheveux fins plus \u00e9pais et garnis. Une fois fix\u00e9es avec le spray, les fibres r\u00e9sistent au vent, \u00e0 la pluie et \u00e0 la sueur pour des r\u00e9sultats durables dans toutes les conditions. De nombreux accessoires facilitent l\u2019application des fibres et contribuent \u00e0 am\u00e9liorer l\u2019aspect g\u00e9n\u00e9ral des cheveux.<\/div>\n<\/div>\n<div class=\"tab js-tab\">\n<h3 class=\"tab-title pdp-tabs_title js-tab-mobile-title\"><span>Mode d&#8217;emploi<\/span><\/h3>\n<div class=\"tab-description pdp-tabs_description js-tab-description\">Tenez les cheveux secs \u00e0 l\u2019\u00e9cart pour obtenir une surface aussi grande que possible. Ensuite, utilisez le flacon de pulv\u00e9risation ou l\u2019applicateur spray pour poser les fibres sur les cheveux. Apr\u00e8s l\u2019application, appuyez doucement avec vos doigts ou peignez d\u00e9licatement pour r\u00e9partir les fibres. Puis, fixez-les avec le spray fixant Hair Sculptor.<\/div>\n<\/div>\n<div class=\"tab js-tab\">\n<h3 class=\"tab-title pdp-tabs_title js-tab-mobile-title\"><span>Ingr\u00e9dients<\/span><\/h3>\n<div class=\"tab-description pdp-tabs_description js-tab-description\">CELLULOSE, SODIUM SULFATE, ALUMINUM SILICATE, AMMONIUM CHLORIDE, [+\/- CI 77491, CI 77492, CI 77499].<\/div>\n<\/div>\n<div class=\"tab js-tab\">\n<h3 class=\"tab-title pdp-tabs_title js-tab-mobile-title\"><span>Livraison et stock<\/span><\/h3>\n<div class=\"tab-description pdp-tabs_description js-tab-description\">\n<div class=\"pdp-delivery_info\">\n<div class=\"content-asset\">Livraison et d\u00e9laisRetours et remboursements<\/div>\n<\/div>\n<\/div>\n<\/div>\n<div class=\"tab js-tab\">\n<h3 class=\"tab-title pdp-tabs_title js-tab-mobile-title\"><span>Pr\u00e9cautions d&#8217;emploi<\/span><\/h3>\n<div class=\"tab-description pdp-tabs_description js-tab-description\">Pour usage externe. Fonctionne sur des cheveux clairem\u00e9s, pas sur les zones d\u00e9garnies. Dans le cas o\u00f9 le produit entre en contact avec les yeux, rincer abondamment avec de l\u2019eau. Conserver hors de port\u00e9e des enfants. Ne pas avaler ni inhaler. Arr\u00eater l\u2019utilisation en cas d\u2019irritation.<\/div>\n<\/div>\n<\/div>\n<\/div>\n<\/div>\n","protected":false},"excerpt":{"rendered":"<p>Points cl\u00e9s Fibres \u00e0 base de coton Se fondent naturellement dans les cheveux Comblent instantan\u00e9ment&hellip;<\/p>\n","protected":false},"featured_media":16021,"comment_status":"open","ping_status":"closed","template":"","meta":[],"pwb-brand":[697],"product_cat":[596],"product_tag":[528,128,127],"class_list":{"0":"post-30858","1":"product","2":"type-product","3":"status-publish","4":"has-post-thumbnail","6":"pwb-brand-hair-sculptor","7":"product_cat-produit-coiffant-et-fixant","8":"product_tag-hair-sculptor","9":"product_tag-produit-coiffant-et-fixant","10":"product_tag-shampooing-et-coiffure","12":"first","13":"instock","14":"taxable","15":"shipping-taxable","16":"purchasable","17":"product-type-simple","18":"layout-style-3","19":"col-md-4 col-sm-4 col-xs-6","20":"col-lg-3","21":"product-has-gallery","22":"product-style-default"},"aioseo_notices":[],"brands":[{"id":697,"name":"Hair Sculptor","slug":"hair-sculptor"}],"_links":{"self":[{"href":"https:\/\/cheveuxluxe.com\/index.php\/wp-json\/wp\/v2\/product\/30858","targetHints":{"allow":["GET"]}}],"collection":[{"href":"https:\/\/cheveuxluxe.com\/index.php\/wp-json\/wp\/v2\/product"}],"about":[{"href":"https:\/\/cheveuxluxe.com\/index.php\/wp-json\/wp\/v2\/types\/product"}],"replies":[{"embeddable":true,"href":"https:\/\/cheveuxluxe.com\/index.php\/wp-json\/wp\/v2\/comments?post=30858"}],"version-history":[{"count":0,"href":"https:\/\/cheveuxluxe.com\/index.php\/wp-json\/wp\/v2\/product\/30858\/revisions"}],"wp:featuredmedia":[{"embeddable":true,"href":"https:\/\/cheveuxluxe.com\/index.php\/wp-json\/wp\/v2\/media\/16021"}],"wp:attachment":[{"href":"https:\/\/cheveuxluxe.com\/index.php\/wp-json\/wp\/v2\/media?parent=30858"}],"wp:term":[{"taxonomy":"pwb-brand","embeddable":true,"href":"https:\/\/cheveuxluxe.com\/index.php\/wp-json\/wp\/v2\/pwb-brand?post=30858"},{"taxonomy":"product_cat","embeddable":true,"href":"https:\/\/cheveuxluxe.com\/index.php\/wp-json\/wp\/v2\/product_cat?post=30858"},{"taxonomy":"product_tag","embeddable":true,"href":"https:\/\/cheveuxluxe.com\/index.php\/wp-json\/wp\/v2\/product_tag?post=30858"}],"curies":[{"name":"wp","href":"https:\/\/api.w.org\/{rel}","templated":true}]}}