{"id":30859,"date":"2024-04-09T22:59:04","date_gmt":"2024-04-09T22:59:04","guid":{"rendered":"https:\/\/cheveuxluxe.com\/index.php\/product\/eugene-perma-spray-bi-phase-thermo-protecteur-quotidien-200ml\/"},"modified":"2024-04-13T14:06:47","modified_gmt":"2024-04-13T14:06:47","slug":"eugene-perma-spray-bi-phase-thermo-protecteur-quotidien-200ml","status":"publish","type":"product","link":"https:\/\/cheveuxluxe.com\/index.php\/product\/eugene-perma-spray-bi-phase-thermo-protecteur-quotidien-200ml\/","title":{"rendered":"Eugene Perma Spray Bi-Phase Thermo-Protecteur Quotidien 200ml"},"content":{"rendered":"<div class=\"product-content_bottom\">\n<div class=\"pdp-info\">\n<div class=\"pdp-tabs tab-container\">\n<div class=\"tab js-tab\">\n<h3 class=\"tab-title pdp-tabs_title js-tab-mobile-title open\"><span>Points cl\u00e9s<\/span><\/h3>\n<div class=\"tab-description pdp-tabs_description js-tab-description open\" itemprop=\"description\">\n<ul>\n<li>D\u00e9m\u00eale et hydrate les cheveux<\/li>\n<li>Prot\u00e8ge les cheveux de la chaleur jusqu\u2019\u00e0 230\u00b0C<\/li>\n<li>Procure une brillance et une douceur imm\u00e9diate<\/li>\n<li>N&rsquo;alourdit pas la chevelure<\/li>\n<li>Le coiffage est facilit\u00e9 et tient plus longtemps<\/li>\n<\/ul>\n<\/div>\n<\/div>\n<div class=\"tab js-tab\">\n<h3 class=\"tab-title pdp-tabs_title js-tab-mobile-title\"><span>Description<\/span><\/h3>\n<div class=\"tab-description pdp-tabs_description js-tab-description\" itemprop=\"description\">Compos\u00e9 \u00e0 99% d\u2019ingr\u00e9dients d\u2019origine naturelle, le Spray Thermo-protecteur Quotidien COLLECTIONS NATURE est un soin bi-phase sans rin\u00e7age. Il d\u00e9m\u00eale et hydrate les cheveux pour une brillance et une douceur imm\u00e9diate sans les alourdir. Il prot\u00e8ge les cheveux de la chaleur jusqu\u2019\u00e0 230\u00b0C. Le coiffage est facilit\u00e9 et tient plus longtemps.<\/p>\n<p>NOS ENGAGEMENTS :<br \/>-Le N\u00e9nuphar Bio cultiv\u00e9 dans nos r\u00e9gions pour ses vertus hydratantes et adoucissantes<br \/>-Sans silicones et tensio-actifs sulfat\u00e9s pour un r\u00e9sultat plus naturel-100% VEGAN : formule sans ingr\u00e9dients d&rsquo;origine animale<br \/>-Eco-con\u00e7u : nos flacons sont 100% recyclables et compos\u00e9s \u00e0 50% de mat\u00e9riaux recycl\u00e9s<br \/>-Fabriqu\u00e9 avec amour dans notre usine \u00e0 Reims<\/div>\n<\/div>\n<div class=\"tab js-tab\">\n<h3 class=\"tab-title pdp-tabs_title js-tab-mobile-title\"><span>Mode d&#8217;emploi<\/span><\/h3>\n<div class=\"tab-description pdp-tabs_description js-tab-description\">Agiter avant utilisation.<br \/>Vaporiser sur l&rsquo;ensemble de la chevelure humide ou essor\u00e9e, puis s\u00e9cher et coiffer.<br \/>Sur cheveux secs, d\u00e9poser un voile avant de retravailler le coiffage au fer \u00e0 lisser ou au fer \u00e0 boucler.<br \/>Ne pas rincer.<br \/>Pour un r\u00e9sultat optimal, utiliser le Shampooing Collections Nature le plus adapt\u00e9 \u00e0 vos besoins.<\/div>\n<\/div>\n<div class=\"tab js-tab\">\n<h3 class=\"tab-title pdp-tabs_title js-tab-mobile-title\"><span>Ingr\u00e9dients<\/span><\/h3>\n<div class=\"tab-description pdp-tabs_description js-tab-description\">AQUA\/WATER\/EAU, UNDECANE, TRIDECANE, GLYCERIN, ERYTHRITOL, SIMMONDSIA CHINENSIS (JOJOBA) SEED OIL, PARFUM (FRAGRANCE), INULIN, LACTIC ACID, SODIUM BENZOATE, CAPRYLYL\/CAPRYL GLUCOSIDE, POTASSIUM SORBATE, HYDROLYZED WHEAT PROTEIN, SODIUM HYDROXIDE, GERANIOL, NYMPHAEA ALBA (WATER LILY) FLOWER EXTRACT, TOCOPHEROL, LINALOOL.<\/div>\n<\/div>\n<div class=\"tab js-tab\">\n<h3 class=\"tab-title pdp-tabs_title js-tab-mobile-title\"><span>Livraison et stock<\/span><\/h3>\n<div class=\"tab-description pdp-tabs_description js-tab-description\">\n<div class=\"pdp-delivery_info\">\n<div class=\"content-asset\">Livraison et d\u00e9laisRetours et remboursements<\/div>\n<\/div>\n<\/div>\n<\/div>\n<\/div>\n<\/div>\n<\/div>\n","protected":false},"excerpt":{"rendered":"<p>Points cl\u00e9s D\u00e9m\u00eale et hydrate les cheveux Prot\u00e8ge les cheveux de la chaleur jusqu\u2019\u00e0 230\u00b0C&hellip;<\/p>\n","protected":false},"featured_media":20760,"comment_status":"open","ping_status":"closed","template":"","meta":[],"pwb-brand":[650],"product_cat":[596],"product_tag":[331,128,127],"class_list":{"0":"post-30859","1":"product","2":"type-product","3":"status-publish","4":"has-post-thumbnail","6":"pwb-brand-eugene-perma-professionnel","7":"product_cat-produit-coiffant-et-fixant","8":"product_tag-eugene-perma-professionnel","9":"product_tag-produit-coiffant-et-fixant","10":"product_tag-shampooing-et-coiffure","12":"first","13":"instock","14":"taxable","15":"shipping-taxable","16":"purchasable","17":"product-type-simple","18":"layout-style-3","19":"col-md-4 col-sm-4 col-xs-6","20":"col-lg-3","21":"product-has-gallery","22":"product-style-default"},"aioseo_notices":[],"brands":[{"id":650,"name":"Eugene Perma Professionnel","slug":"eugene-perma-professionnel"}],"_links":{"self":[{"href":"https:\/\/cheveuxluxe.com\/index.php\/wp-json\/wp\/v2\/product\/30859","targetHints":{"allow":["GET"]}}],"collection":[{"href":"https:\/\/cheveuxluxe.com\/index.php\/wp-json\/wp\/v2\/product"}],"about":[{"href":"https:\/\/cheveuxluxe.com\/index.php\/wp-json\/wp\/v2\/types\/product"}],"replies":[{"embeddable":true,"href":"https:\/\/cheveuxluxe.com\/index.php\/wp-json\/wp\/v2\/comments?post=30859"}],"version-history":[{"count":0,"href":"https:\/\/cheveuxluxe.com\/index.php\/wp-json\/wp\/v2\/product\/30859\/revisions"}],"wp:featuredmedia":[{"embeddable":true,"href":"https:\/\/cheveuxluxe.com\/index.php\/wp-json\/wp\/v2\/media\/20760"}],"wp:attachment":[{"href":"https:\/\/cheveuxluxe.com\/index.php\/wp-json\/wp\/v2\/media?parent=30859"}],"wp:term":[{"taxonomy":"pwb-brand","embeddable":true,"href":"https:\/\/cheveuxluxe.com\/index.php\/wp-json\/wp\/v2\/pwb-brand?post=30859"},{"taxonomy":"product_cat","embeddable":true,"href":"https:\/\/cheveuxluxe.com\/index.php\/wp-json\/wp\/v2\/product_cat?post=30859"},{"taxonomy":"product_tag","embeddable":true,"href":"https:\/\/cheveuxluxe.com\/index.php\/wp-json\/wp\/v2\/product_tag?post=30859"}],"curies":[{"name":"wp","href":"https:\/\/api.w.org\/{rel}","templated":true}]}}