{"id":30874,"date":"2024-04-09T22:59:59","date_gmt":"2024-04-09T22:59:59","guid":{"rendered":"https:\/\/cheveuxluxe.com\/index.php\/product\/paul-mitchell-apres-shampooing-quotidien-super-strong-2\/"},"modified":"2024-04-13T14:07:30","modified_gmt":"2024-04-13T14:07:30","slug":"paul-mitchell-apres-shampooing-quotidien-super-strong-2","status":"publish","type":"product","link":"https:\/\/cheveuxluxe.com\/index.php\/product\/paul-mitchell-apres-shampooing-quotidien-super-strong-2\/","title":{"rendered":"Paul Mitchell Apr\u00e8s-Shampooing quotidien Super Strong"},"content":{"rendered":"<div class=\"product-content_bottom\">\n<div class=\"pdp-info\">\n<div class=\"pdp-tabs tab-container\">\n<div class=\"tab js-tab\">\n<h3 class=\"tab-title pdp-tabs_title js-tab-mobile-title open\"><span>Points cl\u00e9s<\/span><\/h3>\n<div class=\"tab-description pdp-tabs_description js-tab-description open\" itemprop=\"description\">\n<ul>\n<li>Reconstruit et prot\u00e8ge<\/li>\n<li>Une formule sans danger pour les couleurs qui r\u00e9pare et prot\u00e8ge les cheveux us\u00e9s<\/li>\n<li>Reconstruit la structure interne des cheveux et les adoucit et les lisse<\/li>\n<li>Aide \u00e0 prot\u00e9ger les brins des rayons UV nocifs<\/li>\n<li>Laisse les cheveux doux, lisses et hydrat\u00e9s<\/li>\n<\/ul>\n<\/div>\n<\/div>\n<div class=\"tab js-tab\">\n<h3 class=\"tab-title pdp-tabs_title js-tab-mobile-title\"><span>Description<\/span><\/h3>\n<div class=\"tab-description pdp-tabs_description js-tab-description\" itemprop=\"description\">Ce qu&rsquo;il fait\u00a0: <br \/> La formule sans danger pour la couleur r\u00e9pare et prot\u00e8ge les m\u00e8ches us\u00e9es, laissant les cheveux doux, lisses et hydrat\u00e9s.<br \/>Comment \u00e7a marche\u00a0: <br \/> Super Strong Complex reconstruit la structure interne des cheveux, tandis que les amidons de canola, de soja et de ma\u00efs sont doux et lisses.<br \/>Bonus\u00a0: <br \/> Aide \u00e0 prot\u00e9ger les fibres des rayons UV nocifs.<\/div>\n<\/div>\n<div class=\"tab js-tab\">\n<h3 class=\"tab-title pdp-tabs_title js-tab-mobile-title\"><span>Mode d&#8217;emploi<\/span><\/h3>\n<div class=\"tab-description pdp-tabs_description js-tab-description\">Appliquez une petite quantit\u00e9.<br \/>Massage.<br \/>Rincez.<\/div>\n<\/div>\n<div class=\"tab js-tab\">\n<h3 class=\"tab-title pdp-tabs_title js-tab-mobile-title\"><span>Ingr\u00e9dients<\/span><\/h3>\n<div class=\"tab-description pdp-tabs_description js-tab-description\">Aqua (Water, Eau), Cetyl Alcohol, Stearamidopropyl Dimethylamine, Cetyl Esters, Equisetum Arvense Extract, Nasturtium Officinale Extract, Prunus Virginiana Bark Extract, Urtica Dioica Extract, Zea Mays (Corn) Starch, Canola Oil (Huile de Colza), Glycine Soja (Soybean) Germ Extract, Hydrolyzed Vegetable Protein PG-Propyl Silanetriol, Acetic Acid, Amodimethicone, Butylene Glycol, Cetrimonium Chloride, Dimethicone, Disodium Phosphate, Glycerin, Hydroxyethylcellulose, Isostearyl Alcohol, Lactic Acid, Lauryl PEG\/PPG-18\/18 Methicone, PEG-150, Phenyl Trimethicone, Polyquaternium-59, Polysorbate 60, Silica, Sodium Phosphate, Tetrasodium EDTA, Trideceth-15, Trideceth-3, Magnesium Chloride, Magnesium Nitrate, Methylchloroiso-thiazolinone, Methylisothiazolinone, Phenoxyethanol, Potassium Sorbate, Parfum (Fragrance), Benzyl Salicylate, Linalool<\/div>\n<\/div>\n<div class=\"tab js-tab\">\n<h3 class=\"tab-title pdp-tabs_title js-tab-mobile-title\"><span>Livraison et stock<\/span><\/h3>\n<div class=\"tab-description pdp-tabs_description js-tab-description\">\n<div class=\"pdp-delivery_info\">\n<div class=\"content-asset\">Livraison et d\u00e9laisRetours et remboursements<\/div>\n<\/div>\n<\/div>\n<\/div>\n<\/div>\n<\/div>\n<\/div>\n","protected":false},"excerpt":{"rendered":"<p>Points cl\u00e9s Reconstruit et prot\u00e8ge Une formule sans danger pour les couleurs qui r\u00e9pare et&hellip;<\/p>\n","protected":false},"featured_media":30873,"comment_status":"open","ping_status":"closed","template":"","meta":[],"pwb-brand":[660],"product_cat":[598],"product_tag":[373,127,599],"class_list":{"0":"post-30874","1":"product","2":"type-product","3":"status-publish","4":"has-post-thumbnail","6":"pwb-brand-paul-mitchell","7":"product_cat-type-de-cheveux","8":"product_tag-paul-mitchell","9":"product_tag-shampooing-et-coiffure","10":"product_tag-type-de-cheveux","12":"first","13":"instock","14":"taxable","15":"shipping-taxable","16":"purchasable","17":"product-type-simple","18":"layout-style-3","19":"col-md-4 col-sm-4 col-xs-6","20":"col-lg-3","21":"product-style-default"},"aioseo_notices":[],"brands":[{"id":660,"name":"Paul Mitchell","slug":"paul-mitchell"}],"_links":{"self":[{"href":"https:\/\/cheveuxluxe.com\/index.php\/wp-json\/wp\/v2\/product\/30874","targetHints":{"allow":["GET"]}}],"collection":[{"href":"https:\/\/cheveuxluxe.com\/index.php\/wp-json\/wp\/v2\/product"}],"about":[{"href":"https:\/\/cheveuxluxe.com\/index.php\/wp-json\/wp\/v2\/types\/product"}],"replies":[{"embeddable":true,"href":"https:\/\/cheveuxluxe.com\/index.php\/wp-json\/wp\/v2\/comments?post=30874"}],"version-history":[{"count":0,"href":"https:\/\/cheveuxluxe.com\/index.php\/wp-json\/wp\/v2\/product\/30874\/revisions"}],"wp:featuredmedia":[{"embeddable":true,"href":"https:\/\/cheveuxluxe.com\/index.php\/wp-json\/wp\/v2\/media\/30873"}],"wp:attachment":[{"href":"https:\/\/cheveuxluxe.com\/index.php\/wp-json\/wp\/v2\/media?parent=30874"}],"wp:term":[{"taxonomy":"pwb-brand","embeddable":true,"href":"https:\/\/cheveuxluxe.com\/index.php\/wp-json\/wp\/v2\/pwb-brand?post=30874"},{"taxonomy":"product_cat","embeddable":true,"href":"https:\/\/cheveuxluxe.com\/index.php\/wp-json\/wp\/v2\/product_cat?post=30874"},{"taxonomy":"product_tag","embeddable":true,"href":"https:\/\/cheveuxluxe.com\/index.php\/wp-json\/wp\/v2\/product_tag?post=30874"}],"curies":[{"name":"wp","href":"https:\/\/api.w.org\/{rel}","templated":true}]}}