{"id":30879,"date":"2024-04-09T23:00:23","date_gmt":"2024-04-09T23:00:23","guid":{"rendered":"https:\/\/cheveuxluxe.com\/index.php\/product\/eugene-perma-fixateur-attentive-1l\/"},"modified":"2024-04-13T14:15:47","modified_gmt":"2024-04-13T14:15:47","slug":"eugene-perma-fixateur-attentive-1l","status":"publish","type":"product","link":"https:\/\/cheveuxluxe.com\/index.php\/product\/eugene-perma-fixateur-attentive-1l\/","title":{"rendered":"Eugene Perma Fixateur Attentive 1l"},"content":{"rendered":"<div class=\"product-content_bottom\">\n<div class=\"pdp-info\">\n<div class=\"pdp-tabs tab-container\">\n<div class=\"tab js-tab\">\n<h3 class=\"tab-title pdp-tabs_title js-tab-mobile-title open\"><span>Points cl\u00e9s<\/span><\/h3>\n<div class=\"tab-description pdp-tabs_description js-tab-description open\" itemprop=\"description\">\n<ul>\n<li> Boucles dynamiques<\/li>\n<li>Chevelure permanent\u00e9e<\/li>\n<li>Tous types de cheveux<\/li>\n<li>Prot\u00e8ge le cheveu<\/li>\n<li>Tenue haute performance <\/li>\n<\/ul>\n<\/div>\n<\/div>\n<div class=\"tab js-tab\">\n<h3 class=\"tab-title pdp-tabs_title js-tab-mobile-title\"><span>Description<\/span><\/h3>\n<div class=\"tab-description pdp-tabs_description js-tab-description\" itemprop=\"description\">Riche en oligo-\u00e9l\u00e9ments, le Fixateur Universel Attentive d&rsquo;Eug\u00e8ne Perma est compos\u00e9 de bio-extender marin qui prot\u00e8ge le cheveu et le galbe. Dot\u00e9es d&rsquo;une forte teneur en min\u00e9raux et en prot\u00e9ines, les algues rouges nourrissent en profondeur la fibre capillaire pour prendre soin du cheveu tout en le sculptant en une boucle ferme. Calcium, zinc, mangan\u00e8se et silicium renforcent naturellement la fibre capillaire. Cette permanente alcaline assure une tenue haute performance, pour une chevelure \u00e0\u00a0 la fois saine et par\u00e9e de boucles dynamiques et toniques.<\/div>\n<\/div>\n<div class=\"tab js-tab\">\n<h3 class=\"tab-title pdp-tabs_title js-tab-mobile-title\"><span>Mode d&#8217;emploi<\/span><\/h3>\n<div class=\"tab-description pdp-tabs_description js-tab-description\">Verser 80 \u00e0 100 ml de neutralisant dans un bol non m\u00e9tallique. Bien faire mousser avant l&#8217;emploi. Appliquer \u00e0 l&rsquo;\u00e9ponge environ 2\/3 de neutralisant en impr\u00e9gnant bien les m\u00e8ches enroul\u00e9es sur bigoudis. Laisser poser 5 minutes. D\u00e9rouler sans tirer et appliquer le reste du neutralisant en massant l\u00e9g\u00e8rement les pointes. Rincer abondamment durant 2 \u00e0 3 minutes.<\/div>\n<\/div>\n<div class=\"tab js-tab\">\n<h3 class=\"tab-title pdp-tabs_title js-tab-mobile-title\"><span>Ingr\u00e9dients<\/span><\/h3>\n<div class=\"tab-description pdp-tabs_description js-tab-description\">AQUA\/WATER\/EAU, HYDROGEN PEROXIDE, COCAMIDOPROPYL BETAINE, PEG-60 HYDROGENATED CASTOR OIL, CITRIC ACID, PARFUM (FRAGRANCE), POLYQUATERNIUM-22, POLYQUATERNIUM-28, SODIUM CHLORIDE, TETRASODIUM EDTA, STYRENE\/VP COPOLYMER, HEXYL CINNAMAL, CITRONELLOL, BENZYL SALICYLATE, ALPHA-ISOMETHYL IONONE, PHENOXYETHANOL, CAPRYLYL GLYCOL, EUGENOL, SODIUM STANNATE, SORBIC ACID.<\/div>\n<\/div>\n<div class=\"tab js-tab\">\n<h3 class=\"tab-title pdp-tabs_title js-tab-mobile-title\"><span>Livraison et stock<\/span><\/h3>\n<div class=\"tab-description pdp-tabs_description js-tab-description\">\n<div class=\"pdp-delivery_info\">\n<div class=\"content-asset\">Livraison et d\u00e9laisRetours et remboursements<\/div>\n<\/div>\n<\/div>\n<\/div>\n<\/div>\n<\/div>\n<\/div>\n","protected":false},"excerpt":{"rendered":"<p>Points cl\u00e9s Boucles dynamiques Chevelure permanent\u00e9e Tous types de cheveux Prot\u00e8ge le cheveu Tenue haute&hellip;<\/p>\n","protected":false},"featured_media":21323,"comment_status":"open","ping_status":"closed","template":"","meta":[],"pwb-brand":[650],"product_cat":[601],"product_tag":[331,127,156],"class_list":{"0":"post-30879","1":"product","2":"type-product","3":"status-publish","4":"has-post-thumbnail","6":"pwb-brand-eugene-perma-professionnel","7":"product_cat-traitements-boucles-lissages","8":"product_tag-eugene-perma-professionnel","9":"product_tag-shampooing-et-coiffure","10":"product_tag-traitements-boucles-lissages","12":"first","13":"instock","14":"taxable","15":"shipping-taxable","16":"purchasable","17":"product-type-simple","18":"layout-style-3","19":"col-md-4 col-sm-4 col-xs-6","20":"col-lg-3","21":"product-style-default"},"aioseo_notices":[],"brands":[{"id":650,"name":"Eugene Perma Professionnel","slug":"eugene-perma-professionnel"}],"_links":{"self":[{"href":"https:\/\/cheveuxluxe.com\/index.php\/wp-json\/wp\/v2\/product\/30879","targetHints":{"allow":["GET"]}}],"collection":[{"href":"https:\/\/cheveuxluxe.com\/index.php\/wp-json\/wp\/v2\/product"}],"about":[{"href":"https:\/\/cheveuxluxe.com\/index.php\/wp-json\/wp\/v2\/types\/product"}],"replies":[{"embeddable":true,"href":"https:\/\/cheveuxluxe.com\/index.php\/wp-json\/wp\/v2\/comments?post=30879"}],"version-history":[{"count":0,"href":"https:\/\/cheveuxluxe.com\/index.php\/wp-json\/wp\/v2\/product\/30879\/revisions"}],"wp:featuredmedia":[{"embeddable":true,"href":"https:\/\/cheveuxluxe.com\/index.php\/wp-json\/wp\/v2\/media\/21323"}],"wp:attachment":[{"href":"https:\/\/cheveuxluxe.com\/index.php\/wp-json\/wp\/v2\/media?parent=30879"}],"wp:term":[{"taxonomy":"pwb-brand","embeddable":true,"href":"https:\/\/cheveuxluxe.com\/index.php\/wp-json\/wp\/v2\/pwb-brand?post=30879"},{"taxonomy":"product_cat","embeddable":true,"href":"https:\/\/cheveuxluxe.com\/index.php\/wp-json\/wp\/v2\/product_cat?post=30879"},{"taxonomy":"product_tag","embeddable":true,"href":"https:\/\/cheveuxluxe.com\/index.php\/wp-json\/wp\/v2\/product_tag?post=30879"}],"curies":[{"name":"wp","href":"https:\/\/api.w.org\/{rel}","templated":true}]}}