{"id":30881,"date":"2024-04-09T23:00:32","date_gmt":"2024-04-09T23:00:32","guid":{"rendered":"https:\/\/cheveuxluxe.com\/index.php\/product\/eugene-perma-attentive-liquid-nr1-125ml\/"},"modified":"2024-04-13T14:15:47","modified_gmt":"2024-04-13T14:15:47","slug":"eugene-perma-attentive-liquid-nr1-125ml","status":"publish","type":"product","link":"https:\/\/cheveuxluxe.com\/index.php\/product\/eugene-perma-attentive-liquid-nr1-125ml\/","title":{"rendered":"Eugene Perma Attentive Liquid Nr1 125ml"},"content":{"rendered":"<div class=\"product-content_bottom\">\n<div class=\"pdp-info\">\n<div class=\"pdp-tabs tab-container\">\n<div class=\"tab js-tab\">\n<h3 class=\"tab-title pdp-tabs_title js-tab-mobile-title open\"><span>Points cl\u00e9s<\/span><\/h3>\n<div class=\"tab-description pdp-tabs_description js-tab-description open\" itemprop=\"description\">\n<ul>\n<li> Permanente alcaline<\/li>\n<li>Oligo-\u00e9l\u00e9ments<\/li>\n<li>Bio-extender marin<\/li>\n<li>Boucles durables<\/li>\n<li>Douceur et brillance <\/li>\n<\/ul>\n<\/div>\n<\/div>\n<div class=\"tab js-tab\">\n<h3 class=\"tab-title pdp-tabs_title js-tab-mobile-title\"><span>Description<\/span><\/h3>\n<div class=\"tab-description pdp-tabs_description js-tab-description\" itemprop=\"description\">La Permanente Haute Performance Attentive d&rsquo;Eug\u00e8ne Perma au Bio-extender marin vous assure des boucles durables, des plus serr\u00e9es aux plus souples. Le Bio-extender marin, extrait d&rsquo;algue rouge contenu dans la formule de ce produit, offre un v\u00e9ritable cocktail d&rsquo;oligo-\u00e9l\u00e9ments (zinc, calcium, mangan\u00e8se et silicium), qui nourrissent la fibre capillaire et rendent la chevelure brillante et soyeuse.<\/p>\n<p>La Permanente Attentive Eug\u00e8ne Perma s&rsquo;accompagne d&rsquo;un fixateur performant qui agit en compl\u00e9ment du r\u00e9ducteur pour assurer une excellente tonicit\u00e9 des boucles ainsi qu&rsquo;une douceur durable. Polyvalent, ce produit peut s&rsquo;utiliser avec toutes les m\u00e9thodes d&rsquo;enroulage. Tr\u00e8s facile \u00e0 d\u00e9poser, il peut \u00eatre employ\u00e9 sur tous types de cheveux.<\/p><\/div>\n<\/div>\n<div class=\"tab js-tab\">\n<h3 class=\"tab-title pdp-tabs_title js-tab-mobile-title\"><span>Mode d&#8217;emploi<\/span><\/h3>\n<div class=\"tab-description pdp-tabs_description js-tab-description\">Apr\u00e8s avoir enroul\u00e9 chaque m\u00e8che de cheveux autour des bigoudis, r\u00e9partissez sur toute la chevelure la lotion Attentive d&rsquo;Eug\u00e8ne Perma et laissez poser de 3 \u00e0 10 min selon le degr\u00e9 de frisure d\u00e9sir\u00e9e et l&rsquo;\u00e9tat des cheveux. Rincez abondamment la chevelure, puis utilisez le Neutralisant Universel d&rsquo;Eug\u00e8ne Perma pour fixer la boucle avant de d\u00e9rouler les bigoudis et de rincer \u00e0 l&rsquo;eau claire.<\/div>\n<\/div>\n<div class=\"tab js-tab\">\n<h3 class=\"tab-title pdp-tabs_title js-tab-mobile-title\"><span>Ingr\u00e9dients<\/span><\/h3>\n<div class=\"tab-description pdp-tabs_description js-tab-description\">AQUA\/WATER\/EAU, AMMONIUM THIOGLYCOLATE, AMMONIUM BICARBONATE, COCAMIDOPROPYL BETAINE, PEG-60 HYDROGENATED CASTOR OIL, PARFUM (FRAGRANCE), AMMONIUM HYDROXIDE, LAURDIMONIUM HYDROXYPROPYL HYDROLYZED WHEAT PROTEIN, PEG-15 COCOPOLYAMINE, TETRASODIUM GLUTAMATE DIACETATE, STYRENE\/ACRYLATES COPOLYMER, SODIUM CHLORIDE, PHENOXYETHANOL, HEXYL CINNAMAL, CITRONELLOL, HYDROLYZED RHODOPHYCEA EXTRACT, BENZYL SALICYLATE, ALPHA-ISOMETHYL IONONE, POTASSIUM SORBATE, EUGENOL<\/div>\n<\/div>\n<div class=\"tab js-tab\">\n<h3 class=\"tab-title pdp-tabs_title js-tab-mobile-title\"><span>Livraison et stock<\/span><\/h3>\n<div class=\"tab-description pdp-tabs_description js-tab-description\">\n<div class=\"pdp-delivery_info\">\n<div class=\"content-asset\">Livraison et d\u00e9laisRetours et remboursements<\/div>\n<\/div>\n<\/div>\n<\/div>\n<\/div>\n<\/div>\n<\/div>\n","protected":false},"excerpt":{"rendered":"<p>Points cl\u00e9s Permanente alcaline Oligo-\u00e9l\u00e9ments Bio-extender marin Boucles durables Douceur et brillance Description La Permanente&hellip;<\/p>\n","protected":false},"featured_media":30880,"comment_status":"open","ping_status":"closed","template":"","meta":[],"pwb-brand":[650],"product_cat":[601],"product_tag":[331,127,156],"class_list":{"0":"post-30881","1":"product","2":"type-product","3":"status-publish","4":"has-post-thumbnail","6":"pwb-brand-eugene-perma-professionnel","7":"product_cat-traitements-boucles-lissages","8":"product_tag-eugene-perma-professionnel","9":"product_tag-shampooing-et-coiffure","10":"product_tag-traitements-boucles-lissages","12":"first","13":"instock","14":"taxable","15":"shipping-taxable","16":"purchasable","17":"product-type-simple","18":"layout-style-3","19":"col-md-4 col-sm-4 col-xs-6","20":"col-lg-3","21":"product-style-default"},"aioseo_notices":[],"brands":[{"id":650,"name":"Eugene Perma Professionnel","slug":"eugene-perma-professionnel"}],"_links":{"self":[{"href":"https:\/\/cheveuxluxe.com\/index.php\/wp-json\/wp\/v2\/product\/30881","targetHints":{"allow":["GET"]}}],"collection":[{"href":"https:\/\/cheveuxluxe.com\/index.php\/wp-json\/wp\/v2\/product"}],"about":[{"href":"https:\/\/cheveuxluxe.com\/index.php\/wp-json\/wp\/v2\/types\/product"}],"replies":[{"embeddable":true,"href":"https:\/\/cheveuxluxe.com\/index.php\/wp-json\/wp\/v2\/comments?post=30881"}],"version-history":[{"count":0,"href":"https:\/\/cheveuxluxe.com\/index.php\/wp-json\/wp\/v2\/product\/30881\/revisions"}],"wp:featuredmedia":[{"embeddable":true,"href":"https:\/\/cheveuxluxe.com\/index.php\/wp-json\/wp\/v2\/media\/30880"}],"wp:attachment":[{"href":"https:\/\/cheveuxluxe.com\/index.php\/wp-json\/wp\/v2\/media?parent=30881"}],"wp:term":[{"taxonomy":"pwb-brand","embeddable":true,"href":"https:\/\/cheveuxluxe.com\/index.php\/wp-json\/wp\/v2\/pwb-brand?post=30881"},{"taxonomy":"product_cat","embeddable":true,"href":"https:\/\/cheveuxluxe.com\/index.php\/wp-json\/wp\/v2\/product_cat?post=30881"},{"taxonomy":"product_tag","embeddable":true,"href":"https:\/\/cheveuxluxe.com\/index.php\/wp-json\/wp\/v2\/product_tag?post=30881"}],"curies":[{"name":"wp","href":"https:\/\/api.w.org\/{rel}","templated":true}]}}