{"id":30885,"date":"2024-04-09T23:00:39","date_gmt":"2024-04-09T23:00:39","guid":{"rendered":"https:\/\/cheveuxluxe.com\/index.php\/product\/loreal-professionnel-serie-expert-curl-expression-spray-raviveur-190ml\/"},"modified":"2024-04-13T14:09:15","modified_gmt":"2024-04-13T14:09:15","slug":"loreal-professionnel-serie-expert-curl-expression-spray-raviveur-190ml","status":"publish","type":"product","link":"https:\/\/cheveuxluxe.com\/index.php\/product\/loreal-professionnel-serie-expert-curl-expression-spray-raviveur-190ml\/","title":{"rendered":"L&rsquo;Or\u00e9al Professionnel S\u00e9rie Expert Curl Expression Spray Raviveur 190ml"},"content":{"rendered":"<div class=\"product-content_bottom\">\n<div class=\"pdp-info\">\n<div class=\"pdp-tabs tab-container\">\n<div class=\"tab js-tab\">\n<h3 class=\"tab-title pdp-tabs_title js-tab-mobile-title open\"><span>Points cl\u00e9s<\/span><\/h3>\n<div class=\"tab-description pdp-tabs_description js-tab-description open\" itemprop=\"description\">\n<ul>\n<li>Sublime les boucles<\/li>\n<li>Un soin \u00e0 la formule aqueuse enrichie en agents protecteurs<\/li>\n<li>Pour un effet doux et naturel<\/li>\n<\/ul>\n<\/div>\n<\/div>\n<div class=\"tab js-tab\">\n<h3 class=\"tab-title pdp-tabs_title js-tab-mobile-title\"><span>Description<\/span><\/h3>\n<div class=\"tab-description pdp-tabs_description js-tab-description\" itemprop=\"description\">\n<p><strong>REDESSINEZ VOS BOUCLES COMME LES PROFESSIONNELS :<\/strong> Curl Expression Raviveur de boucles sans rin\u00e7age a \u00e9t\u00e9 d\u00e9velopp\u00e9 pour raviver les cheveux boucl\u00e9s et fris\u00e9s, comme les professionnels. Il ravive instantan\u00e9ment les cheveux boucl\u00e9s et fris\u00e9s chaque matin pour 6 fois plus de d\u00e9finition et 48h de protection antifrisottis.<\/p>\n<p><strong>INGR\u00c9DIENTS HAUTEMENT CONCENTR\u00c9S :<\/strong> D\u2019origine v\u00e9g\u00e9tale, il est hautement concentr\u00e9 en glyc\u00e9rine 3 %, en ur\u00e9e H et en graines d&rsquo;hibiscus. La glyc\u00e9rine est un humectant d&rsquo;origine v\u00e9g\u00e9tale qui retient l&rsquo;eau pour une hydratation longue dur\u00e9e des fibres les plus s\u00e8ches. L\u2019ur\u00e9e H est naturellement pr\u00e9sente dans la peau, a une double action : retenir l&rsquo;hydratation et renforcer la barri\u00e8re hydrolipidique. Les graines d&rsquo;hibiscus, extraites du c\u0153ur de la fleur d&rsquo;hibiscus, sont une source naturelle tr\u00e8s riche d&rsquo;acides amin\u00e9s et de vitamines de haute qualit\u00e9.<\/p>\n<p><strong>UNE EXP\u00c9RIENCE UNIQUE :<\/strong> Cette formule d&rsquo;eau de soin douce, enrichie d&rsquo;agents de soin, est une brume l\u00e9g\u00e8re pour un toucher doux et naturel. Facile \u00e0 utiliser, chaque matin, elle ravive les cheveux boucl\u00e9s et fris\u00e9s apr\u00e8s le frottement avec l&rsquo;oreiller.<\/p>\n<p><strong>PARFUM ADDICTIF :<\/strong> Une composition florale m\u00e9morable de jasmin \u00e9toil\u00e9, d&rsquo;orchid\u00e9e et de freesia en t\u00eate, envelopp\u00e9e dans une brise rafra\u00eechissante comme au salon, avec une overdose de bois de c\u00e8dre raffin\u00e9.<\/p>\n<p><strong>CO-D\u00c9VELOPP\u00c9E EN COLLABORATION AVEC DES EXPERTS EN MATI\u00c8RE DE BOUCLES :<\/strong> En collaboration avec 4 experts internationaux en cheveux boucl\u00e9s et fris\u00e9s : Titus Magida d\u2019Afrique du Sud (@call.me.titus), Vivi Siqueira du Br\u00e9sil (@vivi_siqueira), Derick Monroe des \u00c9tats-Unis (@derickmonroe) et Elodie Euston de France (@elodieeuston).<\/p>\n<p><strong>COMMENT L&rsquo;UTILISER :<\/strong> Vaporiser sur les cheveux boucl\u00e9s et fris\u00e9s chaque matin apr\u00e8s le frottement avec l\u2019oreiller. Peut \u00eatre utilis\u00e9 avant la coupe \u00e0 sec pour raviver le dessin sans mouiller.<\/p>\n<p><strong>CONSEILS DE PRO :<\/strong> Pour des cheveux boucl\u00e9s et fris\u00e9s rebondissants, appliquer progressivement avec un mouvement de friction, \u00e0 20 centim\u00e8tres des cheveux.<\/p>\n<p>*Tests instrumentaux.<\/p>\n<\/div>\n<\/div>\n<div class=\"tab js-tab\">\n<h3 class=\"tab-title pdp-tabs_title js-tab-mobile-title\"><span>Mode d&#8217;emploi<\/span><\/h3>\n<div class=\"tab-description pdp-tabs_description js-tab-description\">Vaporiser sur les cheveux boucl\u00e9s et fris\u00e9s chaque matin apr\u00e8s le frottement avec l\u2019oreiller.<\/div>\n<\/div>\n<div class=\"tab js-tab\">\n<h3 class=\"tab-title pdp-tabs_title js-tab-mobile-title\"><span>Ingr\u00e9dients<\/span><\/h3>\n<div class=\"tab-description pdp-tabs_description js-tab-description\">AQUA \/ WATER \/ EAU ? GLYCERIN ? GLUCOSE ? SORBITOL ? PEG-60 HYDROGENATED CASTOR OIL ? PHENOXYETHANOL ? SODIUM HYDROXIDE ? CAPRYLYL GLYCOL ? PECTIN ? CARRAGEENAN ? SUCROSE ? HYDROXYETHYL UREA ? LIMONENE ? BENZYL SALICYLATE ? BENZYL ALCOHOL ? HIBISCUS ESCULENTUS SEED EXTRACT ? COCOS NUCIFERA FRUIT EXTRACT \/ COCONUT FRUIT EXTRACT ? XANTHAN GUM ? POTASSIUM SORBATE ? PARFUM \/ FRAGRANCE<\/div>\n<\/div>\n<div class=\"tab js-tab\">\n<h3 class=\"tab-title pdp-tabs_title js-tab-mobile-title\"><span>Livraison et stock<\/span><\/h3>\n<div class=\"tab-description pdp-tabs_description js-tab-description\">\n<div class=\"pdp-delivery_info\">\n<div class=\"content-asset\">Livraison et d\u00e9laisRetours et remboursements<\/div>\n<\/div>\n<\/div>\n<\/div>\n<div class=\"tab js-tab\">\n<h3 class=\"tab-title pdp-tabs_title js-tab-mobile-title\"><span>Pr\u00e9cautions d&#8217;emploi<\/span><\/h3>\n<div class=\"tab-description pdp-tabs_description js-tab-description\">En cas de contact avec les yeux, les rincer imm\u00e9diatement et abondamment.<\/div>\n<\/div>\n<\/div>\n<\/div>\n<\/div>\n","protected":false},"excerpt":{"rendered":"<p>Points cl\u00e9s Sublime les boucles Un soin \u00e0 la formule aqueuse enrichie en agents protecteurs&hellip;<\/p>\n","protected":false},"featured_media":20470,"comment_status":"open","ping_status":"closed","template":"","meta":[],"pwb-brand":[649],"product_cat":[598],"product_tag":[325,127,599],"class_list":{"0":"post-30885","1":"product","2":"type-product","3":"status-publish","4":"has-post-thumbnail","6":"pwb-brand-loreal-professionnel","7":"product_cat-type-de-cheveux","8":"product_tag-loreal-professionnel","9":"product_tag-shampooing-et-coiffure","10":"product_tag-type-de-cheveux","12":"first","13":"instock","14":"taxable","15":"shipping-taxable","16":"purchasable","17":"product-type-simple","18":"layout-style-3","19":"col-md-4 col-sm-4 col-xs-6","20":"col-lg-3","21":"product-has-gallery","22":"product-style-default"},"aioseo_notices":[],"brands":[{"id":649,"name":"L'Or\u00e9al Professionnel","slug":"loreal-professionnel"}],"_links":{"self":[{"href":"https:\/\/cheveuxluxe.com\/index.php\/wp-json\/wp\/v2\/product\/30885","targetHints":{"allow":["GET"]}}],"collection":[{"href":"https:\/\/cheveuxluxe.com\/index.php\/wp-json\/wp\/v2\/product"}],"about":[{"href":"https:\/\/cheveuxluxe.com\/index.php\/wp-json\/wp\/v2\/types\/product"}],"replies":[{"embeddable":true,"href":"https:\/\/cheveuxluxe.com\/index.php\/wp-json\/wp\/v2\/comments?post=30885"}],"version-history":[{"count":0,"href":"https:\/\/cheveuxluxe.com\/index.php\/wp-json\/wp\/v2\/product\/30885\/revisions"}],"wp:featuredmedia":[{"embeddable":true,"href":"https:\/\/cheveuxluxe.com\/index.php\/wp-json\/wp\/v2\/media\/20470"}],"wp:attachment":[{"href":"https:\/\/cheveuxluxe.com\/index.php\/wp-json\/wp\/v2\/media?parent=30885"}],"wp:term":[{"taxonomy":"pwb-brand","embeddable":true,"href":"https:\/\/cheveuxluxe.com\/index.php\/wp-json\/wp\/v2\/pwb-brand?post=30885"},{"taxonomy":"product_cat","embeddable":true,"href":"https:\/\/cheveuxluxe.com\/index.php\/wp-json\/wp\/v2\/product_cat?post=30885"},{"taxonomy":"product_tag","embeddable":true,"href":"https:\/\/cheveuxluxe.com\/index.php\/wp-json\/wp\/v2\/product_tag?post=30885"}],"curies":[{"name":"wp","href":"https:\/\/api.w.org\/{rel}","templated":true}]}}