{"id":30886,"date":"2024-04-09T23:00:40","date_gmt":"2024-04-09T23:00:40","guid":{"rendered":"https:\/\/cheveuxluxe.com\/index.php\/product\/olaplex-no-6-creme-sans-rincage-bond-smoother-avec-pompe-100ml\/"},"modified":"2024-04-13T14:24:48","modified_gmt":"2024-04-13T14:24:48","slug":"olaplex-no-6-creme-sans-rincage-bond-smoother-avec-pompe-100ml","status":"publish","type":"product","link":"https:\/\/cheveuxluxe.com\/index.php\/product\/olaplex-no-6-creme-sans-rincage-bond-smoother-avec-pompe-100ml\/","title":{"rendered":"Olaplex No. 6 Cr\u00e8me Sans Rin\u00e7age Bond Smoother avec Pompe 100ml"},"content":{"rendered":"<div class=\"product-content_bottom\">\n<div class=\"pdp-info\">\n<div class=\"pdp-tabs tab-container\">\n<div class=\"tab js-tab\">\n<h3 class=\"tab-title pdp-tabs_title js-tab-mobile-title open\"><span>Points cl\u00e9s<\/span><\/h3>\n<div class=\"tab-description pdp-tabs_description js-tab-description open\" itemprop=\"description\">\n<ul>\n<li>\u00c9limine les frisottis<\/li>\n<li>Hydrate<\/li>\n<li>Prot\u00e8ge<\/li>\n<\/ul>\n<\/div>\n<\/div>\n<div class=\"tab js-tab\">\n<h3 class=\"tab-title pdp-tabs_title js-tab-mobile-title\"><span>Description<\/span><\/h3>\n<div class=\"tab-description pdp-tabs_description js-tab-description\" itemprop=\"description\">Cette cr\u00e8me de lissage concentr\u00e9e sans rin\u00e7age est id\u00e9ale pour tous les types de cheveux, m\u00eame color\u00e9s ou ayant subi un traitement chimique. OLAPLEX N\u00b06 fortifie, hydrate, lisse la chevelure et r\u00e9duit le temps de s\u00e9chage. \u00c9limine les frisottis et les m\u00e8ches rebelles pendant jusqu&rsquo;\u00e0 72\u00a0heures.<\/div>\n<\/div>\n<div class=\"tab js-tab\">\n<h3 class=\"tab-title pdp-tabs_title js-tab-mobile-title\"><span>Mode d&#8217;emploi<\/span><\/h3>\n<div class=\"tab-description pdp-tabs_description js-tab-description\">1. Appliquez une petite noisette sur cheveux humides ou secs, en vous concentrant sur les longueurs et les pointes.<br \/>2. Peignez et coiffez comme vous le souhaitez.<\/div>\n<\/div>\n<div class=\"tab js-tab\">\n<h3 class=\"tab-title pdp-tabs_title js-tab-mobile-title\"><span>Ingr\u00e9dients<\/span><\/h3>\n<div class=\"tab-description pdp-tabs_description js-tab-description\">Water, Cetearyl Alcohol, Dimethicone, Isohexadecane, Coco-Caprylate, Neopentyl Glycol Diheptanoate, Behentrimonium Chloride, Isododecane, Propanediol, Fragrance, Phenyl Trimethicone, Cetrimonium Chloride, Phenoxyethanol, Glyceryl Stearate, Hydroxypropyl Guar, Hydroxyethylcellulose, Sodium Stearoyl Lactylate, Disodium EDTA, Hydrolyzed Vegetable Protein PG-Propyl Silanetriol, Iodopropynyl Butylcarbamate, Gigartina Stellata Extract, Chondrus Crispus (Carrageenan) Extract, Vitis Vinifera (Grape) Seed Oil, Tocopheryl Acetate, Pseudozyma Epicola\/Camellia Sinensis Seed Oil Ferment Extract Filtrate, Cocos Nucifera (Coconut) Oil, Ascorbic Acid, Aloe Barbadensis Leaf Juice, Phytantriol, Panthenol, Bis-Aminopropyl Diglycol Dimaleate, Tocopherol, Helianthus Annuus (Sunflower) Seed Oil, Isopropyl Alcohol, Citral, Citronellol, Geraniol, Hexyl Cinnamal, Hydroxycitronellal, Limonene, Linalool, Hydroxypropyl Cyclodextrin, Potassium Sorbate, Sodium Benzoate, Citric Acid, Etidronic Acid.<\/div>\n<\/div>\n<div class=\"tab js-tab\">\n<h3 class=\"tab-title pdp-tabs_title js-tab-mobile-title\"><span>Livraison et stock<\/span><\/h3>\n<div class=\"tab-description pdp-tabs_description js-tab-description\">\n<div class=\"pdp-delivery_info\">\n<div class=\"content-asset\">Livraison et d\u00e9laisRetours et remboursements<\/div>\n<\/div>\n<\/div>\n<\/div>\n<\/div>\n<\/div>\n<\/div>\n","protected":false},"excerpt":{"rendered":"<p>Points cl\u00e9s \u00c9limine les frisottis Hydrate Prot\u00e8ge Description Cette cr\u00e8me de lissage concentr\u00e9e sans rin\u00e7age&hellip;<\/p>\n","protected":false},"featured_media":20398,"comment_status":"open","ping_status":"closed","template":"","meta":[],"pwb-brand":[662],"product_cat":[617],"product_tag":[274,260,273],"class_list":{"0":"post-30886","1":"product","2":"type-product","3":"status-publish","4":"has-post-thumbnail","6":"pwb-brand-olaplex","7":"product_cat-coiffure","8":"product_tag-coiffure","9":"product_tag-olaplex","10":"product_tag-vegan","12":"first","13":"instock","14":"taxable","15":"shipping-taxable","16":"purchasable","17":"product-type-simple","18":"layout-style-3","19":"col-md-4 col-sm-4 col-xs-6","20":"col-lg-3","21":"product-has-gallery","22":"product-style-default"},"aioseo_notices":[],"brands":[{"id":662,"name":"Olaplex","slug":"olaplex"}],"_links":{"self":[{"href":"https:\/\/cheveuxluxe.com\/index.php\/wp-json\/wp\/v2\/product\/30886","targetHints":{"allow":["GET"]}}],"collection":[{"href":"https:\/\/cheveuxluxe.com\/index.php\/wp-json\/wp\/v2\/product"}],"about":[{"href":"https:\/\/cheveuxluxe.com\/index.php\/wp-json\/wp\/v2\/types\/product"}],"replies":[{"embeddable":true,"href":"https:\/\/cheveuxluxe.com\/index.php\/wp-json\/wp\/v2\/comments?post=30886"}],"version-history":[{"count":0,"href":"https:\/\/cheveuxluxe.com\/index.php\/wp-json\/wp\/v2\/product\/30886\/revisions"}],"wp:featuredmedia":[{"embeddable":true,"href":"https:\/\/cheveuxluxe.com\/index.php\/wp-json\/wp\/v2\/media\/20398"}],"wp:attachment":[{"href":"https:\/\/cheveuxluxe.com\/index.php\/wp-json\/wp\/v2\/media?parent=30886"}],"wp:term":[{"taxonomy":"pwb-brand","embeddable":true,"href":"https:\/\/cheveuxluxe.com\/index.php\/wp-json\/wp\/v2\/pwb-brand?post=30886"},{"taxonomy":"product_cat","embeddable":true,"href":"https:\/\/cheveuxluxe.com\/index.php\/wp-json\/wp\/v2\/product_cat?post=30886"},{"taxonomy":"product_tag","embeddable":true,"href":"https:\/\/cheveuxluxe.com\/index.php\/wp-json\/wp\/v2\/product_tag?post=30886"}],"curies":[{"name":"wp","href":"https:\/\/api.w.org\/{rel}","templated":true}]}}