{"id":30893,"date":"2024-04-09T23:01:27","date_gmt":"2024-04-09T23:01:27","guid":{"rendered":"https:\/\/cheveuxluxe.com\/index.php\/product\/redken-extreme-cat-150ml\/"},"modified":"2024-04-13T14:11:21","modified_gmt":"2024-04-13T14:11:21","slug":"redken-extreme-cat-150ml","status":"publish","type":"product","link":"https:\/\/cheveuxluxe.com\/index.php\/product\/redken-extreme-cat-150ml\/","title":{"rendered":"Redken Extreme Cat 150ml"},"content":{"rendered":"<div class=\"product-content_bottom\">\n<div class=\"pdp-info\">\n<div class=\"pdp-tabs tab-container\">\n<div class=\"tab js-tab\">\n<h3 class=\"tab-title pdp-tabs_title js-tab-mobile-title open\"><span>Points cl\u00e9s<\/span><\/h3>\n<div class=\"tab-description pdp-tabs_description js-tab-description open\" itemprop=\"description\">\n<ul>\n<li>Restaure et Renforce<\/li>\n<li>Sans alourdir<\/li>\n<li>Complex Prot\u00e9in\u00e9<\/li>\n<li>Brillance<\/li>\n<\/ul>\n<\/div>\n<\/div>\n<div class=\"tab js-tab\">\n<h3 class=\"tab-title pdp-tabs_title js-tab-mobile-title\"><span>Description<\/span><\/h3>\n<div class=\"tab-description pdp-tabs_description js-tab-description\" itemprop=\"description\">CAT TREATMENT: TRAITEMENT AUX PROT\u00c9INES QUI RESTAURE, RENFORCE ET TRAITE LES CHEVEUX SANS LES ALOURDIR.<\/p>\n<p>RESTAURE LES CHEVEUX ET R\u00c9PARE LES CUTICULES POUR LES RENDRE BRILLANTS. C\u00c9RAMIDE P\u00c9N\u00c8TRE LES CUTICULES DE L\u2018INT\u00c9RIEUR POUR RESTAURER LA STRUCTURE DU CHEVEU.<\/p>\n<p>RCT COMPLEX EST COMPOS\u00c9 DE PROT\u00c9INE DE SOJA QUI APPORTE DE LA STRUCTURE \u00c0 LA RACINE, D\u2018ARGININE QUI NOURRIT LES CHEVEUX PROFOND\u00c9MENT JUSQU\u2018AU CORTEX ET DE SEPICAP QUI RESTAURE LES POINTES DES CHEVEUX.<\/p><\/div>\n<\/div>\n<div class=\"tab js-tab\">\n<h3 class=\"tab-title pdp-tabs_title js-tab-mobile-title\"><span>Mode d&#8217;emploi<\/span><\/h3>\n<div class=\"tab-description pdp-tabs_description js-tab-description\">APR\u00c8S LE SHAMPOOING, VAPORISER. LAISSER AGIR 3-5 MINUTES. RINCER ABONDAMMENT.<\/div>\n<\/div>\n<div class=\"tab js-tab\">\n<h3 class=\"tab-title pdp-tabs_title js-tab-mobile-title\"><span>Ingr\u00e9dients<\/span><\/h3>\n<div class=\"tab-description pdp-tabs_description js-tab-description\">AQUA\/WATER\/EAU, HYDROXYPROPYLTRIMONIUM HYDROLYZED WHEAT PROTEIN, MAGNESIUM SULFATE, LAURETH-23, TAURINE, SODIUM BENZOATE, PARFUM\/FRAGRANCE, COCAMIDOPROPYL BETAINE, SALICYLIC ACID, POLYQUATERNIUM-10, ARGININE, LYSINE HYDROCHLORIDE\/LYSINE HCL, PHENOXYETHANOL, LINALOOL, HEXYL CINNAMAL, CITRONELLOL (D50156\/2<\/div>\n<\/div>\n<div class=\"tab js-tab\">\n<h3 class=\"tab-title pdp-tabs_title js-tab-mobile-title\"><span>Livraison et stock<\/span><\/h3>\n<div class=\"tab-description pdp-tabs_description js-tab-description\">\n<div class=\"pdp-delivery_info\">\n<div class=\"content-asset\">Livraison et d\u00e9laisRetours et remboursements<\/div>\n<\/div>\n<\/div>\n<\/div>\n<\/div>\n<\/div>\n<\/div>\n","protected":false},"excerpt":{"rendered":"<p>Points cl\u00e9s Restaure et Renforce Sans alourdir Complex Prot\u00e9in\u00e9 Brillance Description CAT TREATMENT: TRAITEMENT AUX&hellip;<\/p>\n","protected":false},"featured_media":22251,"comment_status":"open","ping_status":"closed","template":"","meta":[],"pwb-brand":[647],"product_cat":[598],"product_tag":[321,127,599],"class_list":{"0":"post-30893","1":"product","2":"type-product","3":"status-publish","4":"has-post-thumbnail","6":"pwb-brand-redken","7":"product_cat-type-de-cheveux","8":"product_tag-redken","9":"product_tag-shampooing-et-coiffure","10":"product_tag-type-de-cheveux","12":"first","13":"instock","14":"taxable","15":"shipping-taxable","16":"purchasable","17":"product-type-simple","18":"layout-style-3","19":"col-md-4 col-sm-4 col-xs-6","20":"col-lg-3","21":"product-has-gallery","22":"product-style-default"},"aioseo_notices":[],"brands":[{"id":647,"name":"Redken","slug":"redken"}],"_links":{"self":[{"href":"https:\/\/cheveuxluxe.com\/index.php\/wp-json\/wp\/v2\/product\/30893","targetHints":{"allow":["GET"]}}],"collection":[{"href":"https:\/\/cheveuxluxe.com\/index.php\/wp-json\/wp\/v2\/product"}],"about":[{"href":"https:\/\/cheveuxluxe.com\/index.php\/wp-json\/wp\/v2\/types\/product"}],"replies":[{"embeddable":true,"href":"https:\/\/cheveuxluxe.com\/index.php\/wp-json\/wp\/v2\/comments?post=30893"}],"version-history":[{"count":0,"href":"https:\/\/cheveuxluxe.com\/index.php\/wp-json\/wp\/v2\/product\/30893\/revisions"}],"wp:featuredmedia":[{"embeddable":true,"href":"https:\/\/cheveuxluxe.com\/index.php\/wp-json\/wp\/v2\/media\/22251"}],"wp:attachment":[{"href":"https:\/\/cheveuxluxe.com\/index.php\/wp-json\/wp\/v2\/media?parent=30893"}],"wp:term":[{"taxonomy":"pwb-brand","embeddable":true,"href":"https:\/\/cheveuxluxe.com\/index.php\/wp-json\/wp\/v2\/pwb-brand?post=30893"},{"taxonomy":"product_cat","embeddable":true,"href":"https:\/\/cheveuxluxe.com\/index.php\/wp-json\/wp\/v2\/product_cat?post=30893"},{"taxonomy":"product_tag","embeddable":true,"href":"https:\/\/cheveuxluxe.com\/index.php\/wp-json\/wp\/v2\/product_tag?post=30893"}],"curies":[{"name":"wp","href":"https:\/\/api.w.org\/{rel}","templated":true}]}}