{"id":30895,"date":"2024-04-09T23:01:29","date_gmt":"2024-04-09T23:01:29","guid":{"rendered":"https:\/\/cheveuxluxe.com\/index.php\/product\/redken-one-united-elixir-traitement-sans-rincage-150ml\/"},"modified":"2024-04-13T14:11:35","modified_gmt":"2024-04-13T14:11:35","slug":"redken-one-united-elixir-traitement-sans-rincage-150ml","status":"publish","type":"product","link":"https:\/\/cheveuxluxe.com\/index.php\/product\/redken-one-united-elixir-traitement-sans-rincage-150ml\/","title":{"rendered":"Redken One United Elixir Traitement Sans rin\u00e7age 150ml"},"content":{"rendered":"<div class=\"product-content_bottom\">\n<div class=\"pdp-info\">\n<div class=\"pdp-tabs tab-container\">\n<div class=\"tab js-tab\">\n<h3 class=\"tab-title pdp-tabs_title js-tab-mobile-title open\"><span>Points cl\u00e9s<\/span><\/h3>\n<div class=\"tab-description pdp-tabs_description js-tab-description open\" itemprop=\"description\">\n<ul>\n<li>Tout en 1<\/li>\n<li>25 B\u00e9n\u00e9fices<\/li>\n<li>D\u00e9m\u00eale et Prot\u00e8ge<\/li>\n<li>Tous types de cheveux<\/li>\n<\/ul>\n<\/div>\n<\/div>\n<div class=\"tab js-tab\">\n<h3 class=\"tab-title pdp-tabs_title js-tab-mobile-title\"><span>Description<\/span><\/h3>\n<div class=\"tab-description pdp-tabs_description js-tab-description\" itemprop=\"description\">SPRAY ALL-IN ONE. SPRAY AUX 25 B\u00c9N\u00c9FICES QUI NOURRIT, D\u00c9M\u00caLE ET PROT\u00c8GE DE LA CHALEUR. IL APPORTE BRILLANCE, DISCIPLINE ET DOUCEUR.<\/p>\n<p>TRAITEMENT MULTI-B\u00c9N\u00c9FICES POUR TOUS TYPES DE CHEVEUX.<\/p><\/div>\n<\/div>\n<div class=\"tab js-tab\">\n<h3 class=\"tab-title pdp-tabs_title js-tab-mobile-title\"><span>Mode d&#8217;emploi<\/span><\/h3>\n<div class=\"tab-description pdp-tabs_description js-tab-description\">VAPORISER SUR CHEVEUX HUMIDES OU ESSOR\u00c9S. LAISSER P\u00c9N\u00c9TRER LE PRODUIT 1 \u2013 2 MINUTES. RINCER POUR UN SOIN L\u00c9GER.<\/div>\n<\/div>\n<div class=\"tab js-tab\">\n<h3 class=\"tab-title pdp-tabs_title js-tab-mobile-title\"><span>Ingr\u00e9dients<\/span><\/h3>\n<div class=\"tab-description pdp-tabs_description js-tab-description\">AQUA\/WATER\/EAU, COCOS NUCIFERA OIL\/COCONUT OIL, AMODIMETHICONE, POLYQUATERNIUM-37, PHENOXYETHANOL, PROPYLENE GLYCOL DICAPRYLATE\/DICAPRATE, PARFUM\/FRAGRANCE, ACETAMIDE MEA, LACTAMIDE MEA, DIMETHICONE PEG-7 PHOSPHATE, PPG-1 TRIDECETH-6, TRIDECETH-6, BEHENTRIMONIUM CHLORIDE, XYLOSE, LACTIC ACID, ETHYLHEXYLGLYCERIN, CETRIMONIUM CHLORIDE, HYDROLYZED VEGETABLE PROTEIN PG-PROPYL SILANETRIOL, CITRONELLOL, GERANIOL, LINALOOL, APHA-ISOMETHYL IONONE, VIOLA ODORATA EXTRACT-VIOLA ODORATA FLOWER\/LEAF EXTRACT, SODIUM HYDROXIDE<\/div>\n<\/div>\n<div class=\"tab js-tab\">\n<h3 class=\"tab-title pdp-tabs_title js-tab-mobile-title\"><span>Livraison et stock<\/span><\/h3>\n<div class=\"tab-description pdp-tabs_description js-tab-description\">\n<div class=\"pdp-delivery_info\">\n<div class=\"content-asset\">Livraison et d\u00e9laisRetours et remboursements<\/div>\n<\/div>\n<\/div>\n<\/div>\n<\/div>\n<\/div>\n<\/div>\n","protected":false},"excerpt":{"rendered":"<p>Points cl\u00e9s Tout en 1 25 B\u00e9n\u00e9fices D\u00e9m\u00eale et Prot\u00e8ge Tous types de cheveux Description&hellip;<\/p>\n","protected":false},"featured_media":22312,"comment_status":"open","ping_status":"closed","template":"","meta":[],"pwb-brand":[647],"product_cat":[598],"product_tag":[321,127,599],"class_list":{"0":"post-30895","1":"product","2":"type-product","3":"status-publish","4":"has-post-thumbnail","6":"pwb-brand-redken","7":"product_cat-type-de-cheveux","8":"product_tag-redken","9":"product_tag-shampooing-et-coiffure","10":"product_tag-type-de-cheveux","12":"first","13":"instock","14":"taxable","15":"shipping-taxable","16":"purchasable","17":"product-type-simple","18":"layout-style-3","19":"col-md-4 col-sm-4 col-xs-6","20":"col-lg-3","21":"product-style-default"},"aioseo_notices":[],"brands":[{"id":647,"name":"Redken","slug":"redken"}],"_links":{"self":[{"href":"https:\/\/cheveuxluxe.com\/index.php\/wp-json\/wp\/v2\/product\/30895","targetHints":{"allow":["GET"]}}],"collection":[{"href":"https:\/\/cheveuxluxe.com\/index.php\/wp-json\/wp\/v2\/product"}],"about":[{"href":"https:\/\/cheveuxluxe.com\/index.php\/wp-json\/wp\/v2\/types\/product"}],"replies":[{"embeddable":true,"href":"https:\/\/cheveuxluxe.com\/index.php\/wp-json\/wp\/v2\/comments?post=30895"}],"version-history":[{"count":0,"href":"https:\/\/cheveuxluxe.com\/index.php\/wp-json\/wp\/v2\/product\/30895\/revisions"}],"wp:featuredmedia":[{"embeddable":true,"href":"https:\/\/cheveuxluxe.com\/index.php\/wp-json\/wp\/v2\/media\/22312"}],"wp:attachment":[{"href":"https:\/\/cheveuxluxe.com\/index.php\/wp-json\/wp\/v2\/media?parent=30895"}],"wp:term":[{"taxonomy":"pwb-brand","embeddable":true,"href":"https:\/\/cheveuxluxe.com\/index.php\/wp-json\/wp\/v2\/pwb-brand?post=30895"},{"taxonomy":"product_cat","embeddable":true,"href":"https:\/\/cheveuxluxe.com\/index.php\/wp-json\/wp\/v2\/product_cat?post=30895"},{"taxonomy":"product_tag","embeddable":true,"href":"https:\/\/cheveuxluxe.com\/index.php\/wp-json\/wp\/v2\/product_tag?post=30895"}],"curies":[{"name":"wp","href":"https:\/\/api.w.org\/{rel}","templated":true}]}}