{"id":30899,"date":"2024-04-09T23:01:32","date_gmt":"2024-04-09T23:01:32","guid":{"rendered":"https:\/\/cheveuxluxe.com\/index.php\/product\/schwarzkopf-ns-creative-gel\/"},"modified":"2024-04-13T14:15:38","modified_gmt":"2024-04-13T14:15:38","slug":"schwarzkopf-ns-creative-gel","status":"publish","type":"product","link":"https:\/\/cheveuxluxe.com\/index.php\/product\/schwarzkopf-ns-creative-gel\/","title":{"rendered":"Schwarzkopf NS Creative Gel"},"content":{"rendered":"<div class=\"product-content_bottom\">\n<div class=\"pdp-info\">\n<div class=\"pdp-tabs tab-container\">\n<div class=\"tab js-tab\">\n<h3 class=\"tab-title pdp-tabs_title js-tab-mobile-title open\"><span>Points cl\u00e9s<\/span><\/h3>\n<div class=\"tab-description pdp-tabs_description js-tab-description open\" itemprop=\"description\">\n<ul>\n<li>Creative Gel 1 pour cheveux normaux<\/li>\n<li>Une consistance de gel con\u00e7ue pour un effet et un soutien partiel du style, un lifting des racines ou un rafra\u00eechissement de la repousse pour permettre une individualisation totale du style<\/li>\n<li>Contient de l&rsquo;aloe vera pour maintenir l&rsquo;\u00e9quilibre naturel de l&rsquo;hydratation des cheveux<\/li>\n<li>Pour un usage professionnel uniquement<\/li>\n<\/ul>\n<\/div>\n<\/div>\n<div class=\"tab js-tab\">\n<h3 class=\"tab-title pdp-tabs_title js-tab-mobile-title\"><span>Description<\/span><\/h3>\n<div class=\"tab-description pdp-tabs_description js-tab-description\" itemprop=\"description\">Contient de l&rsquo;Aloe Vera pour maintenir l&rsquo;\u00e9quilibre d&rsquo;hydratation naturel des cheveux.<br \/>Volume et corps pour des possibilit\u00e9s de coiffure illimit\u00e9es. Avec des acides<br \/>amin\u00e9s, en totale affinit\u00e9 avec le cheveu.<\/div>\n<\/div>\n<div class=\"tab js-tab\">\n<h3 class=\"tab-title pdp-tabs_title js-tab-mobile-title\"><span>Mode d&#8217;emploi<\/span><\/h3>\n<div class=\"tab-description pdp-tabs_description js-tab-description\">1. Diagnostic\u00a0: examiner la qualit\u00e9 des cheveux et s\u00e9lectionner le gel ad\u00e9quat.<br \/>2. Pr\u00e9paration\u00a0: laver les cheveux sans frotter le cuir chevelu \u2013 Recommandation\u00a0: utiliser le BC Deep Cleansing Shampoo pour cheveux normaux.<br \/>Utiliser le Shampooing BC Repair Rescue pour cheveux l\u00e9g\u00e8rement poreux &amp; poreux. \u00c9galiser si besoin la structure capillaire poreuse en appliquant l&rsquo;un des sprays pr\u00e9-permanente Natural<br \/>Styling sur les longueurs et les pointes avant l&rsquo;enroulage, r\u00e9partir au peigne, ne pas rincer.<br \/>Mise en forme au fer chaud\u00a0: s\u00e9cher les cheveux \u00e0 la serviette avant d&rsquo;appliquer le gel.<br \/>D\u00e9collement des racines et repousse\u00a0: s\u00e9cher les cheveux \u00e0 la serviette avant l&rsquo;enroulage.<br \/>3. Techniques de coiffage et de support\u00a0: mise en forme au fer chaud<br \/>Mise en forme int\u00e9grale et partielle pour un mouvement naturel extr\u00eamement doux ou un support de coiffage l\u00e9ger.<br \/>\u00c9tape 1. Forme &amp; application\u00a0: peigner selon la coiffure d\u00e9sir\u00e9e. S\u00e9parer et entourer les parties \u00e0 traiter avec du coton. Appliquer la cr\u00e8me de protection du visage IGORA sur le pourtour du visage. Appliquer le gel sur toute la longueur des cheveux en couvrant toutes les m\u00e8ches de cheveux incluses dans cette partie de la chevelure.<br \/>\u00c9tape 2. Temps de pose\u00a0: cheveux normaux \u00e0 l\u00e9g\u00e8rement poreux\u00a0: de 15 \u00e0 20 min sans apport thermique, de 5 \u00e0 10 min avec un bonnet en plastique et un apport thermique 45\u00b0. Cheveux m\u00e9ch\u00e9s jusqu&rsquo;\u00e0 30 %\u00a0: de 10 \u00e0 15\u00a0min sans apport thermique. Ne pas apporter de chaleur. Ne pas exc\u00e9der le temps de pose maximal recommand\u00e9. Aucun contr\u00f4le de frisure n\u00e9cessaire.<br \/>\u00c9tape 3. S\u00e9chage &amp; fer chaud\u00a0: rincer soigneusement le gel \u00e0 l&rsquo;eau chaude afin de l&rsquo;\u00e9liminer de chaque partie de la chevelure. En utilisant un s\u00e8che-cheveux basse temp\u00e9rature, recoiffer approximativement les cheveux jusqu&rsquo;\u00e0 ce qu&rsquo;ils soient secs \u00e0 100%. \u00c0 pr\u00e9sent, coiffer la zone trait\u00e9e m\u00e8che par m\u00e8che avec le fer \u00e0 boucler chaud et fixer les boucles cr\u00e9\u00e9es \u00e0 l&rsquo;aide d&rsquo;une barrette en plastique.<\/div>\n<\/div>\n<div class=\"tab js-tab\">\n<h3 class=\"tab-title pdp-tabs_title js-tab-mobile-title\"><span>Ingr\u00e9dients<\/span><\/h3>\n<div class=\"tab-description pdp-tabs_description js-tab-description\">Aqua, Ammonium Thioglycolate, Ammonium Bicarbonate, PPG-1-PEG-9 Lauryl Glycol Ether, Hydroxyethylcellulose, Ammonium Hydroxide, Parfum, Disodium Cocoyl Glutamate, Propylene Glycol, Etidronic Acid, Serine, Glycine, Sodium Chloride, Isopropyl Alcohol, Aloe Barbadensis Leaf Extract<\/div>\n<\/div>\n<div class=\"tab js-tab\">\n<h3 class=\"tab-title pdp-tabs_title js-tab-mobile-title\"><span>Livraison et stock<\/span><\/h3>\n<div class=\"tab-description pdp-tabs_description js-tab-description\">\n<div class=\"pdp-delivery_info\">\n<div class=\"content-asset\">Livraison et d\u00e9laisRetours et remboursements<\/div>\n<\/div>\n<\/div>\n<\/div>\n<div class=\"tab js-tab\">\n<h3 class=\"tab-title pdp-tabs_title js-tab-mobile-title\"><span>Pr\u00e9cautions d&#8217;emploi<\/span><\/h3>\n<div class=\"tab-description pdp-tabs_description js-tab-description\">Contient du thioglycolate. \u00c9viter tout contact avec les yeux. En cas de contact du produit avec les yeux, rincer imm\u00e9diatement avec beaucoup<br \/>d&rsquo;eau et consulter un m\u00e9decin. Porter des gants appropri\u00e9s. Suivre les instructions. Tenir hors de port\u00e9e des enfants. R\u00e9serv\u00e9 aux professionnels.<\/div>\n<\/div>\n<\/div>\n<\/div>\n<\/div>\n","protected":false},"excerpt":{"rendered":"<p>Points cl\u00e9s Creative Gel 1 pour cheveux normaux Une consistance de gel con\u00e7ue pour un&hellip;<\/p>\n","protected":false},"featured_media":20017,"comment_status":"open","ping_status":"closed","template":"","meta":[],"pwb-brand":[646],"product_cat":[601],"product_tag":[319,127,156],"class_list":{"0":"post-30899","1":"product","2":"type-product","3":"status-publish","4":"has-post-thumbnail","6":"pwb-brand-schwarzkopf-professional","7":"product_cat-traitements-boucles-lissages","8":"product_tag-schwarzkopf-professional","9":"product_tag-shampooing-et-coiffure","10":"product_tag-traitements-boucles-lissages","12":"first","13":"instock","14":"taxable","15":"shipping-taxable","16":"purchasable","17":"product-type-simple","18":"layout-style-3","19":"col-md-4 col-sm-4 col-xs-6","20":"col-lg-3","21":"product-style-default"},"aioseo_notices":[],"brands":[{"id":646,"name":"Schwarzkopf Professional","slug":"schwarzkopf-professional"}],"_links":{"self":[{"href":"https:\/\/cheveuxluxe.com\/index.php\/wp-json\/wp\/v2\/product\/30899","targetHints":{"allow":["GET"]}}],"collection":[{"href":"https:\/\/cheveuxluxe.com\/index.php\/wp-json\/wp\/v2\/product"}],"about":[{"href":"https:\/\/cheveuxluxe.com\/index.php\/wp-json\/wp\/v2\/types\/product"}],"replies":[{"embeddable":true,"href":"https:\/\/cheveuxluxe.com\/index.php\/wp-json\/wp\/v2\/comments?post=30899"}],"version-history":[{"count":0,"href":"https:\/\/cheveuxluxe.com\/index.php\/wp-json\/wp\/v2\/product\/30899\/revisions"}],"wp:featuredmedia":[{"embeddable":true,"href":"https:\/\/cheveuxluxe.com\/index.php\/wp-json\/wp\/v2\/media\/20017"}],"wp:attachment":[{"href":"https:\/\/cheveuxluxe.com\/index.php\/wp-json\/wp\/v2\/media?parent=30899"}],"wp:term":[{"taxonomy":"pwb-brand","embeddable":true,"href":"https:\/\/cheveuxluxe.com\/index.php\/wp-json\/wp\/v2\/pwb-brand?post=30899"},{"taxonomy":"product_cat","embeddable":true,"href":"https:\/\/cheveuxluxe.com\/index.php\/wp-json\/wp\/v2\/product_cat?post=30899"},{"taxonomy":"product_tag","embeddable":true,"href":"https:\/\/cheveuxluxe.com\/index.php\/wp-json\/wp\/v2\/product_tag?post=30899"}],"curies":[{"name":"wp","href":"https:\/\/api.w.org\/{rel}","templated":true}]}}