{"id":30901,"date":"2024-04-09T23:01:32","date_gmt":"2024-04-09T23:01:32","guid":{"rendered":"https:\/\/cheveuxluxe.com\/index.php\/product\/vitalitys-sonice-perm-solution-ondulante-250ml\/"},"modified":"2024-04-13T14:15:33","modified_gmt":"2024-04-13T14:15:33","slug":"vitalitys-sonice-perm-solution-ondulante-250ml","status":"publish","type":"product","link":"https:\/\/cheveuxluxe.com\/index.php\/product\/vitalitys-sonice-perm-solution-ondulante-250ml\/","title":{"rendered":"Vitality&rsquo;s SoNice Perm Solution Ondulante 250ml"},"content":{"rendered":"<div class=\"product-content_bottom\">\n<div class=\"pdp-info\">\n<div class=\"pdp-tabs tab-container\">\n<div class=\"tab js-tab\">\n<h3 class=\"tab-title pdp-tabs_title js-tab-mobile-title open\"><span>Points cl\u00e9s<\/span><\/h3>\n<div class=\"tab-description pdp-tabs_description js-tab-description open\" itemprop=\"description\">\n<ul>\n<li> Lotion Permanente<\/li>\n<li>Boucles \u00e9lastiques <\/li>\n<li>R\u00e9sultat naturel <\/li>\n<li>Extrait de plantes <\/li>\n<\/ul>\n<\/div>\n<\/div>\n<div class=\"tab js-tab\">\n<h3 class=\"tab-title pdp-tabs_title js-tab-mobile-title\"><span>Description<\/span><\/h3>\n<div class=\"tab-description pdp-tabs_description js-tab-description\" itemprop=\"description\">Le secret de So Nice pour des boucles souples et naturelles ? Sa formulation enrichie en alth\u00e9a officinalis, une plante reconnue pour ses propri\u00e9t\u00e9s \u00e9mollientes. So Nice Natural Perm b\u00e9n\u00e9ficie \u00e9galement du Silk Complex, une technologie innovante \u00e0 base de soie qui apporte force et r\u00e9sistance \u00e0 la fibre capillaire, tout en restructurant l\u2019\u00e9quilibre naturel des cheveux.Pourquoi choisir So Nice ? Cette gamme \u00e0 base de bicarbonate affiche un pH id\u00e9al pour le cuir chevelu, et contient des prot\u00e9ines de bl\u00e9s et des polym\u00e8res conditionnants. Avec ce syst\u00e8me ondulant sign\u00e9 Vitality\u2019s\u00ae, les cheveux sont prot\u00e9g\u00e9s pendant l\u2019application, pour un r\u00e9sultat digne des plus grands salons.So Nice Natural Perm est disponible en trois forces : 0 s, pour les cheveux robustes, 1 n pour les cheveux naturels, et 2 s pour les cheveux trait\u00e9s.<\/div>\n<\/div>\n<div class=\"tab js-tab\">\n<h3 class=\"tab-title pdp-tabs_title js-tab-mobile-title\"><span>Mode d&#8217;emploi<\/span><\/h3>\n<div class=\"tab-description pdp-tabs_description js-tab-description\">Cette solution ondulante s\u2019utilise avec le neutralisant Natural Fix de la gamme So Nice. S\u00e9parez les cheveux en m\u00e8ches, avant de les enrouler autour de bigoudis de la taille des boucles que vous souhaitez r\u00e9aliser. Laissez reposer, avant d\u2019appliquer le neutralisant.<\/div>\n<\/div>\n<div class=\"tab js-tab\">\n<h3 class=\"tab-title pdp-tabs_title js-tab-mobile-title\"><span>Ingr\u00e9dients<\/span><\/h3>\n<div class=\"tab-description pdp-tabs_description js-tab-description\">AQUA (WATER)\ufffd AMMONIUM THIOGLYCOLATE\ufffd AMMONIUM BICARBONATE\ufffd POLYSORBATE 20\ufffd ETHANOLAMINE\ufffd POLYQUATERNIUM-28\ufffd COCAMIDOPROPYL BETAINE\ufffd SODIUM COCOYL HYDROLYZED WHEAT PROTEIN\ufffd AMMONIA\ufffd GLYCERIN\ufffd SILK AMINOACIDS\ufffd ALTHAEA OFFICINALIS ROOT EXTRACT\ufffd EDTA\ufffd STYRENE\/VP COPOLYMER\ufffd SODIUM CHLORIDE\ufffd COUMARIN\ufffd GERANIOL\ufffd LIMONENE\ufffd LINALOOL\ufffd ALPHA-ISOMETHYL IONONE\ufffd CITRONELLOL\ufffd PARFUM (FRAGRANCE).<\/div>\n<\/div>\n<div class=\"tab js-tab\">\n<h3 class=\"tab-title pdp-tabs_title js-tab-mobile-title\"><span>Livraison et stock<\/span><\/h3>\n<div class=\"tab-description pdp-tabs_description js-tab-description\">\n<div class=\"pdp-delivery_info\">\n<div class=\"content-asset\">Livraison et d\u00e9laisRetours et remboursements<\/div>\n<\/div>\n<\/div>\n<\/div>\n<\/div>\n<\/div>\n<\/div>\n","protected":false},"excerpt":{"rendered":"<p>Points cl\u00e9s Lotion Permanente Boucles \u00e9lastiques R\u00e9sultat naturel Extrait de plantes Description Le secret de&hellip;<\/p>\n","protected":false},"featured_media":18478,"comment_status":"open","ping_status":"closed","template":"","meta":[],"pwb-brand":[651],"product_cat":[601],"product_tag":[127,156,333],"class_list":{"0":"post-30901","1":"product","2":"type-product","3":"status-publish","4":"has-post-thumbnail","6":"pwb-brand-vitalitys","7":"product_cat-traitements-boucles-lissages","8":"product_tag-shampooing-et-coiffure","9":"product_tag-traitements-boucles-lissages","10":"product_tag-vitalitys","12":"first","13":"instock","14":"taxable","15":"shipping-taxable","16":"purchasable","17":"product-type-simple","18":"layout-style-3","19":"col-md-4 col-sm-4 col-xs-6","20":"col-lg-3","21":"product-style-default"},"aioseo_notices":[],"brands":[{"id":651,"name":"Vitality's","slug":"vitalitys"}],"_links":{"self":[{"href":"https:\/\/cheveuxluxe.com\/index.php\/wp-json\/wp\/v2\/product\/30901","targetHints":{"allow":["GET"]}}],"collection":[{"href":"https:\/\/cheveuxluxe.com\/index.php\/wp-json\/wp\/v2\/product"}],"about":[{"href":"https:\/\/cheveuxluxe.com\/index.php\/wp-json\/wp\/v2\/types\/product"}],"replies":[{"embeddable":true,"href":"https:\/\/cheveuxluxe.com\/index.php\/wp-json\/wp\/v2\/comments?post=30901"}],"version-history":[{"count":0,"href":"https:\/\/cheveuxluxe.com\/index.php\/wp-json\/wp\/v2\/product\/30901\/revisions"}],"wp:featuredmedia":[{"embeddable":true,"href":"https:\/\/cheveuxluxe.com\/index.php\/wp-json\/wp\/v2\/media\/18478"}],"wp:attachment":[{"href":"https:\/\/cheveuxluxe.com\/index.php\/wp-json\/wp\/v2\/media?parent=30901"}],"wp:term":[{"taxonomy":"pwb-brand","embeddable":true,"href":"https:\/\/cheveuxluxe.com\/index.php\/wp-json\/wp\/v2\/pwb-brand?post=30901"},{"taxonomy":"product_cat","embeddable":true,"href":"https:\/\/cheveuxluxe.com\/index.php\/wp-json\/wp\/v2\/product_cat?post=30901"},{"taxonomy":"product_tag","embeddable":true,"href":"https:\/\/cheveuxluxe.com\/index.php\/wp-json\/wp\/v2\/product_tag?post=30901"}],"curies":[{"name":"wp","href":"https:\/\/api.w.org\/{rel}","templated":true}]}}