{"id":30902,"date":"2024-04-09T23:01:33","date_gmt":"2024-04-09T23:01:33","guid":{"rendered":"https:\/\/cheveuxluxe.com\/index.php\/product\/wella-professionals-creatine-curl-n-75ml\/"},"modified":"2024-04-13T14:15:28","modified_gmt":"2024-04-13T14:15:28","slug":"wella-professionals-creatine-curl-n-75ml","status":"publish","type":"product","link":"https:\/\/cheveuxluxe.com\/index.php\/product\/wella-professionals-creatine-curl-n-75ml\/","title":{"rendered":"Wella Professionals Creatine+ Curl N 75ml"},"content":{"rendered":"<div class=\"product-content_bottom\">\n<div class=\"pdp-info\">\n<div class=\"pdp-tabs tab-container\">\n<div class=\"tab js-tab\">\n<h3 class=\"tab-title pdp-tabs_title js-tab-mobile-title open\"><span>Points cl\u00e9s<\/span><\/h3>\n<div class=\"tab-description pdp-tabs_description js-tab-description open\" itemprop=\"description\">\n<ul>\n<li>R\u00e9ducteur pour service de permanente &#8211; cheveux naturels (fins \u00e0 \u00e9pais\/r\u00e9sistants)<\/li>\n<li>Pour des boucles rebondies<\/li>\n<\/ul>\n<\/div>\n<\/div>\n<div class=\"tab js-tab\">\n<h3 class=\"tab-title pdp-tabs_title js-tab-mobile-title\"><span>Description<\/span><\/h3>\n<div class=\"tab-description pdp-tabs_description js-tab-description\" itemprop=\"description\">Pour des boucles rebondies longue dur\u00e9e au toucher comme au visuel. Avec le complexe Creatine+ : une combinaison unique d&rsquo;agents de soin pour des cheveux ultra-soyeux. Con\u00e7u pour travailler en parfaite harmonie avec les produits WELLAPLEX, pour une qualit\u00e9 de cheveu sup\u00e9rieure et des cheveux plus forts.<\/div>\n<\/div>\n<div class=\"tab js-tab\">\n<h3 class=\"tab-title pdp-tabs_title js-tab-mobile-title\"><span>Mode d&#8217;emploi<\/span><\/h3>\n<div class=\"tab-description pdp-tabs_description js-tab-description\">TEMPS DE POSE :<br \/>Sans chaleur 5 \u00e0 15 minutes<\/div>\n<\/div>\n<div class=\"tab js-tab\">\n<h3 class=\"tab-title pdp-tabs_title js-tab-mobile-title\"><span>Ingr\u00e9dients<\/span><\/h3>\n<div class=\"tab-description pdp-tabs_description js-tab-description\">Aqua, Water, Eau, Ammonium Thioglycolate, Ammonium Bicarbonate, Urea, Butylene Glycol, Coceth-10, Ethoxydiglycol, Peg-35 Castor Oil, Propylene Glycol, Creatine, Fragrance, Parfum, Panthenol, Ammonia, Polyquaternium-6, Geraniol, Citronellol, Farnesol, Hydrolyzed Silk, Phenoxyethanol, Potassium Sorbate, Sodium Methylparaben, Disodium EDTA, Methylparaben, Ethylparaben, Butylparaben, Propylparaben<\/div>\n<\/div>\n<div class=\"tab js-tab\">\n<h3 class=\"tab-title pdp-tabs_title js-tab-mobile-title\"><span>Livraison et stock<\/span><\/h3>\n<div class=\"tab-description pdp-tabs_description js-tab-description\">\n<div class=\"pdp-delivery_info\">\n<div class=\"content-asset\">Livraison et d\u00e9laisRetours et remboursements<\/div>\n<\/div>\n<\/div>\n<\/div>\n<div class=\"tab js-tab\">\n<h3 class=\"tab-title pdp-tabs_title js-tab-mobile-title\"><span>Pr\u00e9cautions d&#8217;emploi<\/span><\/h3>\n<div class=\"tab-description pdp-tabs_description js-tab-description\">Produit Professionnel applicable uniquement dans le respect total des conditions d\u2019emplois sp\u00e9cifi\u00e9es.<\/div>\n<\/div>\n<\/div>\n<\/div>\n<\/div>\n","protected":false},"excerpt":{"rendered":"<p>Points cl\u00e9s R\u00e9ducteur pour service de permanente &#8211; cheveux naturels (fins \u00e0 \u00e9pais\/r\u00e9sistants) Pour des&hellip;<\/p>\n","protected":false},"featured_media":18931,"comment_status":"open","ping_status":"closed","template":"","meta":[],"pwb-brand":[648],"product_cat":[601],"product_tag":[127,156,323],"class_list":{"0":"post-30902","1":"product","2":"type-product","3":"status-publish","4":"has-post-thumbnail","6":"pwb-brand-wella-professionals","7":"product_cat-traitements-boucles-lissages","8":"product_tag-shampooing-et-coiffure","9":"product_tag-traitements-boucles-lissages","10":"product_tag-wella-professionals","12":"first","13":"instock","14":"taxable","15":"shipping-taxable","16":"purchasable","17":"product-type-simple","18":"layout-style-3","19":"col-md-4 col-sm-4 col-xs-6","20":"col-lg-3","21":"product-has-gallery","22":"product-style-default"},"aioseo_notices":[],"brands":[{"id":648,"name":"Wella Professionals","slug":"wella-professionals"}],"_links":{"self":[{"href":"https:\/\/cheveuxluxe.com\/index.php\/wp-json\/wp\/v2\/product\/30902","targetHints":{"allow":["GET"]}}],"collection":[{"href":"https:\/\/cheveuxluxe.com\/index.php\/wp-json\/wp\/v2\/product"}],"about":[{"href":"https:\/\/cheveuxluxe.com\/index.php\/wp-json\/wp\/v2\/types\/product"}],"replies":[{"embeddable":true,"href":"https:\/\/cheveuxluxe.com\/index.php\/wp-json\/wp\/v2\/comments?post=30902"}],"version-history":[{"count":0,"href":"https:\/\/cheveuxluxe.com\/index.php\/wp-json\/wp\/v2\/product\/30902\/revisions"}],"wp:featuredmedia":[{"embeddable":true,"href":"https:\/\/cheveuxluxe.com\/index.php\/wp-json\/wp\/v2\/media\/18931"}],"wp:attachment":[{"href":"https:\/\/cheveuxluxe.com\/index.php\/wp-json\/wp\/v2\/media?parent=30902"}],"wp:term":[{"taxonomy":"pwb-brand","embeddable":true,"href":"https:\/\/cheveuxluxe.com\/index.php\/wp-json\/wp\/v2\/pwb-brand?post=30902"},{"taxonomy":"product_cat","embeddable":true,"href":"https:\/\/cheveuxluxe.com\/index.php\/wp-json\/wp\/v2\/product_cat?post=30902"},{"taxonomy":"product_tag","embeddable":true,"href":"https:\/\/cheveuxluxe.com\/index.php\/wp-json\/wp\/v2\/product_tag?post=30902"}],"curies":[{"name":"wp","href":"https:\/\/api.w.org\/{rel}","templated":true}]}}