{"id":30903,"date":"2024-04-09T23:01:33","date_gmt":"2024-04-09T23:01:33","guid":{"rendered":"https:\/\/cheveuxluxe.com\/index.php\/product\/osmo-protecteur-et-tonifiant-violet-stylisant-silverising-125ml\/"},"modified":"2024-04-13T14:27:20","modified_gmt":"2024-04-13T14:27:20","slug":"osmo-protecteur-et-tonifiant-violet-stylisant-silverising-125ml","status":"publish","type":"product","link":"https:\/\/cheveuxluxe.com\/index.php\/product\/osmo-protecteur-et-tonifiant-violet-stylisant-silverising-125ml\/","title":{"rendered":"Osmo Protecteur et Tonifiant Violet Stylisant Silverising 125ml"},"content":{"rendered":"<div class=\"product-content_bottom\">\n<div class=\"pdp-info\">\n<div class=\"pdp-tabs tab-container\">\n<div class=\"tab js-tab\">\n<h3 class=\"tab-title pdp-tabs_title js-tab-mobile-title open\"><span>Points cl\u00e9s<\/span><\/h3>\n<div class=\"tab-description pdp-tabs_description js-tab-description open\" itemprop=\"description\">\n<ul>\n<li>Spray coiffant et tonifiant sans rin\u00e7age<\/li>\n<li>Pour les cheveux blonds et m\u00e9ch\u00e9s<\/li>\n<li>Infus\u00e9 avec des toniques violets<\/li>\n<li>Prot\u00e8ge contre les tons cuivr\u00e9s et jaunes<\/li>\n<li>Enrichi en prot\u00e9ines de bl\u00e9 hydrolis\u00e9es pour aider \u00e0 r\u00e9duire la porosit\u00e9<\/li>\n<\/ul>\n<\/div>\n<\/div>\n<div class=\"tab js-tab\">\n<h3 class=\"tab-title pdp-tabs_title js-tab-mobile-title\"><span>Description<\/span><\/h3>\n<div class=\"tab-description pdp-tabs_description js-tab-description\" itemprop=\"description\">Un spray coiffant et tonifiant sans rin\u00e7age pour les cheveux blonds et m\u00e9ch\u00e9s. Les toniques violets prot\u00e8gent contre les dommages caus\u00e9s par la chaleur, tandis que les toniques violets prot\u00e8gent contre les cuivres ind\u00e9sirables et redonnent de l&rsquo;\u00e9clat.<\/p>\n<p>Id\u00e9al pour les personnes aux cheveux blonds, ce spray coiffant et tonifiant sans rin\u00e7age est infus\u00e9 de toniques violets pour prot\u00e9ger contre les tons cuivr\u00e9s et jaunes, tandis que les prot\u00e9ines de bl\u00e9 hydrolys\u00e9es aident \u00e0 r\u00e9duire la porosit\u00e9.<\/p><\/div>\n<\/div>\n<div class=\"tab js-tab\">\n<h3 class=\"tab-title pdp-tabs_title js-tab-mobile-title\"><span>Mode d&#8217;emploi<\/span><\/h3>\n<div class=\"tab-description pdp-tabs_description js-tab-description\">BIEN AGITER AVANT UTILISATION. Vaporisez uniform\u00e9ment sur les cheveux s\u00e9ch\u00e9s \u00e0 la serviette. Peignez et stylisez comme d&rsquo;habitude.<\/div>\n<\/div>\n<div class=\"tab js-tab\">\n<h3 class=\"tab-title pdp-tabs_title js-tab-mobile-title\"><span>Ingr\u00e9dients<\/span><\/h3>\n<div class=\"tab-description pdp-tabs_description js-tab-description\">Aqua (Water), Alcohol Denat. (Alcohol), Propylene Glycol, Polysorbate 20, Sodium Laneth-40 Maleate, Styrene Sulfonate Copolymer, Cocodimonium , Hydrolyzed Wheat Protein, Tocopherol Acetate, Limun Usitatissimum (Linseed) Oil, Benzophenone-3, Benzophenone-4, Rosa Centifolia Flower Extract, Parfum (Fragrance), Geraniol, Potassium Sorbate, Benzyl Salicylate, Sodium Benzoate, Amyl Cinnamal, Hexyl Cinnamal, Linalool, Limonene, Benzyl Benzoate, Triethylene Glycol, Phenoxyethanol, Mica, Ci 77891, Ci 60730<\/div>\n<\/div>\n<div class=\"tab js-tab\">\n<h3 class=\"tab-title pdp-tabs_title js-tab-mobile-title\"><span>Livraison et stock<\/span><\/h3>\n<div class=\"tab-description pdp-tabs_description js-tab-description\">\n<div class=\"pdp-delivery_info\">\n<div class=\"content-asset\">Livraison et d\u00e9laisRetours et remboursements<\/div>\n<\/div>\n<\/div>\n<\/div>\n<\/div>\n<\/div>\n<\/div>\n","protected":false},"excerpt":{"rendered":"<p>Points cl\u00e9s Spray coiffant et tonifiant sans rin\u00e7age Pour les cheveux blonds et m\u00e9ch\u00e9s Infus\u00e9&hellip;<\/p>\n","protected":false},"featured_media":15945,"comment_status":"open","ping_status":"closed","template":"","meta":[],"pwb-brand":[661],"product_cat":[617],"product_tag":[274,385,273],"class_list":{"0":"post-30903","1":"product","2":"type-product","3":"status-publish","4":"has-post-thumbnail","6":"pwb-brand-osmo","7":"product_cat-coiffure","8":"product_tag-coiffure","9":"product_tag-osmo","10":"product_tag-vegan","12":"first","13":"instock","14":"taxable","15":"shipping-taxable","16":"purchasable","17":"product-type-simple","18":"layout-style-3","19":"col-md-4 col-sm-4 col-xs-6","20":"col-lg-3","21":"product-style-default"},"aioseo_notices":[],"brands":[{"id":661,"name":"Osmo","slug":"osmo"}],"_links":{"self":[{"href":"https:\/\/cheveuxluxe.com\/index.php\/wp-json\/wp\/v2\/product\/30903","targetHints":{"allow":["GET"]}}],"collection":[{"href":"https:\/\/cheveuxluxe.com\/index.php\/wp-json\/wp\/v2\/product"}],"about":[{"href":"https:\/\/cheveuxluxe.com\/index.php\/wp-json\/wp\/v2\/types\/product"}],"replies":[{"embeddable":true,"href":"https:\/\/cheveuxluxe.com\/index.php\/wp-json\/wp\/v2\/comments?post=30903"}],"version-history":[{"count":0,"href":"https:\/\/cheveuxluxe.com\/index.php\/wp-json\/wp\/v2\/product\/30903\/revisions"}],"wp:featuredmedia":[{"embeddable":true,"href":"https:\/\/cheveuxluxe.com\/index.php\/wp-json\/wp\/v2\/media\/15945"}],"wp:attachment":[{"href":"https:\/\/cheveuxluxe.com\/index.php\/wp-json\/wp\/v2\/media?parent=30903"}],"wp:term":[{"taxonomy":"pwb-brand","embeddable":true,"href":"https:\/\/cheveuxluxe.com\/index.php\/wp-json\/wp\/v2\/pwb-brand?post=30903"},{"taxonomy":"product_cat","embeddable":true,"href":"https:\/\/cheveuxluxe.com\/index.php\/wp-json\/wp\/v2\/product_cat?post=30903"},{"taxonomy":"product_tag","embeddable":true,"href":"https:\/\/cheveuxluxe.com\/index.php\/wp-json\/wp\/v2\/product_tag?post=30903"}],"curies":[{"name":"wp","href":"https:\/\/api.w.org\/{rel}","templated":true}]}}