{"id":30904,"date":"2024-04-09T23:01:34","date_gmt":"2024-04-09T23:01:34","guid":{"rendered":"https:\/\/cheveuxluxe.com\/index.php\/product\/vitalitys-sonice-neutralisant-1l\/"},"modified":"2024-04-13T14:15:34","modified_gmt":"2024-04-13T14:15:34","slug":"vitalitys-sonice-neutralisant-1l","status":"publish","type":"product","link":"https:\/\/cheveuxluxe.com\/index.php\/product\/vitalitys-sonice-neutralisant-1l\/","title":{"rendered":"Vitality&rsquo;s SoNice Neutralisant 1L"},"content":{"rendered":"<div class=\"product-content_bottom\">\n<div class=\"pdp-info\">\n<div class=\"pdp-tabs tab-container\">\n<div class=\"tab js-tab\">\n<h3 class=\"tab-title pdp-tabs_title js-tab-mobile-title open\"><span>Points cl\u00e9s<\/span><\/h3>\n<div class=\"tab-description pdp-tabs_description js-tab-description open\" itemprop=\"description\">\n<ul>\n<li> Neutralisant<\/li>\n<li>D\u00e9m\u00eale<\/li>\n<li>Prot\u00e8ge <\/li>\n<li>Adoucit <\/li>\n<\/ul>\n<\/div>\n<\/div>\n<div class=\"tab js-tab\">\n<h3 class=\"tab-title pdp-tabs_title js-tab-mobile-title\"><span>Description<\/span><\/h3>\n<div class=\"tab-description pdp-tabs_description js-tab-description\" itemprop=\"description\">Le secret du syst\u00e8me So Nice ? Une formulation enrichie en extraits de soie, qui apporte douceur et brillance \u00e9clatante aux cheveux permanent\u00e9s. L\u2019autre point fort de cet agent naturel ? Il facilite le d\u00e9m\u00ealage des cheveux tout en limitant la casse de la fibre. Enrichi en prot\u00e9ines de bl\u00e9 et en extraits d\u2019Alth\u00e9a, le neutralisant So Nice adoucit les cheveux, neutralise les r\u00e9sidus de lotion de permanente et garantit une protection renforc\u00e9e contre les agressions ext\u00e9rieures.Ce syst\u00e8me ondulant Vitality\u2019s\u00ae n\u2019endommage pas les cheveux pendant l\u2019application : Gr\u00e2ce \u00e0 son complexe adoucissant et antioxydant, les cheveux restent soyeux et brillants.On aime : sa formulation sp\u00e9cifique qui \u00e9limine l\u2019odeur caract\u00e9ristique de la permanente, pour un usage agr\u00e9able au quotidien.<\/div>\n<\/div>\n<div class=\"tab js-tab\">\n<h3 class=\"tab-title pdp-tabs_title js-tab-mobile-title\"><span>Mode d&#8217;emploi<\/span><\/h3>\n<div class=\"tab-description pdp-tabs_description js-tab-description\">Ce produit neutralisant s\u2019utilise en association avec la lotion de permanente So Nice de Vitality\u2019s\u00ae.Choisissez des bigoudis de la taille des boucles d\u00e9sir\u00e9es, avant d\u2019enrouler vos m\u00e8ches. Appliquez la lotion de permanente puis laissez poser avant de terminer par le neutralisant.<\/div>\n<\/div>\n<div class=\"tab js-tab\">\n<h3 class=\"tab-title pdp-tabs_title js-tab-mobile-title\"><span>Ingr\u00e9dients<\/span><\/h3>\n<div class=\"tab-description pdp-tabs_description js-tab-description\">AQUA (WATER)\ufffd HYDROGEN PEROXIDE\ufffd COCAMIDOPROPYL BETAINE\ufffd SILK AMINOACIDS\ufffd ALTHAEA OFFICINALIS ROOT EXTRACT\ufffd POLYQUATERNIUM-7\ufffd CITRIC ACID\ufffd ACETANILID\ufffd STYRENE\/VP COPOLYMER\ufffd POLYSORBATE-20\ufffd LINALOOL\ufffd ALPHA-ISOMETHYL IONONE\ufffd PARFUM (FRAGRANCE).<\/div>\n<\/div>\n<div class=\"tab js-tab\">\n<h3 class=\"tab-title pdp-tabs_title js-tab-mobile-title\"><span>Livraison et stock<\/span><\/h3>\n<div class=\"tab-description pdp-tabs_description js-tab-description\">\n<div class=\"pdp-delivery_info\">\n<div class=\"content-asset\">Livraison et d\u00e9laisRetours et remboursements<\/div>\n<\/div>\n<\/div>\n<\/div>\n<\/div>\n<\/div>\n<\/div>\n","protected":false},"excerpt":{"rendered":"<p>Points cl\u00e9s Neutralisant D\u00e9m\u00eale Prot\u00e8ge Adoucit Description Le secret du syst\u00e8me So Nice ? Une&hellip;<\/p>\n","protected":false},"featured_media":20330,"comment_status":"open","ping_status":"closed","template":"","meta":[],"pwb-brand":[651],"product_cat":[601],"product_tag":[127,156,333],"class_list":{"0":"post-30904","1":"product","2":"type-product","3":"status-publish","4":"has-post-thumbnail","6":"pwb-brand-vitalitys","7":"product_cat-traitements-boucles-lissages","8":"product_tag-shampooing-et-coiffure","9":"product_tag-traitements-boucles-lissages","10":"product_tag-vitalitys","12":"first","13":"instock","14":"taxable","15":"shipping-taxable","16":"purchasable","17":"product-type-simple","18":"layout-style-3","19":"col-md-4 col-sm-4 col-xs-6","20":"col-lg-3","21":"product-style-default"},"aioseo_notices":[],"brands":[{"id":651,"name":"Vitality's","slug":"vitalitys"}],"_links":{"self":[{"href":"https:\/\/cheveuxluxe.com\/index.php\/wp-json\/wp\/v2\/product\/30904","targetHints":{"allow":["GET"]}}],"collection":[{"href":"https:\/\/cheveuxluxe.com\/index.php\/wp-json\/wp\/v2\/product"}],"about":[{"href":"https:\/\/cheveuxluxe.com\/index.php\/wp-json\/wp\/v2\/types\/product"}],"replies":[{"embeddable":true,"href":"https:\/\/cheveuxluxe.com\/index.php\/wp-json\/wp\/v2\/comments?post=30904"}],"version-history":[{"count":0,"href":"https:\/\/cheveuxluxe.com\/index.php\/wp-json\/wp\/v2\/product\/30904\/revisions"}],"wp:featuredmedia":[{"embeddable":true,"href":"https:\/\/cheveuxluxe.com\/index.php\/wp-json\/wp\/v2\/media\/20330"}],"wp:attachment":[{"href":"https:\/\/cheveuxluxe.com\/index.php\/wp-json\/wp\/v2\/media?parent=30904"}],"wp:term":[{"taxonomy":"pwb-brand","embeddable":true,"href":"https:\/\/cheveuxluxe.com\/index.php\/wp-json\/wp\/v2\/pwb-brand?post=30904"},{"taxonomy":"product_cat","embeddable":true,"href":"https:\/\/cheveuxluxe.com\/index.php\/wp-json\/wp\/v2\/product_cat?post=30904"},{"taxonomy":"product_tag","embeddable":true,"href":"https:\/\/cheveuxluxe.com\/index.php\/wp-json\/wp\/v2\/product_tag?post=30904"}],"curies":[{"name":"wp","href":"https:\/\/api.w.org\/{rel}","templated":true}]}}